{"id":3148,"date":"2024-02-20T14:01:57","date_gmt":"2024-02-20T17:01:57","guid":{"rendered":"https:\/\/www.ufmg.br\/sisu\/?page_id=3148"},"modified":"2024-10-08T13:25:51","modified_gmt":"2024-10-08T16:25:51","slug":"chamadas-da-lista-de-espera-e-antecipacoes-sisu-ufmg-2024","status":"publish","type":"page","link":"https:\/\/www.ufmg.br\/sisu\/chamadas-da-lista-de-espera-e-antecipacoes-sisu-ufmg-2024\/","title":{"rendered":"Lista de Espera &#8211; SISU\/UFMG 2024"},"content":{"rendered":"\n<p><a href=\"https:\/\/www.ufmg.br\/sisu\/17a-chamada-da-lista-de-espera-do-sisu-ufmg-2024\/\" data-type=\"URL\" data-id=\"https:\/\/www.ufmg.br\/sisu\/17a-chamada-da-lista-de-espera-do-sisu-ufmg-2024\/\" target=\"_blank\" rel=\"noreferrer noopener\">17\u00aa Chamada da Lista de Espera<\/a>.<\/p>\n\n\n\n<p><a rel=\"noreferrer noopener\" href=\"https:\/\/www.ufmg.br\/sisu\/16a-chamada-da-lista-de-espera-do-sisu-ufmg-2024\/\" data-type=\"URL\" data-id=\"https:\/\/www.ufmg.br\/sisu\/16a-chamada-da-lista-de-espera-do-sisu-ufmg-2024\/\" target=\"_blank\">16\u00aa Chamada da Lista de Espera<\/a>.<\/p>\n\n\n\n<p><a rel=\"noreferrer noopener\" href=\"https:\/\/www.ufmg.br\/sisu\/15a-chamada-da-lista-de-espera-do-sisu-ufmg-2024\/\" data-type=\"URL\" data-id=\"https:\/\/www.ufmg.br\/sisu\/15a-chamada-da-lista-de-espera-do-sisu-ufmg-2024\/\" target=\"_blank\">15\u00aa Chamada da Lista de Espera<\/a>.<\/p>\n\n\n\n<p><a rel=\"noreferrer noopener\" href=\"https:\/\/www.ufmg.br\/sisu\/14a-chamada-da-lista-de-espera-do-sisu-ufmg-2024\/\" data-type=\"URL\" data-id=\"https:\/\/www.ufmg.br\/sisu\/14a-chamada-da-lista-de-espera-do-sisu-ufmg-2024\/\" target=\"_blank\">14\u00aa Chamada da Lista de Espera.<\/a><\/p>\n\n\n\n<p><a rel=\"noreferrer noopener\" href=\"https:\/\/www.ufmg.br\/sisu\/13a-chamada-da-lista-de-espera-do-sisu-ufmg-2024\/\" data-type=\"URL\" data-id=\"https:\/\/www.ufmg.br\/sisu\/13a-chamada-da-lista-de-espera-do-sisu-ufmg-2024\/\" target=\"_blank\">13\u00aa Chamada da Lista de Espera<\/a>.<\/p>\n\n\n\n<p><a rel=\"noreferrer noopener\" href=\"https:\/\/www.ufmg.br\/sisu\/12a-chamada-da-lista-de-espera-do-sisu-ufmg-2024\/\" data-type=\"URL\" data-id=\"https:\/\/www.ufmg.br\/sisu\/12a-chamada-da-lista-de-espera-do-sisu-ufmg-2024\/\" target=\"_blank\">12\u00aa Chamada da Lista de Espera<\/a>.<\/p>\n\n\n\n<p><a rel=\"noreferrer noopener\" href=\"https:\/\/www.ufmg.br\/sisu\/11a-chamada-da-lista-de-espera-do-sisu-ufmg-2024\/\" data-type=\"URL\" data-id=\"https:\/\/www.ufmg.br\/sisu\/11a-chamada-da-lista-de-espera-do-sisu-ufmg-2024\/\" target=\"_blank\">11\u00aa Chamada da Lista de Espera<\/a>.<\/p>\n\n\n\n<p><a rel=\"noreferrer noopener\" href=\"https:\/\/www.ufmg.br\/sisu\/10a-chamada-da-lista-de-espera-do-sisu-ufmg-2024\/\" data-type=\"URL\" data-id=\"https:\/\/www.ufmg.br\/sisu\/10a-chamada-da-lista-de-espera-do-sisu-ufmg-2024\/\" target=\"_blank\">10\u00aa Chamada da Lista de Espera<\/a>.<\/p>\n\n\n\n<p><a href=\"https:\/\/www.ufmg.br\/sisu\/9a-chamada-da-lista-de-espera-do-sisu-ufmg-2024\/\" data-type=\"URL\" data-id=\"https:\/\/www.ufmg.br\/sisu\/9a-chamada-da-lista-de-espera-do-sisu-ufmg-2024\/\">9\u00aa Chamada da Lista de Espera.<\/a><\/p>\n\n\n\n<p><a rel=\"noreferrer noopener\" href=\"https:\/\/www.ufmg.br\/sisu\/8a-chamada-da-lista-de-espera-do-sisu-ufmg-2024\/\" data-type=\"URL\" data-id=\"https:\/\/www.ufmg.br\/sisu\/8a-chamada-da-lista-de-espera-do-sisu-ufmg-2024\/\" target=\"_blank\">8\u00aa Chamada da Lista de Espera<\/a>.<\/p>\n\n\n\n<p><a rel=\"noreferrer noopener\" href=\"https:\/\/www.ufmg.br\/sisu\/selecionados-a-partir-do-oficio-no-949-2024-sesu-mec-2a-entrada\/\" data-type=\"URL\" data-id=\"https:\/\/www.ufmg.br\/sisu\/selecionados-a-partir-do-oficio-no-949-2024-sesu-mec-2a-entrada\/\" target=\"_blank\">Selecionados a partir do Of\u00edcio N\u00ba 949\/2024 SESu\/MEC &#8211; 2\u00aa Entrada<\/a>.<\/p>\n\n\n\n<p><a href=\"https:\/\/www.ufmg.br\/sisu\/2a-entrada-2\/\" data-type=\"URL\" data-id=\"https:\/\/www.ufmg.br\/sisu\/2a-entrada-2\/\" target=\"_blank\" rel=\"noreferrer noopener\">2\u00aa Entrada<\/a>.<\/p>\n\n\n\n<p><a rel=\"noreferrer noopener\" href=\"https:\/\/www.ufmg.br\/sisu\/7a-chamada-da-lista-de-espera-do-sisu-ufmg-2024\/\" data-type=\"URL\" data-id=\"https:\/\/www.ufmg.br\/sisu\/7a-chamada-da-lista-de-espera-do-sisu-ufmg-2024\/\" target=\"_blank\">7\u00aa Chamada da Lista de Espera<\/a>.<\/p>\n\n\n\n<p><a href=\"https:\/\/www.ufmg.br\/sisu\/aditivo-ao-processo-seletivo-sisu-ufmg-2024-oficio-no-949-2024-sesu-mec\/\">Selecionados a partir do Of\u00edcio N\u00ba 949\/2024 SESu\/MEC<\/a>.<\/p>\n\n\n\n<p><a rel=\"noreferrer noopener\" href=\"https:\/\/www.ufmg.br\/sisu\/6a-chamada-da-lista-de-espera-do-sisu-ufmg-2024\/\" data-type=\"URL\" data-id=\"https:\/\/www.ufmg.br\/sisu\/6a-chamada-da-lista-de-espera-do-sisu-ufmg-2024\/\" target=\"_blank\">6\u00aa Chamada da Lista de Espera<\/a>.<\/p>\n\n\n\n<p><a href=\"https:\/\/www.ufmg.br\/sisu\/5a-chamada-da-lista-de-espera-do-sisu-ufmg-2024\/\">5\u00aa Chamada da Lista de Espera<\/a>.<\/p>\n\n\n\n<p><a rel=\"noreferrer noopener\" href=\"https:\/\/www.ufmg.br\/sisu\/4a-chamada-da-lista-de-espera-e-4a-antecipacao-de-entrada-do-sisu-ufmg-2024\/\" data-type=\"URL\" data-id=\"https:\/\/www.ufmg.br\/sisu\/4a-chamada-da-lista-de-espera-e-4a-antecipacao-de-entrada-do-sisu-ufmg-2024\/\" target=\"_blank\">4\u00aa Chamada da Lista de Espera e 4\u00aa Antecipa\u00e7\u00e3o de Entrada<\/a>.<\/p>\n\n\n\n<p><a rel=\"noreferrer noopener\" href=\"https:\/\/www.ufmg.br\/sisu\/3a-chamada-da-lista-de-espera-e-3a-antecipacao-de-entrada-do-sisu-ufmg-2024\/\" data-type=\"URL\" data-id=\"https:\/\/www.ufmg.br\/sisu\/3a-chamada-da-lista-de-espera-e-3a-antecipacao-de-entrada-do-sisu-ufmg-2024\/\" target=\"_blank\">3\u00aa Chamada da Lista de Espera e 3\u00aa Antecipa\u00e7\u00e3o de Entrada<\/a>.<\/p>\n\n\n\n<p><a rel=\"noreferrer noopener\" href=\"https:\/\/www.ufmg.br\/sisu\/2a-chamada-da-lista-de-espera-e-2a-antecipacao-de-entrada-do-sisu-ufmg-2024\/\" data-type=\"URL\" data-id=\"https:\/\/www.ufmg.br\/sisu\/2a-chamada-da-lista-de-espera-e-2a-antecipacao-de-entrada-do-sisu-ufmg-2024\/\" target=\"_blank\">2\u00aa Chamada da Lista de Espera e 2\u00aa Antecipa\u00e7\u00e3o de Entrada<\/a>.<\/p>\n\n\n\n<p><a href=\"https:\/\/www.ufmg.br\/sisu\/1a-chamada-da-lista-de-espera-e-1a-antecipacao-de-entrada-do-sisu-ufmg-2024\/\" data-type=\"URL\" data-id=\"https:\/\/www.ufmg.br\/sisu\/1a-chamada-da-lista-de-espera-e-1a-antecipacao-de-entrada-do-sisu-ufmg-2024\/\">1\u00aa Chamada da Lista de Espera e 1\u00aa Antecipa\u00e7\u00e3o de Entrada<\/a>.<\/p>\n\n\n\n<p><a href=\"https:\/\/www.ufmg.br\/sisu\/wp-content\/uploads\/2024\/03\/SISU-UFMG-2024-Posicao-na-Lista-de-Espera-APOS-Confirmacao-de-Interesse-DIVULGACAO.pdf\" data-type=\"URL\" data-id=\"https:\/\/www.ufmg.br\/sisu\/wp-content\/uploads\/2024\/03\/SISU-UFMG-2024-Posicao-na-Lista-de-Espera-APOS-Confirmacao-de-Interesse-DIVULGACAO.pdf\" target=\"_blank\" rel=\"noreferrer noopener\">Classifica\u00e7\u00e3o geral\/posi\u00e7\u00e3o de excedente ap\u00f3s confirma\u00e7\u00e3o de interesse em continuar participando da Lista de Espera<\/a>.<\/p>\n\n\n\n<p><a href=\"https:\/\/www.ufmg.br\/sisu\/wp-content\/uploads\/2024\/03\/SISU-UFMG-2024-Quilombola-Posicao-na-Lista-de-Espera-APOS-Confirmacao-de-Interesse-DIVULGACAO.pdf\" data-type=\"URL\" data-id=\"https:\/\/www.ufmg.br\/sisu\/wp-content\/uploads\/2024\/03\/SISU-UFMG-2024-Quilombola-Posicao-na-Lista-de-Espera-APOS-Confirmacao-de-Interesse-DIVULGACAO.pdf\" target=\"_blank\" rel=\"noreferrer noopener\">Classifica\u00e7\u00e3o geral\/posi\u00e7\u00e3o de excedente ap\u00f3s confirma\u00e7\u00e3o de interesse em continuar participando da Lista de Espera (Quilombolas)<\/a>.<\/p>\n\n\n\n<p><a rel=\"noreferrer noopener\" href=\"https:\/\/www.ufmg.br\/sisu\/wp-content\/uploads\/2024\/02\/SISU-UFMG-2024-Relacao-por-Classificacao-dos-Candidatos-na-Lista-de-Espera-DIVULGACAO-para-DRCA.pdf\" data-type=\"URL\" data-id=\"https:\/\/www.ufmg.br\/sisu\/wp-content\/uploads\/2024\/02\/SISU-UFMG-2024-Relacao-por-Classificacao-dos-Candidatos-na-Lista-de-Espera-DIVULGACAO-para-DRCA.pdf\" target=\"_blank\">Rela\u00e7\u00e3o de classificados da Lista de Espera &#8211; SiSU\/UFMG 2024<\/a>;<\/p>\n\n\n\n<p><a rel=\"noreferrer noopener\" href=\"https:\/\/www.ufmg.br\/sisu\/wp-content\/uploads\/2024\/02\/SISU-UFMG-2024-Quilombola-Relacao-por-Classificacao-dos-Candidatos-na-Lista-de-Espera-DIVULGACAO-para-DRCA.pdf\" data-type=\"URL\" data-id=\"https:\/\/www.ufmg.br\/sisu\/wp-content\/uploads\/2024\/02\/SISU-UFMG-2024-Quilombola-Relacao-por-Classificacao-dos-Candidatos-na-Lista-de-Espera-DIVULGACAO-para-DRCA.pdf\" target=\"_blank\">Rela\u00e7\u00e3o de classificados quilombolas da Lista de Espera &#8211; SiSU\/UFMG 2024<\/a>.<\/p>\n","protected":false},"excerpt":{"rendered":"<p>17\u00aa Chamada da Lista de Espera. 16\u00aa Chamada da Lista de Espera. 15\u00aa Chamada da Lista de Espera. 14\u00aa Chamada da Lista de Espera. 13\u00aa Chamada da Lista de Espera. 12\u00aa Chamada da Lista de Espera. 11\u00aa Chamada da Lista de Espera. 10\u00aa Chamada da Lista de Espera. 9\u00aa Chamada da Lista de Espera. 8\u00aa [&hellip;]<\/p>\n","protected":false},"author":4,"featured_media":0,"parent":0,"menu_order":0,"comment_status":"closed","ping_status":"closed","template":"","meta":[],"acf":[],"_links":{"self":[{"href":"https:\/\/www.ufmg.br\/sisu\/wp-json\/wp\/v2\/pages\/3148"}],"collection":[{"href":"https:\/\/www.ufmg.br\/sisu\/wp-json\/wp\/v2\/pages"}],"about":[{"href":"https:\/\/www.ufmg.br\/sisu\/wp-json\/wp\/v2\/types\/page"}],"author":[{"embeddable":true,"href":"https:\/\/www.ufmg.br\/sisu\/wp-json\/wp\/v2\/users\/4"}],"replies":[{"embeddable":true,"href":"https:\/\/www.ufmg.br\/sisu\/wp-json\/wp\/v2\/comments?post=3148"}],"version-history":[{"count":37,"href":"https:\/\/www.ufmg.br\/sisu\/wp-json\/wp\/v2\/pages\/3148\/revisions"}],"predecessor-version":[{"id":4198,"href":"https:\/\/www.ufmg.br\/sisu\/wp-json\/wp\/v2\/pages\/3148\/revisions\/4198"}],"wp:attachment":[{"href":"https:\/\/www.ufmg.br\/sisu\/wp-json\/wp\/v2\/media?parent=3148"}],"curies":[{"name":"wp","href":"https:\/\/api.w.org\/{rel}","templated":true}]}}