{"id":3267,"date":"2024-03-05T11:00:30","date_gmt":"2024-03-05T14:00:30","guid":{"rendered":"https:\/\/www.ufmg.br\/sisu\/?page_id=3267"},"modified":"2024-03-05T11:00:31","modified_gmt":"2024-03-05T14:00:31","slug":"escala-de-atendimento-dos-procedimentos-presenciais-4","status":"publish","type":"page","link":"https:\/\/www.ufmg.br\/sisu\/escala-de-atendimento-dos-procedimentos-presenciais-4\/","title":{"rendered":"Escala de atendimento dos procedimentos presenciais"},"content":{"rendered":"\n<h5>Aten\u00e7\u00e3o:<\/h5>\n\n\n\n<ul>\n<li><a href=\"https:\/\/www.ufmg.br\/sisu\/wp-content\/uploads\/2024\/03\/ESCALA-DE-ATENDIMENTO-PROCEDIMENTOS-PRESENCIAIS-2a-chamada-le-e-2a-ant.pdf\" data-type=\"URL\" data-id=\"https:\/\/www.ufmg.br\/sisu\/wp-content\/uploads\/2024\/03\/ESCALA-DE-ATENDIMENTO-PROCEDIMENTOS-PRESENCIAIS-2a-chamada-le-e-2a-ant.pdf\" target=\"_blank\" rel=\"noreferrer noopener\">Rela\u00e7\u00e3o dos candidatos convocados para os procedimentos presenciais<\/a>.<\/li>\n\n\n\n<li>Nos termos do item 8.6 do Edital do Processo Seletivo SiSU\/UFMG 1\u00aa Edi\u00e7\u00e3o de 2024, os candidatos que j\u00e1 tenham passado por avalia\u00e7\u00e3o da banca de heteroidentifica\u00e7\u00e3o na UFMG, a partir do ano de 2019, n\u00e3o ser\u00e3o convocados para novo procedimento, sendo que sua avalia\u00e7\u00e3o anterior ser\u00e1 considerada para definir aptid\u00e3o ou n\u00e3o a ocupar uma vaga destinada a pessoas negras (pretas ou pardas).<\/li>\n<\/ul>\n\n\n\n<div style=\"height:68px\" aria-hidden=\"true\" class=\"wp-block-spacer\"><\/div>\n\n\n\n<h5 id=\"locais-de-atendimento-dos-procedimentos-presenciais\">Locais de atendimento dos procedimentos presenciais<\/h5>\n\n\n\n<p><strong>Cursos sediados em Belo Horizonte<\/strong><\/p>\n\n\n\n<p><em>Banca de Heteroidentifica\u00e7\u00e3o&nbsp;<\/em><\/p>\n\n\n\n<p><a href=\"https:\/\/www.google.com\/maps?q=cad+iii&amp;rlz=1C1GCEU_pt-BRBR885BR885&amp;um=1&amp;ie=UTF-8&amp;sa=X&amp;ved=2ahUKEwiJ7O7kn5r9AhXrJbkGHTLLCXsQ_AUoAHoECAEQCg\" target=\"_blank\" rel=\"noreferrer noopener\">Centro de Atividades Did\u00e1ticas III \u2013 Avenida Ant\u00f4nio Carlos, 6627 \u2013 Campus Pampulha \u2013 Belo Horizonte \u2013 Minas Gerais<\/a><\/p>\n\n\n\n<p><em>Banca de Verifica\u00e7\u00e3o e Valida\u00e7\u00e3o de Pessoa com Defici\u00eancia<\/em><\/p>\n\n\n\n<p><a href=\"https:\/\/www.google.com.br\/maps\/place\/Centro+de+Atividades+Did%C3%A1ticas+1+-+CAD+1\/@-19.8662121,-43.9682221,16z\/data=!4m10!1m2!2m1!1scad+I+ufmg!3m6!1s0xa690f5cd6fa2db:0xa63066267bf8fe3f!8m2!3d-19.8663717!4d-43.9664258!15sCgpjYWQgSSB1Zm1nkgEVdW5pdmVyc2l0eV9kZXBhcnRtZW504AEA!16s%2Fg%2F11bc715qqh?hl=pt-BR&amp;entry=ttu\">Centro de Atividades Did\u00e1ticas I \u2013 Avenida Ant\u00f4nio Carlos, 6627 \u2013 Campus Pampulha \u2013 Belo Horizonte \u2013 Minas Gerais<\/a><\/p>\n\n\n\n<hr class=\"wp-block-separator has-alpha-channel-opacity\"\/>\n\n\n\n<p><strong>Cursos Sediados em Montes Claros<\/strong><\/p>\n\n\n\n<p><em>Banca de Heteroidentifica\u00e7\u00e3o e Banca de Verifica\u00e7\u00e3o e Valida\u00e7\u00e3o de Pessoa com Defici\u00eancia<\/em><\/p>\n\n\n\n<p><a href=\"https:\/\/goo.gl\/maps\/8yrSrnUHhoXULPkq6\" target=\"_blank\" rel=\"noreferrer noopener\">Instituto de Ci\u00eancias Agr\u00e1rias \u2013 Av. Universit\u00e1ria, 1000 \u2013 Universit\u00e1rio, Montes Claros \u2013 MG, 39404-547<\/a><\/p>\n","protected":false},"excerpt":{"rendered":"<p>Aten\u00e7\u00e3o: Locais de atendimento dos procedimentos presenciais Cursos sediados em Belo Horizonte Banca de Heteroidentifica\u00e7\u00e3o&nbsp; Centro de Atividades Did\u00e1ticas III \u2013 Avenida Ant\u00f4nio Carlos, 6627 \u2013 Campus Pampulha \u2013 Belo Horizonte \u2013 Minas Gerais Banca de Verifica\u00e7\u00e3o e Valida\u00e7\u00e3o de Pessoa com Defici\u00eancia Centro de Atividades Did\u00e1ticas I \u2013 Avenida Ant\u00f4nio Carlos, 6627 \u2013 Campus [&hellip;]<\/p>\n","protected":false},"author":4,"featured_media":0,"parent":0,"menu_order":0,"comment_status":"closed","ping_status":"closed","template":"","meta":[],"acf":[],"_links":{"self":[{"href":"https:\/\/www.ufmg.br\/sisu\/wp-json\/wp\/v2\/pages\/3267"}],"collection":[{"href":"https:\/\/www.ufmg.br\/sisu\/wp-json\/wp\/v2\/pages"}],"about":[{"href":"https:\/\/www.ufmg.br\/sisu\/wp-json\/wp\/v2\/types\/page"}],"author":[{"embeddable":true,"href":"https:\/\/www.ufmg.br\/sisu\/wp-json\/wp\/v2\/users\/4"}],"replies":[{"embeddable":true,"href":"https:\/\/www.ufmg.br\/sisu\/wp-json\/wp\/v2\/comments?post=3267"}],"version-history":[{"count":2,"href":"https:\/\/www.ufmg.br\/sisu\/wp-json\/wp\/v2\/pages\/3267\/revisions"}],"predecessor-version":[{"id":3269,"href":"https:\/\/www.ufmg.br\/sisu\/wp-json\/wp\/v2\/pages\/3267\/revisions\/3269"}],"wp:attachment":[{"href":"https:\/\/www.ufmg.br\/sisu\/wp-json\/wp\/v2\/media?parent=3267"}],"curies":[{"name":"wp","href":"https:\/\/api.w.org\/{rel}","templated":true}]}}