{"id":3404,"date":"2024-03-20T15:24:12","date_gmt":"2024-03-20T18:24:12","guid":{"rendered":"https:\/\/www.ufmg.br\/sisu\/?page_id=3404"},"modified":"2024-08-29T10:26:48","modified_gmt":"2024-08-29T13:26:48","slug":"5a-chamada-da-lista-de-espera-do-sisu-ufmg-2024","status":"publish","type":"page","link":"https:\/\/www.ufmg.br\/sisu\/5a-chamada-da-lista-de-espera-do-sisu-ufmg-2024\/","title":{"rendered":"5\u00aa Chamada da Lista de Espera do SISU\/UFMG 2024"},"content":{"rendered":"\n<p><a href=\"https:\/\/www.ufmg.br\/sisu\/wp-content\/uploads\/2024\/08\/5a-CHAMADA-DA-LE-e-5a-ANTECIPACAO-SISU-2024-Resultado-dos-Recursos.pdf\" data-type=\"URL\" data-id=\"https:\/\/www.ufmg.br\/sisu\/wp-content\/uploads\/2024\/08\/5a-CHAMADA-DA-LE-e-5a-ANTECIPACAO-SISU-2024-Resultado-dos-Recursos.pdf\" target=\"_blank\" rel=\"noreferrer noopener\">Resultado dos recursos<\/a>.<\/p>\n\n\n\n<p><a rel=\"noreferrer noopener\" href=\"https:\/\/www.ufmg.br\/sisu\/instrucoes-para-interposicao-de-recurso-sisu-ufmg-2024-4\/\" data-type=\"URL\" data-id=\"https:\/\/www.ufmg.br\/sisu\/instrucoes-para-interposicao-de-recurso-sisu-ufmg-2024-4\/\" target=\"_blank\">Instru\u00e7\u00f5es para interposi\u00e7\u00e3o de recurso<\/a>.<\/p>\n\n\n\n<p><a href=\"https:\/\/www.ufmg.br\/sisu\/wp-content\/uploads\/2024\/03\/Matriculas-Confirmadas-Ampla-Concorrencia-5a-Chamada-da-LE.pdf\" data-type=\"URL\" data-id=\"https:\/\/www.ufmg.br\/sisu\/wp-content\/uploads\/2024\/03\/Matriculas-Confirmadas-Ampla-Concorrencia-5a-Chamada-da-LE.pdf\" target=\"_blank\" rel=\"noreferrer noopener\">Matr\u00edculas confirmadas (Ampla concorr\u00eancia)<\/a>.<\/p>\n\n\n\n<p><a href=\"https:\/\/www.ufmg.br\/sisu\/wp-content\/uploads\/2024\/03\/Matriculas-Indeferidas-Ampla-Concorrencia-5a-Chamada-da-LE.pdf\" data-type=\"URL\" data-id=\"https:\/\/www.ufmg.br\/sisu\/wp-content\/uploads\/2024\/03\/Matriculas-Indeferidas-Ampla-Concorrencia-5a-Chamada-da-LE.pdf\" target=\"_blank\" rel=\"noreferrer noopener\">Matr\u00edculas indeferidas (Ampla concorr\u00eancia)<\/a>.<\/p>\n\n\n\n<p><a href=\"https:\/\/www.ufmg.br\/sisu\/wp-content\/uploads\/2024\/03\/Matriculas-Confirmadas-Reserva-de-Vagas-5a-Chamada-da-LE.pdf\" data-type=\"URL\" data-id=\"https:\/\/www.ufmg.br\/sisu\/wp-content\/uploads\/2024\/03\/Matriculas-Confirmadas-Reserva-de-Vagas-5a-Chamada-da-LE.pdf\" target=\"_blank\" rel=\"noreferrer noopener\">Matr\u00edculas confirmadas (Reserva de vagas)<\/a>.<\/p>\n\n\n\n<p><a href=\"https:\/\/www.ufmg.br\/sisu\/wp-content\/uploads\/2024\/03\/Matriculas-Indeferidas-Reserva-de-vagas-5a-Chamada-da-LE.pdf\" data-type=\"URL\" data-id=\"https:\/\/www.ufmg.br\/sisu\/wp-content\/uploads\/2024\/03\/Matriculas-Indeferidas-Reserva-de-vagas-5a-Chamada-da-LE.pdf\" target=\"_blank\" rel=\"noreferrer noopener\">Matr\u00edculas indeferidas (Reserva de vagas)<\/a>.<\/p>\n\n\n\n<p><a href=\"https:\/\/www.ufmg.br\/sisu\/escala-de-atendimento-dos-procedimentos-presenciais-5a-chamada-da-lista-de-espera-do-sisu-ufmg-2024\/\">Escala de atendimento dos procedimentos presenciais<\/a>.<\/p>\n\n\n\n<p><a href=\"https:\/\/www.ufmg.br\/sisu\/registro-academico-via-internet-com-upload-da-documentacao-obrigatoria-5a-chamada-da-lista-de-espera-do-sisu-ufmg-2024\/\">Clique aqui para acessar o Registro Acad\u00eamico, via internet, com upload da documenta\u00e7\u00e3o obrigat\u00f3ria<\/a>.<\/p>\n\n\n\n<p><a href=\"https:\/\/www.ufmg.br\/sisu\/wp-content\/uploads\/2024\/03\/Notas-maximas-e-minimas-1-1.pdf\" data-type=\"URL\" data-id=\"https:\/\/www.ufmg.br\/sisu\/wp-content\/uploads\/2024\/03\/Notas-maximas-e-minimas-1-1.pdf\" target=\"_blank\" rel=\"noreferrer noopener\">Pontua\u00e7\u00f5es m\u00ednimas e m\u00e1ximas<\/a>.<\/p>\n\n\n\n<p><a href=\"https:\/\/www.ufmg.br\/sisu\/wp-content\/uploads\/2024\/03\/5a-Chamada-da-LP-SISU-2024.pdf\">Consulte aqui a rela\u00e7\u00e3o dos candidatos convocados<\/a>.<\/p>\n\n\n\n<p><a href=\"https:\/\/www.ufmg.br\/sisu\/instrucoes-aos-candidatos-convocados-na-5a-chamada-da-lista-de-espera-do-sisu-ufmg-2024\/\">Instru\u00e7\u00f5es para os candidatos convocados<\/a>.<\/p>\n","protected":false},"excerpt":{"rendered":"<p>Resultado dos recursos. Instru\u00e7\u00f5es para interposi\u00e7\u00e3o de recurso. Matr\u00edculas confirmadas (Ampla concorr\u00eancia). Matr\u00edculas indeferidas (Ampla concorr\u00eancia). Matr\u00edculas confirmadas (Reserva de vagas). Matr\u00edculas indeferidas (Reserva de vagas). Escala de atendimento dos procedimentos presenciais. Clique aqui para acessar o Registro Acad\u00eamico, via internet, com upload da documenta\u00e7\u00e3o obrigat\u00f3ria. Pontua\u00e7\u00f5es m\u00ednimas e m\u00e1ximas. Consulte aqui a rela\u00e7\u00e3o dos [&hellip;]<\/p>\n","protected":false},"author":5,"featured_media":0,"parent":0,"menu_order":0,"comment_status":"closed","ping_status":"closed","template":"","meta":[],"acf":[],"_links":{"self":[{"href":"https:\/\/www.ufmg.br\/sisu\/wp-json\/wp\/v2\/pages\/3404"}],"collection":[{"href":"https:\/\/www.ufmg.br\/sisu\/wp-json\/wp\/v2\/pages"}],"about":[{"href":"https:\/\/www.ufmg.br\/sisu\/wp-json\/wp\/v2\/types\/page"}],"author":[{"embeddable":true,"href":"https:\/\/www.ufmg.br\/sisu\/wp-json\/wp\/v2\/users\/5"}],"replies":[{"embeddable":true,"href":"https:\/\/www.ufmg.br\/sisu\/wp-json\/wp\/v2\/comments?post=3404"}],"version-history":[{"count":10,"href":"https:\/\/www.ufmg.br\/sisu\/wp-json\/wp\/v2\/pages\/3404\/revisions"}],"predecessor-version":[{"id":4033,"href":"https:\/\/www.ufmg.br\/sisu\/wp-json\/wp\/v2\/pages\/3404\/revisions\/4033"}],"wp:attachment":[{"href":"https:\/\/www.ufmg.br\/sisu\/wp-json\/wp\/v2\/media?parent=3404"}],"curies":[{"name":"wp","href":"https:\/\/api.w.org\/{rel}","templated":true}]}}