{"id":3475,"date":"2024-03-25T14:18:56","date_gmt":"2024-03-25T17:18:56","guid":{"rendered":"https:\/\/www.ufmg.br\/sisu\/?page_id=3475"},"modified":"2024-04-03T15:12:24","modified_gmt":"2024-04-03T18:12:24","slug":"6a-chamada-da-lista-de-espera-do-sisu-ufmg-2024","status":"publish","type":"page","link":"https:\/\/www.ufmg.br\/sisu\/6a-chamada-da-lista-de-espera-do-sisu-ufmg-2024\/","title":{"rendered":"6\u00aa Chamada da Lista de Espera do SISU\/UFMG 2024"},"content":{"rendered":"\n<p><a href=\"https:\/\/www.ufmg.br\/sisu\/wp-content\/uploads\/2024\/04\/Matriculas-Confirmadas-Ampla-Concorrencia-6a-Chamada-da-LE.pdf\" data-type=\"URL\" data-id=\"https:\/\/www.ufmg.br\/sisu\/wp-content\/uploads\/2024\/04\/Matriculas-Confirmadas-Ampla-Concorrencia-6a-Chamada-da-LE.pdf\" target=\"_blank\" rel=\"noreferrer noopener\">Matr\u00edculas confirmadas (Ampla concorr\u00eancia)<\/a>.<\/p>\n\n\n\n<p><a href=\"https:\/\/www.ufmg.br\/sisu\/wp-content\/uploads\/2024\/04\/Matriculas-Indeferidas-Ampla-Concorrencia-6a-Chamada-da-LE.pdf\" data-type=\"URL\" data-id=\"https:\/\/www.ufmg.br\/sisu\/wp-content\/uploads\/2024\/04\/Matriculas-Indeferidas-Ampla-Concorrencia-6a-Chamada-da-LE.pdf\" target=\"_blank\" rel=\"noreferrer noopener\">Matr\u00edculas indeferidas (Ampla concorr\u00eancia)<\/a>.<\/p>\n\n\n\n<p><a href=\"https:\/\/www.ufmg.br\/sisu\/wp-content\/uploads\/2024\/04\/Matriculas-Confirmadas-Reserva-de-Vagas-6a-Chamada-da-LE.pdf\" data-type=\"URL\" data-id=\"https:\/\/www.ufmg.br\/sisu\/wp-content\/uploads\/2024\/04\/Matriculas-Confirmadas-Reserva-de-Vagas-6a-Chamada-da-LE.pdf\" target=\"_blank\" rel=\"noreferrer noopener\">Matr\u00edculas confirmadas (Reserva de vagas)<\/a>.<\/p>\n\n\n\n<p><a href=\"https:\/\/www.ufmg.br\/sisu\/wp-content\/uploads\/2024\/04\/Matriculas-Indeferidas-Reserva-de-vagas-6a-Chamada-da-LE.pdf\" data-type=\"URL\" data-id=\"https:\/\/www.ufmg.br\/sisu\/wp-content\/uploads\/2024\/04\/Matriculas-Indeferidas-Reserva-de-vagas-6a-Chamada-da-LE.pdf\" target=\"_blank\" rel=\"noreferrer noopener\">Matr\u00edculas indeferidas (Reserva de vagas)<\/a>.<\/p>\n\n\n\n<p><a rel=\"noreferrer noopener\" href=\"https:\/\/www.ufmg.br\/sisu\/escala-de-atendimento-dos-procedimentos-presenciais-6a-chamada-da-lista-de-espera-do-sisu-ufmg-2024\/\" data-type=\"URL\" data-id=\"https:\/\/www.ufmg.br\/sisu\/escala-de-atendimento-dos-procedimentos-presenciais-6a-chamada-da-lista-de-espera-do-sisu-ufmg-2024\/\" target=\"_blank\">Escala de atendimento dos procedimentos presenciais<\/a>.<\/p>\n\n\n\n<p><a rel=\"noreferrer noopener\" href=\"https:\/\/www.ufmg.br\/sisu\/registro-academico-via-internet-com-upload-da-documentacao-obrigatoria-6a-chamada-da-lista-de-espera-do-sisu-ufmg-2024\/\" data-type=\"URL\" data-id=\"https:\/\/www.ufmg.br\/sisu\/registro-academico-via-internet-com-upload-da-documentacao-obrigatoria-6a-chamada-da-lista-de-espera-do-sisu-ufmg-2024\/\" target=\"_blank\">Clique aqui para acessar o Registro Acad\u00eamico, via internet, com upload da documenta\u00e7\u00e3o obrigat\u00f3ria<\/a>.<\/p>\n\n\n\n<p><a href=\"https:\/\/www.ufmg.br\/sisu\/wp-content\/uploads\/2024\/04\/Notas-maximas-e-minimas-3.pdf\" data-type=\"URL\" data-id=\"https:\/\/www.ufmg.br\/sisu\/wp-content\/uploads\/2024\/04\/Notas-maximas-e-minimas-3.pdf\" target=\"_blank\" rel=\"noreferrer noopener\">Pontua\u00e7\u00f5es m\u00ednimas e m\u00e1ximas<\/a>.<\/p>\n\n\n\n<p><a href=\"https:\/\/www.ufmg.br\/sisu\/wp-content\/uploads\/2024\/03\/6a-Chamada-da-LE-SISU-2024.pdf\" data-type=\"URL\" data-id=\"https:\/\/www.ufmg.br\/sisu\/wp-content\/uploads\/2024\/03\/6a-Chamada-da-LE-SISU-2024.pdf\" target=\"_blank\" rel=\"noreferrer noopener\">Consulte aqui a rela\u00e7\u00e3o dos candidatos convocados<\/a>.<\/p>\n\n\n\n<p><a href=\"https:\/\/www.ufmg.br\/sisu\/instrucoes-aos-candidatos-convocados-na-6a-chamada-da-lista-de-espera-do-sisu-ufmg-2024\/#registro-academico-6a-chamada-da-lista-de-espera-sisu-2024\" data-type=\"URL\" data-id=\"https:\/\/www.ufmg.br\/sisu\/instrucoes-aos-candidatos-convocados-na-6a-chamada-da-lista-de-espera-do-sisu-ufmg-2024\/#registro-academico-6a-chamada-da-lista-de-espera-sisu-2024\" target=\"_blank\" rel=\"noreferrer noopener\">Instru\u00e7\u00f5es para os candidatos convocados<\/a>.<\/p>\n","protected":false},"excerpt":{"rendered":"<p>Matr\u00edculas confirmadas (Ampla concorr\u00eancia). Matr\u00edculas indeferidas (Ampla concorr\u00eancia). Matr\u00edculas confirmadas (Reserva de vagas). Matr\u00edculas indeferidas (Reserva de vagas). Escala de atendimento dos procedimentos presenciais. Clique aqui para acessar o Registro Acad\u00eamico, via internet, com upload da documenta\u00e7\u00e3o obrigat\u00f3ria. Pontua\u00e7\u00f5es m\u00ednimas e m\u00e1ximas. Consulte aqui a rela\u00e7\u00e3o dos candidatos convocados. Instru\u00e7\u00f5es para os candidatos convocados.<\/p>\n","protected":false},"author":4,"featured_media":0,"parent":0,"menu_order":0,"comment_status":"closed","ping_status":"closed","template":"","meta":[],"acf":[],"_links":{"self":[{"href":"https:\/\/www.ufmg.br\/sisu\/wp-json\/wp\/v2\/pages\/3475"}],"collection":[{"href":"https:\/\/www.ufmg.br\/sisu\/wp-json\/wp\/v2\/pages"}],"about":[{"href":"https:\/\/www.ufmg.br\/sisu\/wp-json\/wp\/v2\/types\/page"}],"author":[{"embeddable":true,"href":"https:\/\/www.ufmg.br\/sisu\/wp-json\/wp\/v2\/users\/4"}],"replies":[{"embeddable":true,"href":"https:\/\/www.ufmg.br\/sisu\/wp-json\/wp\/v2\/comments?post=3475"}],"version-history":[{"count":4,"href":"https:\/\/www.ufmg.br\/sisu\/wp-json\/wp\/v2\/pages\/3475\/revisions"}],"predecessor-version":[{"id":3599,"href":"https:\/\/www.ufmg.br\/sisu\/wp-json\/wp\/v2\/pages\/3475\/revisions\/3599"}],"wp:attachment":[{"href":"https:\/\/www.ufmg.br\/sisu\/wp-json\/wp\/v2\/media?parent=3475"}],"curies":[{"name":"wp","href":"https:\/\/api.w.org\/{rel}","templated":true}]}}