{"id":3536,"date":"2024-03-27T16:00:19","date_gmt":"2024-03-27T19:00:19","guid":{"rendered":"https:\/\/www.ufmg.br\/sisu\/?page_id=3536"},"modified":"2024-03-27T16:00:20","modified_gmt":"2024-03-27T19:00:20","slug":"lb_ppi","status":"publish","type":"page","link":"https:\/\/www.ufmg.br\/sisu\/lb_ppi\/","title":{"rendered":"LB_PPI"},"content":{"rendered":"\n<p>Candidatos autodeclarados negros (pretos ou pardos) ou ind\u00edgenas, com renda familiar bruta mensal igual ou inferior a 1 (um) sal\u00e1rio-m\u00ednimo per capita e que tenham cursado integralmente o Ensino M\u00e9dio em escolas p\u00fablicas brasileiras<\/p>\n\n\n\n<h5>Documenta\u00e7\u00e3o obrigat\u00f3ria<\/h5>\n\n\n\n<ol>\n<li>Certificado de Conclus\u00e3o do Ensino M\u00e9dio, ou de ensino equivalente;<\/li>\n\n\n\n<li>Hist\u00f3rico Escolar do Ensino M\u00e9dio (no caso de candidato selecionado na modalidade vaga reservada, no Hist\u00f3rico Escolar dever\u00e1 constar a comprova\u00e7\u00e3o de ter cursado todo o ensino m\u00e9dio em escola p\u00fablica brasileira);<\/li>\n\n\n\n<li>Documento de Identidade (no caso de candidato estrangeiro, C\u00e9dula de Identidade expedida pela Pol\u00edcia Federal, ou passaporte, com Visto Tempor\u00e1rio de estudante v\u00e1lido);<\/li>\n\n\n\n<li>Documento que comprove a quita\u00e7\u00e3o com as obriga\u00e7\u00f5es eleitorais;<\/li>\n\n\n\n<li>Documento que comprove a quita\u00e7\u00e3o com as obriga\u00e7\u00f5es do servi\u00e7o militar, para o candidato do sexo masculino maior de 18 anos (a partir de 46 anos o candidato est\u00e1 dispensado da apresenta\u00e7\u00e3o do documento);<\/li>\n\n\n\n<li><a rel=\"noreferrer noopener\" href=\"https:\/\/servicos.receita.fazenda.gov.br\/Servicos\/CPF\/ImpressaoComprovante\/ConsultaImpressao.asp\" data-type=\"URL\" data-id=\"https:\/\/servicos.receita.fazenda.gov.br\/Servicos\/CPF\/ImpressaoComprovante\/ConsultaImpressao.asp\" target=\"_blank\">CPF<\/a>;<\/li>\n\n\n\n<li>Declara\u00e7\u00e3o de que n\u00e3o ocupa vaga em curso de gradua\u00e7\u00e3o, em outra institui\u00e7\u00e3o p\u00fablica de ensino superior brasileira <a rel=\"noreferrer noopener\" href=\"http:\/\/www.planalto.gov.br\/ccivil_03\/_ato2007-2010\/2009\/lei\/l12089.htm\" data-type=\"URL\" data-id=\"http:\/\/www.planalto.gov.br\/ccivil_03\/_ato2007-2010\/2009\/lei\/l12089.htm\" target=\"_blank\">Lei 12.089\/2009<\/a> (formul\u00e1rio online que deve ser preenchido no momento do registro acad\u00eamico, via internet);<\/li>\n\n\n\n<li>Declara\u00e7\u00e3o de que n\u00e3o cursou, em nenhum momento, parte do ensino m\u00e9dio em escola particular.&nbsp;(formul\u00e1rio online que deve ser preenchido no momento do registro acad\u00eamico, via internet);<\/li>\n\n\n\n<li><a href=\"https:\/\/www.ufmg.br\/sisu\/wp-content\/uploads\/2024\/01\/Termo-de-Anuencia-2024.pdf\" data-type=\"URL\" data-id=\"https:\/\/www.ufmg.br\/sisu\/wp-content\/uploads\/2024\/01\/Termo-de-Anuencia-2024.pdf\" target=\"_blank\" rel=\"noreferrer noopener\"><a rel=\"noreferrer noopener\" href=\"https:\/\/www.ufmg.br\/sisu\/wp-content\/uploads\/2024\/01\/Termo-de-Anuencia-2024.pdf\" data-type=\"URL\" data-id=\"https:\/\/www.ufmg.br\/sisu\/wp-content\/uploads\/2024\/01\/Termo-de-Anuencia-2024.pdf\" target=\"_blank\">Declara\u00e7\u00e3o de anu\u00eancia<\/a><\/a> preenchida e assinada e c\u00f3pia da identidade do respons\u00e1vel legal ou em caso de guarda permanente, c\u00f3pia da certid\u00e3o averbada (somente para candidatos menores de 18 anos);<\/li>\n\n\n\n<li><a href=\"https:\/\/www.ufmg.br\/sisu\/wp-content\/uploads\/2024\/01\/DRCA-Sisu2024-Instrucoes-para-preenchimento-dos-formularios.pdf\" data-type=\"URL\" data-id=\"https:\/\/www.ufmg.br\/sisu\/wp-content\/uploads\/2023\/02\/DRCA-Sisu2023-Instrucoes-para-preenchimento-dos-formularios.pdf\" target=\"_blank\" rel=\"noreferrer noopener\">Instru\u00e7\u00f5es para o preenchimento dos formul\u00e1rios<\/a> para an\u00e1lise socioecon\u00f4mica;<\/li>\n\n\n\n<li>Comprovantes de renda do n\u00facleo familiar do candidato, de acordo com as informa\u00e7\u00f5es prestadas no ato da inscri\u00e7\u00e3o no Sisu (uma c\u00f3pia). Ver <a href=\"https:\/\/www.ufmg.br\/sisu\/wp-content\/uploads\/2024\/01\/Anexo-II-Edital-SiSU-UFMG-2024.pdf\" data-type=\"URL\" data-id=\"https:\/\/www.ufmg.br\/sisu\/wp-content\/uploads\/2024\/01\/Anexo-II-Edital-SiSU-UFMG-2024.pdf\" target=\"_blank\" rel=\"noreferrer noopener\">Anexo II<\/a> do Edital;<\/li>\n\n\n\n<li><a href=\"https:\/\/www.ufmg.br\/sisu\/wp-content\/uploads\/2024\/01\/Termo-de-Responsabilidade-Sisu-UFMG-2024.pdf\" data-type=\"URL\" data-id=\"https:\/\/www.ufmg.br\/sisu\/wp-content\/uploads\/2024\/01\/Termo-de-Responsabilidade-Sisu-UFMG-2024.pdf\" target=\"_blank\" rel=\"noreferrer noopener\">Termo de responsabilidade<\/a> preenchido e assinado;<\/li>\n\n\n\n<li><a href=\"https:\/\/www.ufmg.br\/sisu\/wp-content\/uploads\/2024\/01\/Formulario-composicao-familiar-SiSU-UFMG-2024.pdf\" data-type=\"URL\" data-id=\"https:\/\/www.ufmg.br\/sisu\/wp-content\/uploads\/2024\/01\/Formulario-composicao-familiar-SiSU-UFMG-2024.pdf\" target=\"_blank\" rel=\"noreferrer noopener\">Dados de identifica\u00e7\u00e3o e composi\u00e7\u00e3o familiar<\/a> preenchido e assinado;<\/li>\n\n\n\n<li><a href=\"https:\/\/www.ufmg.br\/sisu\/wp-content\/uploads\/2024\/01\/Formulario-de-isencao-do-imposto-de-renda-pessoa-fisica-Sisu-UFMG-2024.pdf\" data-type=\"URL\" data-id=\"https:\/\/www.ufmg.br\/sisu\/wp-content\/uploads\/2024\/01\/Formulario-de-isencao-do-imposto-de-renda-pessoa-fisica-Sisu-UFMG-2024.pdf\" target=\"_blank\" rel=\"noreferrer noopener\">Declara\u00e7\u00e3o de isen\u00e7\u00e3o de Imposto de Renda<\/a> preenchida e assinada, se for o caso;<\/li>\n\n\n\n<li><a href=\"https:\/\/www.ufmg.br\/sisu\/wp-content\/uploads\/2024\/01\/Formulario-de-pensao-e-outros-rendimentos-Sisu-UFMG-2024.pdf\" data-type=\"URL\" data-id=\"https:\/\/www.ufmg.br\/sisu\/wp-content\/uploads\/2024\/01\/Formulario-de-pensao-e-outros-rendimentos-Sisu-UFMG-2024.pdf\" target=\"_blank\" rel=\"noreferrer noopener\">Declara\u00e7\u00e3o de recebimento de pens\u00e3o aliment\u00edcia ou outros rendimentos <\/a>preenchida e assinada, se for o caso;<\/li>\n\n\n\n<li><a href=\"https:\/\/www.ufmg.br\/sisu\/wp-content\/uploads\/2024\/02\/Formulario-ausencia-de-rendimentos-SiSU-UFMG-2024.pdf\" data-type=\"URL\" data-id=\"https:\/\/www.ufmg.br\/sisu\/wp-content\/uploads\/2024\/02\/Formulario-ausencia-de-rendimentos-SiSU-UFMG-2024.pdf\" target=\"_blank\" rel=\"noreferrer noopener\">Declara\u00e7\u00e3o de aus\u00eancia de rendimentos<\/a> preenchida e assinada, se for o caso;<\/li>\n\n\n\n<li><a href=\"https:\/\/www.ufmg.br\/sisu\/wp-content\/uploads\/2024\/01\/Formulario-de-ausencia-de-conta-bancaria-2024-Sisu-UFMG-2024.pdf\" data-type=\"URL\" data-id=\"https:\/\/www.ufmg.br\/sisu\/wp-content\/uploads\/2024\/01\/Formulario-de-ausencia-de-conta-bancaria-2024-Sisu-UFMG-2024.pdf\" target=\"_blank\" rel=\"noreferrer noopener\">Declara\u00e7\u00e3o de aus\u00eancia de conta banc\u00e1ria<\/a> preenchida e assinada, se for o caso;<\/li>\n\n\n\n<li><a rel=\"noreferrer noopener\" href=\"https:\/\/www.ufmg.br\/sisu\/wp-content\/uploads\/2023\/02\/DRCA-SiSU2023-form8-Declaracao-Ausencia-de-Carteira-de-Trabalho.pdf\" data-type=\"URL\" data-id=\"https:\/\/www.ufmg.br\/sisu\/wp-content\/uploads\/2023\/02\/DRCA-SiSU2023-form8-Declaracao-Ausencia-de-Carteira-de-Trabalho.pdf\" target=\"_blank\">Declara\u00e7\u00e3o de aus\u00eancia de carteira de trabalho<\/a> preenchida e assinada, se for o caso;<\/li>\n\n\n\n<li><a href=\"https:\/\/www.ufmg.br\/sisu\/wp-content\/uploads\/2024\/01\/Formulario-de-separacao-conjugal-extra-oficial-Sisu-UFMG-2024.pdf\" data-type=\"URL\" data-id=\"https:\/\/www.ufmg.br\/sisu\/wp-content\/uploads\/2024\/01\/Formulario-de-separacao-conjugal-extra-oficial-Sisu-UFMG-2024.pdf\" target=\"_blank\" rel=\"noreferrer noopener\">Declara\u00e7\u00e3o de separa\u00e7\u00e3o conjugal extraoficial<\/a>, se for o caso<\/li>\n\n\n\n<li><a href=\"https:\/\/www.ufmg.br\/sisu\/wp-content\/uploads\/2024\/01\/Formulario-endereco-Sisu-UFMG-2024.pdf\" data-type=\"URL\" data-id=\"https:\/\/www.ufmg.br\/sisu\/wp-content\/uploads\/2024\/01\/Formulario-endereco-Sisu-UFMG-2024.pdf\" target=\"_blank\" rel=\"noreferrer noopener\">Comprovante de endere\u00e7o recente<\/a> em nome do candidato, ou de seu(s) representante(s) legal(is);<\/li>\n\n\n\n<li><a href=\"https:\/\/www.ufmg.br\/sisu\/wp-content\/uploads\/2024\/02\/Formulario-de-Aluguel-SiSU-UFMG-2024.pdf\" data-type=\"URL\" data-id=\"https:\/\/www.ufmg.br\/sisu\/wp-content\/uploads\/2024\/02\/Formulario-de-Aluguel-SiSU-UFMG-2024.pdf\" target=\"_blank\" rel=\"noreferrer noopener\">Declara\u00e7\u00e3o de rendimentos recebidos por aluguel<\/a>, se for o caso<\/li>\n\n\n\n<li><a href=\"https:\/\/www.ufmg.br\/sisu\/wp-content\/uploads\/2024\/03\/sisu-autodeclaracao-etnico-racial-2024-negro.pdf\">Carta consubstanciada para aquele candidato que se autodeclara negro<\/a> (preto ou pardo);<\/li>\n\n\n\n<li><a href=\"https:\/\/www.ufmg.br\/sisu\/wp-content\/uploads\/2024\/03\/sisu-autodeclaracao-etnico-racial-2024-indigena.pdf\">Carta consubstanciada para aquele candidato que se autodeclara ind\u00edgena<\/a> ;<\/li>\n\n\n\n<li><a rel=\"noreferrer noopener\" href=\"https:\/\/www.ufmg.br\/sisu\/wp-content\/uploads\/2023\/03\/Declaracao-de-Pertencimento-Etnico-Indigenas-SiSU-2023.pdf\" data-type=\"URL\" data-id=\"https:\/\/www.ufmg.br\/sisu\/wp-content\/uploads\/2023\/03\/Declaracao-de-Pertencimento-Etnico-Indigenas-SiSU-2023.pdf\" target=\"_blank\">Declara\u00e7\u00e3o de sua respectiva comunidade ind\u00edgena<\/a> sobre sua condi\u00e7\u00e3o de pertencimento \u00e9tnico, assinada por pelo menos 3 (tr\u00eas) lideran\u00e7as reconhecidas (somente para aquele autodeclarado ind\u00edgena).<\/li>\n<\/ol>\n\n\n\n<hr class=\"wp-block-separator has-alpha-channel-opacity is-style-wide\"\/>\n\n\n\n<h4 class=\"has-text-align-center\"><strong>ATEN\u00c7\u00c3O!<\/strong><\/h4>\n\n\n\n<p>A UFMG aceitar\u00e1 o Comprovante de cadastro no Cadastro \u00danico de Programas Sociais (CAD\u00fanico) ou Folha Resumo, como alternativa \u00e0 comprova\u00e7\u00e3o de renda familiar, desde que esteja atualizado nos \u00faltimos 24 (Vinte e Quatro) meses anteriores \u00e0 data de inscri\u00e7\u00e3o do candidato no Processo Seletivo e que apresente de forma objetiva o rendimento familiar per capita em documento que dever\u00e1 ser emitido na p\u00e1gina eletr\u00f4nica do Governo Federal, dispon\u00edvel em <a rel=\"noreferrer noopener\" href=\"https:\/\/cadunico.dataprev.gov.br\/#\/\" target=\"_blank\">meucadunico.cidadania.gov.br<\/a> e <a rel=\"noreferrer noopener\" href=\"https:\/\/cadunico.dataprev.gov.br\/#\/\" target=\"_blank\">cadunico.dataprev.gov.br<\/a> ou presencialmente nos \u00f3rg\u00e3os p\u00fablicos de atendimento do Cad\u00danico.<\/p>\n\n\n\n<p><strong>CERTIFICADO E <strong>HIST\u00d3RICO<\/strong> DO ENSINO M\u00c9DIO<\/strong><\/p>\n\n\n\n<p>\u00c9 o documento no qual a Escola informa se o aluno(a) foi aprovado nas s\u00e9ries do Ensino M\u00e9dio e indica que o mesmo(a) concluiu o Ensino M\u00e9dio, bem como a frequ\u00eancia e desempenho do mesmo(a) no referido ciclo escolar. No Hist\u00f3rico \u00e9 obrigat\u00f3ria que conste a informa\u00e7\u00e3o de que o aluno(a) foi aprovado em cada uma das s\u00e9ries do Ensino M\u00e9dio, al\u00e9m do estabelecimento de Ensino, no qual ele(a) as cursou.<\/p>\n\n\n\n<p>O Certificado e o Hist\u00f3rico devem estar assinados pelo Secret\u00e1rio(a) e ou Diretor(a) da Institui\u00e7\u00e3o de Ensino que o aluno(a) \u00e9 proveniente. Tamb\u00e9m poder\u00e1 ser aceito certifica\u00e7\u00e3o e hist\u00f3rico com assinatura digital e certifica\u00e7\u00e3o digital. Apesar do Certificado de Conclus\u00e3o do Ensino M\u00e9dio e do Hist\u00f3rico Escolar do Ensino M\u00e9dio serem documentos distintos, os mesmos v\u00eam usualmente na mesma folha, sendo que o Certificado est\u00e1 no cabe\u00e7alho e o Hist\u00f3rico logo abaixo e no verso.<\/p>\n\n\n\n<p><strong>Caso o candidato n\u00e3o tenha o Certificado ou Hist\u00f3rico, o(a) mesmo(a) poder\u00e1 entregar de forma tempor\u00e1ria, uma declara\u00e7\u00e3o de conclus\u00e3o do Ensino M\u00e9dio emitida pela escola com a OBSERVA\u00c7\u00c3O dizendo que concluiu todas as s\u00e9ries do ensino m\u00e9dio em escola p\u00fablica. <a rel=\"noreferrer noopener\" href=\"https:\/\/www.ufmg.br\/sisu\/wp-content\/uploads\/2023\/06\/MODELO-DE-DECLARACAO-EM.pdf\" target=\"_blank\">CLIQUE AQUI E VEJA MODELO. <\/a><\/strong><\/p>\n","protected":false},"excerpt":{"rendered":"<p>Candidatos autodeclarados negros (pretos ou pardos) ou ind\u00edgenas, com renda familiar bruta mensal igual ou inferior a 1 (um) sal\u00e1rio-m\u00ednimo per capita e que tenham cursado integralmente o Ensino M\u00e9dio em escolas p\u00fablicas brasileiras Documenta\u00e7\u00e3o obrigat\u00f3ria ATEN\u00c7\u00c3O! A UFMG aceitar\u00e1 o Comprovante de cadastro no Cadastro \u00danico de Programas Sociais (CAD\u00fanico) ou Folha Resumo, como [&hellip;]<\/p>\n","protected":false},"author":5,"featured_media":0,"parent":0,"menu_order":0,"comment_status":"closed","ping_status":"closed","template":"","meta":[],"acf":[],"_links":{"self":[{"href":"https:\/\/www.ufmg.br\/sisu\/wp-json\/wp\/v2\/pages\/3536"}],"collection":[{"href":"https:\/\/www.ufmg.br\/sisu\/wp-json\/wp\/v2\/pages"}],"about":[{"href":"https:\/\/www.ufmg.br\/sisu\/wp-json\/wp\/v2\/types\/page"}],"author":[{"embeddable":true,"href":"https:\/\/www.ufmg.br\/sisu\/wp-json\/wp\/v2\/users\/5"}],"replies":[{"embeddable":true,"href":"https:\/\/www.ufmg.br\/sisu\/wp-json\/wp\/v2\/comments?post=3536"}],"version-history":[{"count":1,"href":"https:\/\/www.ufmg.br\/sisu\/wp-json\/wp\/v2\/pages\/3536\/revisions"}],"predecessor-version":[{"id":3537,"href":"https:\/\/www.ufmg.br\/sisu\/wp-json\/wp\/v2\/pages\/3536\/revisions\/3537"}],"wp:attachment":[{"href":"https:\/\/www.ufmg.br\/sisu\/wp-json\/wp\/v2\/media?parent=3536"}],"curies":[{"name":"wp","href":"https:\/\/api.w.org\/{rel}","templated":true}]}}