{"id":3615,"date":"2024-06-06T12:57:02","date_gmt":"2024-06-06T15:57:02","guid":{"rendered":"https:\/\/www.ufmg.br\/sisu\/?page_id=3615"},"modified":"2024-06-06T12:57:02","modified_gmt":"2024-06-06T15:57:02","slug":"informativo-sisu-ufmg-bancas-presenciais-do-2o-semestre-de-2024","status":"publish","type":"page","link":"https:\/\/www.ufmg.br\/sisu\/informativo-sisu-ufmg-bancas-presenciais-do-2o-semestre-de-2024\/","title":{"rendered":"Informativo SiSU\/UFMG &#8211; Bancas Presenciais do 2\u00ba Semestre de 2024"},"content":{"rendered":"\n<p>O Departamento de Registro e Controle Acad\u00eamico da Universidade Federal de Minas Gerais (DRCA\/UFMG) informa que a banca de heteroidentifica\u00e7\u00e3o e banca de verifica\u00e7\u00e3o e valida\u00e7\u00e3o de pessoa com defici\u00eancia dos candidatos do SiSU\/UFMG 2024 com ingresso no 2\u00ba semestre ser\u00e3o realizadas no per\u00edodo de <strong>9 a 12 de julho de 2024<\/strong>.<\/p>\n\n\n\n<p>Ademais, a escala de atendimento com o dia, hor\u00e1rio e local de cada candidato ser\u00e1 divulgada <strong>a partir das 18h do dia 13 de junho de 2024<\/strong>.<\/p>\n","protected":false},"excerpt":{"rendered":"<p>O Departamento de Registro e Controle Acad\u00eamico da Universidade Federal de Minas Gerais (DRCA\/UFMG) informa que a banca de heteroidentifica\u00e7\u00e3o e banca de verifica\u00e7\u00e3o e valida\u00e7\u00e3o de pessoa com defici\u00eancia dos candidatos do SiSU\/UFMG 2024 com ingresso no 2\u00ba semestre ser\u00e3o realizadas no per\u00edodo de 9 a 12 de julho de 2024. Ademais, a escala [&hellip;]<\/p>\n","protected":false},"author":5,"featured_media":0,"parent":0,"menu_order":0,"comment_status":"closed","ping_status":"closed","template":"","meta":[],"acf":[],"_links":{"self":[{"href":"https:\/\/www.ufmg.br\/sisu\/wp-json\/wp\/v2\/pages\/3615"}],"collection":[{"href":"https:\/\/www.ufmg.br\/sisu\/wp-json\/wp\/v2\/pages"}],"about":[{"href":"https:\/\/www.ufmg.br\/sisu\/wp-json\/wp\/v2\/types\/page"}],"author":[{"embeddable":true,"href":"https:\/\/www.ufmg.br\/sisu\/wp-json\/wp\/v2\/users\/5"}],"replies":[{"embeddable":true,"href":"https:\/\/www.ufmg.br\/sisu\/wp-json\/wp\/v2\/comments?post=3615"}],"version-history":[{"count":4,"href":"https:\/\/www.ufmg.br\/sisu\/wp-json\/wp\/v2\/pages\/3615\/revisions"}],"predecessor-version":[{"id":3619,"href":"https:\/\/www.ufmg.br\/sisu\/wp-json\/wp\/v2\/pages\/3615\/revisions\/3619"}],"wp:attachment":[{"href":"https:\/\/www.ufmg.br\/sisu\/wp-json\/wp\/v2\/media?parent=3615"}],"curies":[{"name":"wp","href":"https:\/\/api.w.org\/{rel}","templated":true}]}}