{"id":375,"date":"2022-10-18T15:16:36","date_gmt":"2022-10-18T18:16:36","guid":{"rendered":"https:\/\/www.ufmg.br\/sisu\/?page_id=375"},"modified":"2024-01-22T14:28:54","modified_gmt":"2024-01-22T16:28:54","slug":"sisu-na-ufmg","status":"publish","type":"page","link":"https:\/\/www.ufmg.br\/sisu\/sisu\/sisu-na-ufmg\/","title":{"rendered":"Sisu na UFMG"},"content":{"rendered":"\n<p>A UFMG participa apenas da primeira edi\u00e7\u00e3o do processo <a rel=\"noreferrer noopener\" href=\"https:\/\/www.ufmg.br\/sisu\/edital\/\" data-type=\"URL\" data-id=\"https:\/\/www.ufmg.br\/sisu\/edital\/\" target=\"_blank\">seletivo Sisu<\/a>, no primeiro semestre de cada ano. Os candidatos devem optar por dois cursos no momento da inscri\u00e7\u00e3o no Sisu para concorrer. Conhe\u00e7a os <strong>92 cursos de gradua\u00e7\u00e3o da UFMG<\/strong>. Acesse: <a href=\"https:\/\/ufmg.br\/cursos\/graduacao\/\">ufmg.br\/cursos\/graduacao\/<\/a>.<\/p>\n\n\n\n<p><\/p>\n","protected":false},"excerpt":{"rendered":"<p>A UFMG participa apenas da primeira edi\u00e7\u00e3o do processo seletivo Sisu, no primeiro semestre de cada ano. Os candidatos devem optar por dois cursos no momento da inscri\u00e7\u00e3o no Sisu para concorrer. Conhe\u00e7a os 92 cursos de gradua\u00e7\u00e3o da UFMG. Acesse: ufmg.br\/cursos\/graduacao\/.<\/p>\n","protected":false},"author":1,"featured_media":0,"parent":373,"menu_order":0,"comment_status":"closed","ping_status":"closed","template":"page-question.php","meta":[],"acf":[],"_links":{"self":[{"href":"https:\/\/www.ufmg.br\/sisu\/wp-json\/wp\/v2\/pages\/375"}],"collection":[{"href":"https:\/\/www.ufmg.br\/sisu\/wp-json\/wp\/v2\/pages"}],"about":[{"href":"https:\/\/www.ufmg.br\/sisu\/wp-json\/wp\/v2\/types\/page"}],"author":[{"embeddable":true,"href":"https:\/\/www.ufmg.br\/sisu\/wp-json\/wp\/v2\/users\/1"}],"replies":[{"embeddable":true,"href":"https:\/\/www.ufmg.br\/sisu\/wp-json\/wp\/v2\/comments?post=375"}],"version-history":[{"count":10,"href":"https:\/\/www.ufmg.br\/sisu\/wp-json\/wp\/v2\/pages\/375\/revisions"}],"predecessor-version":[{"id":2904,"href":"https:\/\/www.ufmg.br\/sisu\/wp-json\/wp\/v2\/pages\/375\/revisions\/2904"}],"up":[{"embeddable":true,"href":"https:\/\/www.ufmg.br\/sisu\/wp-json\/wp\/v2\/pages\/373"}],"wp:attachment":[{"href":"https:\/\/www.ufmg.br\/sisu\/wp-json\/wp\/v2\/media?parent=375"}],"curies":[{"name":"wp","href":"https:\/\/api.w.org\/{rel}","templated":true}]}}