{"id":3977,"date":"2024-08-20T07:50:20","date_gmt":"2024-08-20T10:50:20","guid":{"rendered":"https:\/\/www.ufmg.br\/sisu\/?page_id=3977"},"modified":"2024-08-20T07:50:21","modified_gmt":"2024-08-20T10:50:21","slug":"instrucoes-para-interposicao-de-recurso-sisu-ufmg-2024-8","status":"publish","type":"page","link":"https:\/\/www.ufmg.br\/sisu\/instrucoes-para-interposicao-de-recurso-sisu-ufmg-2024-8\/","title":{"rendered":"Instru\u00e7\u00f5es para interposi\u00e7\u00e3o de recurso &#8211; SiSU\/UFMG 2024"},"content":{"rendered":"\n<p>Prezado (a),<\/p>\n\n\n\n<p>Os candidatos que tiveram a sua matr\u00edcula indeferida na reserva de vagas e tenham interesse em interpor recurso nos termos do item 9.1 do Edital devem seguir os procedimentos abaixo descritos:<\/p>\n\n\n\n<p><strong>1)<\/strong>&nbsp;Efetuar at\u00e9 \u00e0s&nbsp;<strong>23:59 do dia 25 de agosto de 2024<\/strong>&nbsp;o cadastro como usu\u00e1rio externo do SEI\/UFMG, de acordo com o seguinte roteiro:<br><strong>\u2219<\/strong>&nbsp;<em><a rel=\"noreferrer noopener\" href=\"https:\/\/www.ufmg.br\/sisu-antigo\/wp-content\/uploads\/2020\/11\/ROTEIRO-PARA-CADASTRO-COMO-USU%C3%81RIO-EXTERNO-DO-SEI-UFMG.pdf\" target=\"_blank\">Cadastro como usu\u00e1rio externo SEI\/UFMG<\/a><\/em><\/p>\n\n\n\n<p><strong>2)<\/strong>&nbsp;Peticionar at\u00e9 \u00e0s&nbsp;<strong><strong>23:59 do dia 26 de agosto de 202<\/strong>4<\/strong>&nbsp;o protocolo de recurso no SEI\/UFMG, de acordo com o seguinte roteiro:<br><strong>\u2219<\/strong>&nbsp;<em><a rel=\"noreferrer noopener\" href=\"https:\/\/www.ufmg.br\/sisu-antigo\/wp-content\/uploads\/2020\/11\/ROTEIRO-PARA-PETICIONAMENTO-DE-RECURSO.pdf\" target=\"_blank\">Peticionamento de recurso da reserva de vagas<\/a><\/em><\/p>\n\n\n\n<p>Al\u00e9m disso, o DRCA\/UFMG destaca aos candidatos as seguintes observa\u00e7\u00f5es:<\/p>\n\n\n\n<p><strong>a)<\/strong>&nbsp;Os cadastros como usu\u00e1rio externos que n\u00e3o forem efetivados at\u00e9 a data informada acima ser\u00e3o negados pelo setor respons\u00e1vel.<\/p>\n\n\n\n<p><strong>b)<\/strong>&nbsp;A partir da demanda do setor respons\u00e1vel, a efetiva\u00e7\u00e3o do cadastro como usu\u00e1rio externo pode ocorrer em at\u00e9 1 (um) dia \u00fatil ap\u00f3s a solicita\u00e7\u00e3o, assim recomenda-se aos candidatos que o fa\u00e7am com anteced\u00eancia. Al\u00e9m disso, requisitamos aos candidatos interessados que o fa\u00e7am apenas uma vez.<\/p>\n\n\n\n<p><strong>c)<\/strong>&nbsp;Os processos de recurso peticionados ap\u00f3s a data informada ser\u00e3o automaticamente indeferidos pelo DRCA com base no 9.3 do Edital do Processo Seletivo.<\/p>\n\n\n\n<p><strong>d)<\/strong>&nbsp;\u00c9 de responsabilidade do candidato seguir todos os passos previstos no roteiro e qualquer falha pode acarretar o indeferimento do recurso.<\/p>\n\n\n\n<p><strong>e)<\/strong>&nbsp;Os motivos espec\u00edficos do indeferimento da reserva de vagas foram encaminhados para o email cadastrado pelo candidato no ato do registro acad\u00eamico, via internet.<\/p>\n\n\n\n<p><strong>f)<\/strong>&nbsp;O candidato deve ficar atento as poss\u00edveis comunica\u00e7\u00f5es que podem ser encaminhadas pela UFMG ao seu email cadastrado como usu\u00e1rio externo do SEI.<\/p>\n\n\n\n<p><strong>g)<\/strong>&nbsp;O candidato indeferido no procedimento de heteroidentifica\u00e7\u00e3o e que interpor recurso dever\u00e1 comparecer \u00e0 banca recursal no dia 29 de agosto no hor\u00e1rio a ser divulgado pela UFMG.<\/p>\n\n\n\n<p><strong>h)<\/strong>&nbsp;D\u00favidas relacionadas a qualquer procedimento devem ser encaminhadas para&nbsp;<a href=\"mailto:recurso@drca.ufmg.br\">recurso@drca.ufmg.br<\/a>.<\/p>\n\n\n\n<p>Atenciosamente,<br>Mara Inez Corr\u00eaa de Souza Pires<br>Diretora do DRCA<\/p>\n","protected":false},"excerpt":{"rendered":"<p>Prezado (a), Os candidatos que tiveram a sua matr\u00edcula indeferida na reserva de vagas e tenham interesse em interpor recurso nos termos do item 9.1 do Edital devem seguir os procedimentos abaixo descritos: 1)&nbsp;Efetuar at\u00e9 \u00e0s&nbsp;23:59 do dia 25 de agosto de 2024&nbsp;o cadastro como usu\u00e1rio externo do SEI\/UFMG, de acordo com o seguinte roteiro:\u2219&nbsp;Cadastro [&hellip;]<\/p>\n","protected":false},"author":4,"featured_media":0,"parent":0,"menu_order":0,"comment_status":"closed","ping_status":"closed","template":"","meta":[],"acf":[],"_links":{"self":[{"href":"https:\/\/www.ufmg.br\/sisu\/wp-json\/wp\/v2\/pages\/3977"}],"collection":[{"href":"https:\/\/www.ufmg.br\/sisu\/wp-json\/wp\/v2\/pages"}],"about":[{"href":"https:\/\/www.ufmg.br\/sisu\/wp-json\/wp\/v2\/types\/page"}],"author":[{"embeddable":true,"href":"https:\/\/www.ufmg.br\/sisu\/wp-json\/wp\/v2\/users\/4"}],"replies":[{"embeddable":true,"href":"https:\/\/www.ufmg.br\/sisu\/wp-json\/wp\/v2\/comments?post=3977"}],"version-history":[{"count":8,"href":"https:\/\/www.ufmg.br\/sisu\/wp-json\/wp\/v2\/pages\/3977\/revisions"}],"predecessor-version":[{"id":4130,"href":"https:\/\/www.ufmg.br\/sisu\/wp-json\/wp\/v2\/pages\/3977\/revisions\/4130"}],"wp:attachment":[{"href":"https:\/\/www.ufmg.br\/sisu\/wp-json\/wp\/v2\/media?parent=3977"}],"curies":[{"name":"wp","href":"https:\/\/api.w.org\/{rel}","templated":true}]}}