{"id":4171,"date":"2024-10-08T13:23:39","date_gmt":"2024-10-08T16:23:39","guid":{"rendered":"https:\/\/www.ufmg.br\/sisu\/?page_id=4171"},"modified":"2024-10-08T13:24:26","modified_gmt":"2024-10-08T16:24:26","slug":"escala-de-atendimento-dos-procedimentos-presenciais-17a-chamada-da-lista-de-espera-do-sisu-ufmg-2024","status":"publish","type":"page","link":"https:\/\/www.ufmg.br\/sisu\/escala-de-atendimento-dos-procedimentos-presenciais-17a-chamada-da-lista-de-espera-do-sisu-ufmg-2024\/","title":{"rendered":"Escala de atendimento dos procedimentos presenciais \u2013 17\u00aa Chamada da Lista de Espera do SISU\/UFMG 2024"},"content":{"rendered":"\n<h5>Aten\u00e7\u00e3o:<\/h5>\n\n\n\n<ul>\n<li><a href=\"https:\/\/www.ufmg.br\/sisu\/wp-content\/uploads\/2024\/10\/ESCALA-DE-ATENDIMENTO-PROCEDIMENTOS-PRESENCIAIS-17a-Chamada.pdf\" data-type=\"URL\" data-id=\"https:\/\/www.ufmg.br\/sisu\/wp-content\/uploads\/2024\/10\/ESCALA-DE-ATENDIMENTO-PROCEDIMENTOS-PRESENCIAIS-17a-Chamada.pdf\" target=\"_blank\" rel=\"noreferrer noopener\">Rela\u00e7\u00e3o dos candidatos convocados para os procedimentos presenciais<\/a>.<\/li>\n\n\n\n<li>Nos termos do item 8.6 do Edital do Processo Seletivo SiSU\/UFMG 1\u00aa Edi\u00e7\u00e3o de 2024, os candidatos que j\u00e1 tenham passado por avalia\u00e7\u00e3o da banca de heteroidentifica\u00e7\u00e3o na UFMG, a partir do ano de 2019, n\u00e3o ser\u00e3o convocados para novo procedimento, sendo que sua avalia\u00e7\u00e3o anterior ser\u00e1 considerada para definir aptid\u00e3o ou n\u00e3o a ocupar uma vaga destinada a pessoas negras (pretas ou pardas).<\/li>\n<\/ul>\n\n\n\n<p><\/p>\n\n\n\n<h5 id=\"locais-de-atendimento-dos-procedimentos-presenciais\">Local de atendimento dos procedimentos presenciais:<\/h5>\n\n\n\n<p><em><strong>Banca de Heteroidentifica\u00e7\u00e3o&nbsp;<\/strong><\/em><\/p>\n\n\n\n<p><a rel=\"noreferrer noopener\" href=\"https:\/\/www.google.com\/maps?q=cad+iii&amp;rlz=1C1GCEU_pt-BRBR885BR885&amp;um=1&amp;ie=UTF-8&amp;sa=X&amp;ved=2ahUKEwiJ7O7kn5r9AhXrJbkGHTLLCXsQ_AUoAHoECAEQCg\" target=\"_blank\">Centro de Atividades Did\u00e1ticas III \u2013 Avenida Ant\u00f4nio Carlos, 6627 \u2013 Campus Pampulha \u2013 Belo Horizonte \u2013 Minas Gerais<\/a><\/p>\n\n\n\n<p><\/p>\n","protected":false},"excerpt":{"rendered":"<p>Aten\u00e7\u00e3o: Local de atendimento dos procedimentos presenciais: Banca de Heteroidentifica\u00e7\u00e3o&nbsp; Centro de Atividades Did\u00e1ticas III \u2013 Avenida Ant\u00f4nio Carlos, 6627 \u2013 Campus Pampulha \u2013 Belo Horizonte \u2013 Minas Gerais<\/p>\n","protected":false},"author":4,"featured_media":0,"parent":0,"menu_order":0,"comment_status":"closed","ping_status":"closed","template":"","meta":[],"acf":[],"_links":{"self":[{"href":"https:\/\/www.ufmg.br\/sisu\/wp-json\/wp\/v2\/pages\/4171"}],"collection":[{"href":"https:\/\/www.ufmg.br\/sisu\/wp-json\/wp\/v2\/pages"}],"about":[{"href":"https:\/\/www.ufmg.br\/sisu\/wp-json\/wp\/v2\/types\/page"}],"author":[{"embeddable":true,"href":"https:\/\/www.ufmg.br\/sisu\/wp-json\/wp\/v2\/users\/4"}],"replies":[{"embeddable":true,"href":"https:\/\/www.ufmg.br\/sisu\/wp-json\/wp\/v2\/comments?post=4171"}],"version-history":[{"count":5,"href":"https:\/\/www.ufmg.br\/sisu\/wp-json\/wp\/v2\/pages\/4171\/revisions"}],"predecessor-version":[{"id":4197,"href":"https:\/\/www.ufmg.br\/sisu\/wp-json\/wp\/v2\/pages\/4171\/revisions\/4197"}],"wp:attachment":[{"href":"https:\/\/www.ufmg.br\/sisu\/wp-json\/wp\/v2\/media?parent=4171"}],"curies":[{"name":"wp","href":"https:\/\/api.w.org\/{rel}","templated":true}]}}