{"id":430,"date":"2022-11-01T10:16:02","date_gmt":"2022-11-01T13:16:02","guid":{"rendered":"https:\/\/www.ufmg.br\/sisu\/?page_id=430"},"modified":"2023-02-16T11:19:24","modified_gmt":"2023-02-16T13:19:24","slug":"vagas","status":"publish","type":"page","link":"https:\/\/www.ufmg.br\/sisu\/vagas\/","title":{"rendered":"Vagas"},"content":{"rendered":"\n<p>Para concorrer a uma vaga em um dos <a href=\"https:\/\/ufmg.br\/cursos\/graduacao\/\">91 cursos de gradua\u00e7\u00e3o da UFMG<\/a>, o candidato precisa escolher para qual modalidade ir\u00e1 se candidatar: ampla concorr\u00eancia ou reserva de vagas.&nbsp;<\/p>\n","protected":false},"excerpt":{"rendered":"<p>Para concorrer a uma vaga em um dos 91 cursos de gradua\u00e7\u00e3o da UFMG, o candidato precisa escolher para qual modalidade ir\u00e1 se candidatar: ampla concorr\u00eancia ou reserva de vagas.&nbsp;<\/p>\n","protected":false},"author":1,"featured_media":0,"parent":0,"menu_order":0,"comment_status":"closed","ping_status":"closed","template":"page-question.php","meta":[],"acf":[],"_links":{"self":[{"href":"https:\/\/www.ufmg.br\/sisu\/wp-json\/wp\/v2\/pages\/430"}],"collection":[{"href":"https:\/\/www.ufmg.br\/sisu\/wp-json\/wp\/v2\/pages"}],"about":[{"href":"https:\/\/www.ufmg.br\/sisu\/wp-json\/wp\/v2\/types\/page"}],"author":[{"embeddable":true,"href":"https:\/\/www.ufmg.br\/sisu\/wp-json\/wp\/v2\/users\/1"}],"replies":[{"embeddable":true,"href":"https:\/\/www.ufmg.br\/sisu\/wp-json\/wp\/v2\/comments?post=430"}],"version-history":[{"count":7,"href":"https:\/\/www.ufmg.br\/sisu\/wp-json\/wp\/v2\/pages\/430\/revisions"}],"predecessor-version":[{"id":1102,"href":"https:\/\/www.ufmg.br\/sisu\/wp-json\/wp\/v2\/pages\/430\/revisions\/1102"}],"wp:attachment":[{"href":"https:\/\/www.ufmg.br\/sisu\/wp-json\/wp\/v2\/media?parent=430"}],"curies":[{"name":"wp","href":"https:\/\/api.w.org\/{rel}","templated":true}]}}