{"id":4382,"date":"2025-02-04T13:49:08","date_gmt":"2025-02-04T16:49:08","guid":{"rendered":"https:\/\/www.ufmg.br\/sisu\/?page_id=4382"},"modified":"2025-03-02T16:11:01","modified_gmt":"2025-03-02T19:11:01","slug":"escala-de-atendimento-dos-procedimentos-presenciais-6","status":"publish","type":"page","link":"https:\/\/www.ufmg.br\/sisu\/escala-de-atendimento-dos-procedimentos-presenciais-6\/","title":{"rendered":"Escala de atendimento dos procedimentos presenciais"},"content":{"rendered":"\n<h5>Aten\u00e7\u00e3o:<\/h5>\n\n\n\n<ul>\n<li><a href=\"https:\/\/www.ufmg.br\/sisu\/wp-content\/uploads\/2025\/03\/ESCALA-DE-ATENDIMENTO-SISU-2025-CHAMADA-REGULAR.pdf\" data-type=\"URL\" data-id=\"https:\/\/www.ufmg.br\/sisu\/wp-content\/uploads\/2025\/03\/ESCALA-DE-ATENDIMENTO-SISU-2025-CHAMADA-REGULAR.pdf\" target=\"_blank\" rel=\"noreferrer noopener\">Rela\u00e7\u00e3o dos candidatos convocados para os procedimentos presenciais<\/a>.<\/li>\n\n\n\n<li>Nos termos do item 9.6 do Edital do Processo Seletivo SiSU\/UFMG 2025, os candidatos que j\u00e1 tenham passado por avalia\u00e7\u00e3o da banca de heteroidentifica\u00e7\u00e3o na UFMG, a partir do ano de 2019, n\u00e3o ser\u00e3o convocados para novo procedimento, sendo que sua avalia\u00e7\u00e3o anterior ser\u00e1 considerada para definir aptid\u00e3o ou n\u00e3o a ocupar uma vaga destinada a pessoas negras (pretas ou pardas).<\/li>\n\n\n\n<li>A escala de atendimento para os candidatos que ingressar\u00e3o no segundo semestre de 2025 ser\u00e1 divulgada em junho.<\/li>\n<\/ul>\n\n\n\n<div style=\"height:68px\" aria-hidden=\"true\" class=\"wp-block-spacer\"><\/div>\n\n\n\n<h5 id=\"locais-de-atendimento-dos-procedimentos-presenciais\">Locais de atendimento dos procedimentos presenciais<\/h5>\n\n\n\n<p><strong>Cursos sediados em Belo Horizonte<\/strong><\/p>\n\n\n\n<p><em>Banca de Heteroidentifica\u00e7\u00e3o<\/em><\/p>\n\n\n\n<p><a href=\"https:\/\/www.google.com\/maps?q=cad+iii&amp;rlz=1C1GCEU_pt-BRBR885BR885&amp;um=1&amp;ie=UTF-8&amp;sa=X&amp;ved=2ahUKEwiJ7O7kn5r9AhXrJbkGHTLLCXsQ_AUoAHoECAEQCg\" target=\"_blank\" rel=\"noreferrer noopener\">Centro de Atividades Did\u00e1ticas III \u2013 Avenida Ant\u00f4nio Carlos, 6627 \u2013 Campus Pampulha \u2013 Belo Horizonte \u2013 Minas Gerais<\/a><\/p>\n\n\n\n<p><em>Banca de Verifica\u00e7\u00e3o e Valida\u00e7\u00e3o de Pessoa com Defici\u00eancia<\/em><\/p>\n\n\n\n<p><a href=\"https:\/\/www.google.com.br\/maps?sca_esv=46890ce5d97cd057&amp;hl=pt-BR&amp;sxsrf=AHTn8zo1lU2IrW3tK53oiG8AZIdnCKK7SQ:1738075591663&amp;uact=5&amp;gs_lp=Egxnd3Mtd2l6LXNlcnAiCmNhZCBJIHVmbWcyDhAuGIAEGMcBGI4FGK8BMgIQJjIIEAAYgAQYogQyCBAAGIAEGKIEMgUQABjvBTIdEC4YgAQYxwEYjgUYrwEYlwUY3AQY3gQY4ATYAQFI2wxQpwpYpwpwAngBkAEAmAF2oAF2qgEDMC4xuAEDyAEA-AEBmAIDoAKCAcICChAAGLADGNYEGEeYAwCIBgGQBga6BgYIARABGBSSBwMyLjGgB-IG&amp;um=1&amp;ie=UTF-8&amp;fb=1&amp;gl=br&amp;sa=X&amp;geocode=Kduib831kKYAMT_--HsmZjCm&amp;daddr=R.+Prof.+Baeta+Viana,+s\/n+-+Pampulha,+Belo+Horizonte+-+MG,+31270-901\" target=\"_blank\" rel=\"noreferrer noopener\">Centro de Atividades Did\u00e1ticas I \u2013 Avenida Ant\u00f4nio Carlos, 6627 \u2013 Campus Pampulha \u2013 Belo Horizonte \u2013 Minas Gerais<\/a><\/p>\n\n\n\n<hr class=\"wp-block-separator has-alpha-channel-opacity\"\/>\n\n\n\n<p><strong>Cursos sediados em Montes Claros<\/strong><\/p>\n\n\n\n<p><em>Banca de Heteroidentifica\u00e7\u00e3o e Banca de Verifica\u00e7\u00e3o e Valida\u00e7\u00e3o de Pessoa com Defici\u00eancia<\/em><\/p>\n\n\n\n<p><a href=\"https:\/\/goo.gl\/maps\/8yrSrnUHhoXULPkq6\" target=\"_blank\" rel=\"noreferrer noopener\">Instituto de Ci\u00eancias Agr\u00e1rias \u2013 Av. Universit\u00e1ria, 1000 \u2013 Universit\u00e1rio, Montes Claros \u2013 MG, 39404-547<\/a><\/p>\n","protected":false},"excerpt":{"rendered":"<p>Aten\u00e7\u00e3o: Locais de atendimento dos procedimentos presenciais Cursos sediados em Belo Horizonte Banca de Heteroidentifica\u00e7\u00e3o Centro de Atividades Did\u00e1ticas III \u2013 Avenida Ant\u00f4nio Carlos, 6627 \u2013 Campus Pampulha \u2013 Belo Horizonte \u2013 Minas Gerais Banca de Verifica\u00e7\u00e3o e Valida\u00e7\u00e3o de Pessoa com Defici\u00eancia Centro de Atividades Did\u00e1ticas I \u2013 Avenida Ant\u00f4nio Carlos, 6627 \u2013 Campus [&hellip;]<\/p>\n","protected":false},"author":4,"featured_media":0,"parent":0,"menu_order":0,"comment_status":"closed","ping_status":"closed","template":"","meta":[],"acf":[],"_links":{"self":[{"href":"https:\/\/www.ufmg.br\/sisu\/wp-json\/wp\/v2\/pages\/4382"}],"collection":[{"href":"https:\/\/www.ufmg.br\/sisu\/wp-json\/wp\/v2\/pages"}],"about":[{"href":"https:\/\/www.ufmg.br\/sisu\/wp-json\/wp\/v2\/types\/page"}],"author":[{"embeddable":true,"href":"https:\/\/www.ufmg.br\/sisu\/wp-json\/wp\/v2\/users\/4"}],"replies":[{"embeddable":true,"href":"https:\/\/www.ufmg.br\/sisu\/wp-json\/wp\/v2\/comments?post=4382"}],"version-history":[{"count":6,"href":"https:\/\/www.ufmg.br\/sisu\/wp-json\/wp\/v2\/pages\/4382\/revisions"}],"predecessor-version":[{"id":4571,"href":"https:\/\/www.ufmg.br\/sisu\/wp-json\/wp\/v2\/pages\/4382\/revisions\/4571"}],"wp:attachment":[{"href":"https:\/\/www.ufmg.br\/sisu\/wp-json\/wp\/v2\/media?parent=4382"}],"curies":[{"name":"wp","href":"https:\/\/api.w.org\/{rel}","templated":true}]}}