{"id":4599,"date":"2025-03-07T19:25:12","date_gmt":"2025-03-07T22:25:12","guid":{"rendered":"https:\/\/www.ufmg.br\/sisu\/?page_id=4599"},"modified":"2025-03-07T19:28:37","modified_gmt":"2025-03-07T22:28:37","slug":"escala-de-atendimento-dos-procedimentos-presenciais-9","status":"publish","type":"page","link":"https:\/\/www.ufmg.br\/sisu\/escala-de-atendimento-dos-procedimentos-presenciais-9\/","title":{"rendered":"Escala de atendimento dos procedimentos presenciais"},"content":{"rendered":"\n<h5>Aten\u00e7\u00e3o:<\/h5>\n\n\n\n<ul>\n<li>R<a href=\"https:\/\/www.ufmg.br\/sisu\/wp-content\/uploads\/2025\/03\/ESCALA-DE-ATENDIMENTO-SISU-2025-3a-Chamada-da-LE-e-3a-Antecipacao.pdf\" data-type=\"URL\" data-id=\"https:\/\/www.ufmg.br\/sisu\/wp-content\/uploads\/2025\/03\/ESCALA-DE-ATENDIMENTO-SISU-2025-3a-Chamada-da-LE-e-3a-Antecipacao.pdf\" target=\"_blank\" rel=\"noreferrer noopener\">ela\u00e7\u00e3o dos candidatos convocados para os procedimentos presenciais<\/a>.<\/li>\n\n\n\n<li>Nos termos do item 9.6 do Edital do Processo Seletivo SiSU\/UFMG 2025, os candidatos que j\u00e1 tenham passado por avalia\u00e7\u00e3o da banca de heteroidentifica\u00e7\u00e3o na UFMG, a partir do ano de 2019, n\u00e3o ser\u00e3o convocados para novo procedimento, sendo que sua avalia\u00e7\u00e3o anterior ser\u00e1 considerada para definir aptid\u00e3o ou n\u00e3o a ocupar uma vaga destinada a pessoas negras (pretas ou pardas).<\/li>\n\n\n\n<li>A escala de atendimento para os candidatos que ingressar\u00e3o no segundo semestre de 2025 ser\u00e1 divulgada em junho.<\/li>\n<\/ul>\n\n\n\n<div style=\"height:68px\" aria-hidden=\"true\" class=\"wp-block-spacer\"><\/div>\n\n\n\n<h5 id=\"locais-de-atendimento-dos-procedimentos-presenciais\">Locais de atendimento dos procedimentos presenciais<\/h5>\n\n\n\n<p><strong>Cursos sediados em Belo Horizonte<\/strong><\/p>\n\n\n\n<p><em>Banca de Heteroidentifica\u00e7\u00e3o e Banca de Verifica\u00e7\u00e3o e Valida\u00e7\u00e3o de Pessoa com Defici\u00eancia<\/em><\/p>\n\n\n\n<p><a href=\"https:\/\/www.google.com\/maps\/search\/unidade+administrativa+iii+ufmg\/@-19.8622977,-43.9682257,17z\/data=!3m1!4b1?entry=ttu&amp;g_ep=EgoyMDI1MDMwNC4wIKXMDSoASAFQAw%3D%3D\" target=\"_blank\" rel=\"noreferrer noopener\">Unidade Administrativa III \u2013 Avenida Ant\u00f4nio Carlos, 6627 \u2013 Campus Pampulha \u2013 Belo Horizonte \u2013 Minas Gerais<\/a><\/p>\n\n\n\n<p><\/p>\n\n\n\n<hr class=\"wp-block-separator has-alpha-channel-opacity\"\/>\n\n\n\n<p><strong>Cursos sediados em Montes Claros<\/strong><\/p>\n\n\n\n<p><em>Banca de Heteroidentifica\u00e7\u00e3o e Banca de Verifica\u00e7\u00e3o e Valida\u00e7\u00e3o de Pessoa com Defici\u00eancia<\/em><\/p>\n\n\n\n<p><a rel=\"noreferrer noopener\" href=\"https:\/\/goo.gl\/maps\/8yrSrnUHhoXULPkq6\" target=\"_blank\">Instituto de Ci\u00eancias Agr\u00e1rias \u2013 Av. Universit\u00e1ria, 1000 \u2013 Universit\u00e1rio, Montes Claros \u2013 MG, 39404-547<\/a><\/p>\n","protected":false},"excerpt":{"rendered":"<p>Aten\u00e7\u00e3o: Locais de atendimento dos procedimentos presenciais Cursos sediados em Belo Horizonte Banca de Heteroidentifica\u00e7\u00e3o e Banca de Verifica\u00e7\u00e3o e Valida\u00e7\u00e3o de Pessoa com Defici\u00eancia Unidade Administrativa III \u2013 Avenida Ant\u00f4nio Carlos, 6627 \u2013 Campus Pampulha \u2013 Belo Horizonte \u2013 Minas Gerais Cursos sediados em Montes Claros Banca de Heteroidentifica\u00e7\u00e3o e Banca de Verifica\u00e7\u00e3o e [&hellip;]<\/p>\n","protected":false},"author":4,"featured_media":0,"parent":0,"menu_order":0,"comment_status":"closed","ping_status":"closed","template":"","meta":[],"acf":[],"_links":{"self":[{"href":"https:\/\/www.ufmg.br\/sisu\/wp-json\/wp\/v2\/pages\/4599"}],"collection":[{"href":"https:\/\/www.ufmg.br\/sisu\/wp-json\/wp\/v2\/pages"}],"about":[{"href":"https:\/\/www.ufmg.br\/sisu\/wp-json\/wp\/v2\/types\/page"}],"author":[{"embeddable":true,"href":"https:\/\/www.ufmg.br\/sisu\/wp-json\/wp\/v2\/users\/4"}],"replies":[{"embeddable":true,"href":"https:\/\/www.ufmg.br\/sisu\/wp-json\/wp\/v2\/comments?post=4599"}],"version-history":[{"count":8,"href":"https:\/\/www.ufmg.br\/sisu\/wp-json\/wp\/v2\/pages\/4599\/revisions"}],"predecessor-version":[{"id":4687,"href":"https:\/\/www.ufmg.br\/sisu\/wp-json\/wp\/v2\/pages\/4599\/revisions\/4687"}],"wp:attachment":[{"href":"https:\/\/www.ufmg.br\/sisu\/wp-json\/wp\/v2\/media?parent=4599"}],"curies":[{"name":"wp","href":"https:\/\/api.w.org\/{rel}","templated":true}]}}