{"id":460,"date":"2022-12-14T09:17:59","date_gmt":"2022-12-14T12:17:59","guid":{"rendered":"https:\/\/www.ufmg.br\/sisu\/?page_id=460"},"modified":"2026-01-08T14:57:42","modified_gmt":"2026-01-08T17:57:42","slug":"modalidades-de-vagas","status":"publish","type":"page","link":"https:\/\/www.ufmg.br\/sisu\/vagas\/modalidades-de-vagas\/","title":{"rendered":"Modalidades de vagas"},"content":{"rendered":"\n<p><p style=\"text-align: justify;\">Al\u00e9m das vagas de ampla concorr\u00eancia, s\u00e3o oferecidas vagas em <strong>8 (oito) modalidades de reserva<\/strong>:<\/p><\/p>\n\n\n\n<p><p style=\"text-align: justify;\"><strong>LB_PPI<\/strong> &#8211; Candidatos autodeclarados negros (pretos ou pardos) ou ind\u00edgenas, com renda familiar bruta mensal igual ou inferior a 1 (um) sal\u00e1rio-m\u00ednimo per capita e que tenham cursado integralmente o Ensino M\u00e9dio em escolas p\u00fablicas brasileiras ou em escolas comunit\u00e1rias que atuam no \u00e2mbito da educa\u00e7\u00e3o do campo conveniadas com o poder p\u00fablico (item 2.4.1 do edital).<\/p><\/p>\n\n\n\n<p><p style=\"text-align: justify;\"><strong>LB_Q<\/strong> &#8211; Candidatos autodeclarados quilombolas, com renda familiar bruta mensal igual ou inferior a 1 (um) sal\u00e1rio-m\u00ednimo per capita, que tenham cursado integralmente o Ensino M\u00e9dio em escolas p\u00fablicas brasileiras ou em escolas comunit\u00e1rias que atuam no \u00e2mbito da educa\u00e7\u00e3o do campo conveniadas com o poder p\u00fablico (item 2.4.2 do edital).<\/p><\/p>\n\n\n\n<p><p style=\"text-align: justify;\"><strong>LB_PCD<\/strong> &#8211; Candidatos com defici\u00eancia e com renda familiar bruta mensal igual ou inferior a 1 sal\u00e1rio- m\u00ednimo <em>per capita <\/em>e que tenham cursado integralmente o ensino m\u00e9dio em escolas p\u00fablicas brasileiras ou em escolas comunit\u00e1rias que atuam no \u00e2mbito da educa\u00e7\u00e3o do campo conveniadas com o poder p\u00fablico (item 2.4.3 do edital).<\/p><\/p>\n\n\n\n<p><p style=\"text-align: justify;\"><strong>LB_EP<\/strong> &#8211; Candidatos com renda familiar bruta mensal igual ou inferior a 1 sal\u00e1rio-m\u00ednimo <em>per capita<\/em> e que tenham cursado integralmente o ensino m\u00e9dio em escolas p\u00fablicas brasileiras ou em escolas comunit\u00e1rias que atuam no \u00e2mbito da educa\u00e7\u00e3o do campo conveniadas com o poder p\u00fablico (item 2.4.4 do edital).<\/p><\/p>\n\n\n\n<p><p style=\"text-align: justify;\"><strong>LI_PPI<\/strong> &#8211; Candidatos autodeclarados negros (pretos ou pardos) ou ind\u00edgenas que, independentemente da renda, tenham cursado integralmente o ensino m\u00e9dio em escolas p\u00fablicas brasileiras ou em escolas comunit\u00e1rias que atuam no \u00e2mbito da educa\u00e7\u00e3o do campo conveniadas com o poder p\u00fablico (item 2.4.5 do edital).<\/p><\/p>\n\n\n\n<p><strong>LI_Q<\/strong> &#8211; Candidatos autodeclarados quilombolas, independentemente de&nbsp; renda e que tenham cursado integralmente o ensino m\u00e9dio em escolas p\u00fablicas brasileiras ou em escolas comunit\u00e1rias que atuam no \u00e2mbito da educa\u00e7\u00e3o do campo conveniadas com o poder p\u00fablico (item 2.4.6 do edital).<\/p>\n\n\n\n<p><p style=\"text-align: justify;\"><strong>LI_PCD<\/strong> &#8211; Candidatos com defici\u00eancia e que, independentemente da renda e tenham cursado integralmente o Ensino M\u00e9dio em escolas p\u00fablicas brasileiras ou em escolas comunit\u00e1rias que atuam no \u00e2mbito da educa\u00e7\u00e3o do campo conveniadas com o poder p\u00fablico (item 2.4.7 do edital).<\/p><\/p>\n\n\n\n<p><p style=\"text-align: justify;\"><strong>LI_EP<\/strong> &#8211; Candidatos que, independentemente da renda, tenham cursado integralmente o Ensino M\u00e9dio em escolas p\u00fablicas brasileiras ou em escolas comunit\u00e1rias que atuam no \u00e2mbito da educa\u00e7\u00e3o do campo conveniadas com o poder p\u00fablico (item 2.4.8 do edital)<\/p><\/p>\n","protected":false},"excerpt":{"rendered":"<p>Al\u00e9m das vagas de ampla concorr\u00eancia, s\u00e3o oferecidas vagas em 8 (oito) modalidades de reserva: LB_PPI &#8211; Candidatos autodeclarados negros (pretos ou pardos) ou ind\u00edgenas, com renda familiar bruta mensal igual ou inferior a 1 (um) sal\u00e1rio-m\u00ednimo per capita e que tenham cursado integralmente o Ensino M\u00e9dio em escolas p\u00fablicas brasileiras ou em escolas comunit\u00e1rias [&hellip;]<\/p>\n","protected":false},"author":1,"featured_media":0,"parent":430,"menu_order":0,"comment_status":"closed","ping_status":"closed","template":"","meta":[],"acf":[],"_links":{"self":[{"href":"https:\/\/www.ufmg.br\/sisu\/wp-json\/wp\/v2\/pages\/460"}],"collection":[{"href":"https:\/\/www.ufmg.br\/sisu\/wp-json\/wp\/v2\/pages"}],"about":[{"href":"https:\/\/www.ufmg.br\/sisu\/wp-json\/wp\/v2\/types\/page"}],"author":[{"embeddable":true,"href":"https:\/\/www.ufmg.br\/sisu\/wp-json\/wp\/v2\/users\/1"}],"replies":[{"embeddable":true,"href":"https:\/\/www.ufmg.br\/sisu\/wp-json\/wp\/v2\/comments?post=460"}],"version-history":[{"count":18,"href":"https:\/\/www.ufmg.br\/sisu\/wp-json\/wp\/v2\/pages\/460\/revisions"}],"predecessor-version":[{"id":5724,"href":"https:\/\/www.ufmg.br\/sisu\/wp-json\/wp\/v2\/pages\/460\/revisions\/5724"}],"up":[{"embeddable":true,"href":"https:\/\/www.ufmg.br\/sisu\/wp-json\/wp\/v2\/pages\/430"}],"wp:attachment":[{"href":"https:\/\/www.ufmg.br\/sisu\/wp-json\/wp\/v2\/media?parent=460"}],"curies":[{"name":"wp","href":"https:\/\/api.w.org\/{rel}","templated":true}]}}