{"id":466,"date":"2022-12-14T09:24:04","date_gmt":"2022-12-14T12:24:04","guid":{"rendered":"https:\/\/www.ufmg.br\/sisu\/?page_id=466"},"modified":"2023-02-16T11:21:24","modified_gmt":"2023-02-16T13:21:24","slug":"notas-de-corte","status":"publish","type":"page","link":"https:\/\/www.ufmg.br\/sisu\/vagas\/notas-de-corte\/","title":{"rendered":"Notas de corte"},"content":{"rendered":"\n<p>A <strong>nota de corte<\/strong> \u00e9 a menor nota necess\u00e1ria para que o candidato consiga ficar entre os selecionados em um determinado curso, dentro de uma modalidade. Ela \u00e9 baseada no n\u00famero de vagas dispon\u00edveis e no total de inscritos.&nbsp;A nota varia de curso para curso, dependendo dos candidatos inscritos. Consulte as \u00faltimas notas de corte dos cursos na UFMG.<\/p>\n","protected":false},"excerpt":{"rendered":"<p>A nota de corte \u00e9 a menor nota necess\u00e1ria para que o candidato consiga ficar entre os selecionados em um determinado curso, dentro de uma modalidade. Ela \u00e9 baseada no n\u00famero de vagas dispon\u00edveis e no total de inscritos.&nbsp;A nota varia de curso para curso, dependendo dos candidatos inscritos. Consulte as \u00faltimas notas de corte [&hellip;]<\/p>\n","protected":false},"author":1,"featured_media":0,"parent":430,"menu_order":0,"comment_status":"closed","ping_status":"closed","template":"page-editions.php","meta":[],"acf":[],"_links":{"self":[{"href":"https:\/\/www.ufmg.br\/sisu\/wp-json\/wp\/v2\/pages\/466"}],"collection":[{"href":"https:\/\/www.ufmg.br\/sisu\/wp-json\/wp\/v2\/pages"}],"about":[{"href":"https:\/\/www.ufmg.br\/sisu\/wp-json\/wp\/v2\/types\/page"}],"author":[{"embeddable":true,"href":"https:\/\/www.ufmg.br\/sisu\/wp-json\/wp\/v2\/users\/1"}],"replies":[{"embeddable":true,"href":"https:\/\/www.ufmg.br\/sisu\/wp-json\/wp\/v2\/comments?post=466"}],"version-history":[{"count":8,"href":"https:\/\/www.ufmg.br\/sisu\/wp-json\/wp\/v2\/pages\/466\/revisions"}],"predecessor-version":[{"id":1104,"href":"https:\/\/www.ufmg.br\/sisu\/wp-json\/wp\/v2\/pages\/466\/revisions\/1104"}],"up":[{"embeddable":true,"href":"https:\/\/www.ufmg.br\/sisu\/wp-json\/wp\/v2\/pages\/430"}],"wp:attachment":[{"href":"https:\/\/www.ufmg.br\/sisu\/wp-json\/wp\/v2\/media?parent=466"}],"curies":[{"name":"wp","href":"https:\/\/api.w.org\/{rel}","templated":true}]}}