{"id":472,"date":"2022-12-14T09:34:38","date_gmt":"2022-12-14T12:34:38","guid":{"rendered":"https:\/\/www.ufmg.br\/sisu\/?page_id=472"},"modified":"2026-01-08T15:12:59","modified_gmt":"2026-01-08T18:12:59","slug":"documentos","status":"publish","type":"page","link":"https:\/\/www.ufmg.br\/sisu\/documentos\/","title":{"rendered":"Documentos"},"content":{"rendered":"\n<p><p style=\"text-align: justify;\">Para realizarem a matr\u00edcula na UFMG, <strong>todos os candidatos<\/strong> selecionados devem apresentar os seguintes documentos, que dever\u00e3o ser anexados em formato digital de acordo com a modalidade de vaga:<\/p><\/p>\n\n\n\n<hr class=\"wp-block-separator has-alpha-channel-opacity\"\/>\n\n\n\n<h5>Clique na modalidade de vaga para verificar a documenta\u00e7\u00e3o obrigat\u00f3ria<\/h5>\n\n\n\n<ul>\n<li style=\"text-align: justify;\"><a rel=\"noreferrer noopener\" href=\"https:\/\/www.ufmg.br\/sisu\/ampla-concorrencia\/\" target=\"_blank\"><strong>Ampla concorr\u00eancia<\/strong><\/a><\/li>\n\n\n\n<li style=\"text-align: justify;\"><strong><a rel=\"noreferrer noopener\" href=\"https:\/\/www.ufmg.br\/sisu\/modalidade-1-2-candidatos-autodeclarados-negros-pretos-ou-pardos-ou-indigenas-e-com-renda-familiar-bruta-per-capita-igual-ou-inferior-a-15-salario-minimo-que-tenham-cursado-inte\/\" data-type=\"URL\" data-id=\"https:\/\/www.ufmg.br\/sisu\/modalidade-1-2-candidatos-autodeclarados-negros-pretos-ou-pardos-ou-indigenas-e-com-renda-familiar-bruta-per-capita-igual-ou-inferior-a-15-salario-minimo-que-tenham-cursado-inte\/\" target=\"_blank\">LB_PPI<\/a><\/strong> &#8211; Candidatos autodeclarados negros (pretos ou pardos) ou ind\u00edgenas, com renda familiar bruta mensal igual ou inferior a 1 (um) sal\u00e1rio-m\u00ednimo <em>per capita<\/em> e que tenham cursado integralmente o Ensino M\u00e9dio em escolas p\u00fablicas brasileiras ou em escolas comunit\u00e1rias que atuam no \u00e2mbito da educa\u00e7\u00e3o do campo conveniadas com o poder p\u00fablico (item 2.4.1 do edital).<\/li>\n\n\n\n<li style=\"text-align: justify;\"><strong><a rel=\"noreferrer noopener\" href=\"https:\/\/www.ufmg.br\/sisu\/lb_q\/\" data-type=\"URL\" data-id=\"https:\/\/www.ufmg.br\/sisu\/lb_q\/\" target=\"_blank\">LB_Q<\/a><\/strong> &#8211; Candidatos autodeclarados quilombolas, com renda familiar bruta mensal igual ou inferior a 1 (um) sal\u00e1rio-m\u00ednimo per capita, que tenham cursado integralmente o Ensino M\u00e9dio em escolas p\u00fablicas brasileiras ou em escolas comunit\u00e1rias que atuam no \u00e2mbito da educa\u00e7\u00e3o do campo conveniadas com o poder p\u00fablico (item 2.4.2 do edital).<\/li>\n\n\n\n<li style=\"text-align: justify;\"><strong><a rel=\"noreferrer noopener\" href=\"https:\/\/www.ufmg.br\/sisu\/modalidade-2-1-candidatos-com-deficiencia-e-com-renda-familiar-bruta-mensal-igual-ou-inferior-a-15-salario-minimo-per-capita-que-tenham-cursado-integralmente-o-ensino-medio-em-escolas-publicas-br\/\" data-type=\"URL\" data-id=\"https:\/\/www.ufmg.br\/sisu\/modalidade-2-1-candidatos-com-deficiencia-e-com-renda-familiar-bruta-mensal-igual-ou-inferior-a-15-salario-minimo-per-capita-que-tenham-cursado-integralmente-o-ensino-medio-em-escolas-publicas-br\/\" target=\"_blank\">LB_PCD<\/a><\/strong> &#8211; Candidatos com defici\u00eancia e com renda familiar bruta mensal igual ou inferior a 1 sal\u00e1rio- m\u00ednimo <em>per capita <\/em>e que tenham cursado integralmente o ensino m\u00e9dio em escolas p\u00fablicas brasileiras ou em escolas comunit\u00e1rias que atuam no \u00e2mbito da educa\u00e7\u00e3o do campo conveniadas com o poder p\u00fablico (item 2.4.3 do edital).<\/li>\n\n\n\n<li style=\"text-align: justify;\"><strong><a rel=\"noreferrer noopener\" href=\"https:\/\/www.ufmg.br\/sisu\/modalidade-2-2-candidatos-com-renda-familiar-bruta-mensal-igual-ou-inferior-a-15-salario-minimo-per-capita-que-tenham-cursado-integralmente-o-ensino-medio-em-escolas-publicas-brasileiras\/\" data-type=\"URL\" data-id=\"https:\/\/www.ufmg.br\/sisu\/modalidade-2-2-candidatos-com-renda-familiar-bruta-mensal-igual-ou-inferior-a-15-salario-minimo-per-capita-que-tenham-cursado-integralmente-o-ensino-medio-em-escolas-publicas-brasileiras\/\" target=\"_blank\">LB_EP<\/a><\/strong> &#8211; Candidatos com renda familiar bruta mensal igual ou inferior a 1 sal\u00e1rio-m\u00ednimo <em>per capita<\/em> e que tenham cursado integralmente o ensino m\u00e9dio em escolas p\u00fablicas brasileiras ou em escolas comunit\u00e1rias que atuam no \u00e2mbito da educa\u00e7\u00e3o do campo conveniadas com o poder p\u00fablico (item 2.4.4 do edital).<\/li>\n\n\n\n<li style=\"text-align: justify;\"><strong><a rel=\"noreferrer noopener\" href=\"https:\/\/www.ufmg.br\/sisu\/modalidade-3-2-candidatos-autodeclarados-negros-pretos-ou-pardos-ou-indigenas-que-independentemente-da-renda-tenham-cursado-integralmente-o-ensino-medio-em-escolas-publicas-brasileiras\/\" data-type=\"URL\" data-id=\"https:\/\/www.ufmg.br\/sisu\/modalidade-3-2-candidatos-autodeclarados-negros-pretos-ou-pardos-ou-indigenas-que-independentemente-da-renda-tenham-cursado-integralmente-o-ensino-medio-em-escolas-publicas-brasileiras\/\" target=\"_blank\">LI_PPI<\/a><\/strong> &#8211; Candidatos autodeclarados negros (pretos ou pardos) ou ind\u00edgenas que, independentemente da renda, tenham cursado integralmente o ensino m\u00e9dio em escolas p\u00fablicas brasileiras ou em escolas comunit\u00e1rias que atuam no \u00e2mbito da educa\u00e7\u00e3o do campo conveniadas com o poder p\u00fablico (item 2.4.5 do edital).<\/li>\n\n\n\n<li style=\"text-align: justify;\"><strong><a rel=\"noreferrer noopener\" href=\"https:\/\/www.ufmg.br\/sisu\/li_q\/\" data-type=\"URL\" data-id=\"https:\/\/www.ufmg.br\/sisu\/li_q\/\" target=\"_blank\">LI_Q<\/a><\/strong> &#8211; Candidatos autodeclarados quilombolas, independentemente de&nbsp; renda e que tenham cursado integralmente o ensino m\u00e9dio em escolas p\u00fablicas brasileiras ou em escolas comunit\u00e1rias que atuam no \u00e2mbito da educa\u00e7\u00e3o do campo conveniadas com o poder p\u00fablico (item 2.4.6 do edital).<\/li>\n\n\n\n<li style=\"text-align: justify;\"><strong><a rel=\"noreferrer noopener\" href=\"https:\/\/www.ufmg.br\/sisu\/modalidade-4-1-candidatos-com-deficiencia-que-independentemente-da-renda-tenham-cursado-integralmente-o-ensino-medio-em-escolas-publicas-brasileiras\/\" data-type=\"URL\" data-id=\"https:\/\/www.ufmg.br\/sisu\/modalidade-4-1-candidatos-com-deficiencia-que-independentemente-da-renda-tenham-cursado-integralmente-o-ensino-medio-em-escolas-publicas-brasileiras\/\" target=\"_blank\">LI_PCD<\/a><\/strong> &#8211; Candidatos com defici\u00eancia e que, independentemente da renda e tenham cursado integralmente o Ensino M\u00e9dio em escolas p\u00fablicas brasileiras ou em escolas comunit\u00e1rias que atuam no \u00e2mbito da educa\u00e7\u00e3o do campo conveniadas com o poder p\u00fablico (item 2.4.7 do edital).<\/li>\n\n\n\n<li style=\"text-align: justify;\"><strong><a rel=\"noreferrer noopener\" href=\"https:\/\/www.ufmg.br\/sisu\/modalidade-4-2-candidatos-que-independentemente-da-renda-tenham-cursado-integralmente-o-ensino-medio-em-escolas-publicas-brasileiras\/\" data-type=\"URL\" data-id=\"https:\/\/www.ufmg.br\/sisu\/modalidade-4-2-candidatos-que-independentemente-da-renda-tenham-cursado-integralmente-o-ensino-medio-em-escolas-publicas-brasileiras\/\" target=\"_blank\">LI_EP<\/a><\/strong> &#8211; Candidatos que, independentemente da renda, tenham cursado integralmente o Ensino M\u00e9dio em escolas p\u00fablicas brasileiras ou em escolas comunit\u00e1rias que atuam no \u00e2mbito da educa\u00e7\u00e3o do campo conveniadas com o poder p\u00fablico (item 2.4.8 do edital).<\/li>\n<\/ul>\n\n\n\n<figure class=\"wp-block-image size-large\"><img decoding=\"async\" loading=\"lazy\" width=\"611\" height=\"1024\" src=\"https:\/\/www.ufmg.br\/sisu\/wp-content\/uploads\/2023\/02\/Infografico-SISU-Documentos-1-611x1024.png\" alt=\"Infogr\u00e1fico &quot;Onde apresento os Documentos&quot;\" class=\"wp-image-989\" srcset=\"https:\/\/www.ufmg.br\/sisu\/wp-content\/uploads\/2023\/02\/Infografico-SISU-Documentos-1-611x1024.png 611w, https:\/\/www.ufmg.br\/sisu\/wp-content\/uploads\/2023\/02\/Infografico-SISU-Documentos-1-179x300.png 179w, https:\/\/www.ufmg.br\/sisu\/wp-content\/uploads\/2023\/02\/Infografico-SISU-Documentos-1-768x1286.png 768w, https:\/\/www.ufmg.br\/sisu\/wp-content\/uploads\/2023\/02\/Infografico-SISU-Documentos-1.png 800w\" sizes=\"(max-width: 611px) 100vw, 611px\" \/><\/figure>\n","protected":false},"excerpt":{"rendered":"<p>Para realizarem a matr\u00edcula na UFMG, todos os candidatos selecionados devem apresentar os seguintes documentos, que dever\u00e3o ser anexados em formato digital de acordo com a modalidade de vaga: Clique na modalidade de vaga para verificar a documenta\u00e7\u00e3o obrigat\u00f3ria<\/p>\n","protected":false},"author":1,"featured_media":0,"parent":0,"menu_order":0,"comment_status":"closed","ping_status":"closed","template":"","meta":[],"acf":[],"_links":{"self":[{"href":"https:\/\/www.ufmg.br\/sisu\/wp-json\/wp\/v2\/pages\/472"}],"collection":[{"href":"https:\/\/www.ufmg.br\/sisu\/wp-json\/wp\/v2\/pages"}],"about":[{"href":"https:\/\/www.ufmg.br\/sisu\/wp-json\/wp\/v2\/types\/page"}],"author":[{"embeddable":true,"href":"https:\/\/www.ufmg.br\/sisu\/wp-json\/wp\/v2\/users\/1"}],"replies":[{"embeddable":true,"href":"https:\/\/www.ufmg.br\/sisu\/wp-json\/wp\/v2\/comments?post=472"}],"version-history":[{"count":34,"href":"https:\/\/www.ufmg.br\/sisu\/wp-json\/wp\/v2\/pages\/472\/revisions"}],"predecessor-version":[{"id":5727,"href":"https:\/\/www.ufmg.br\/sisu\/wp-json\/wp\/v2\/pages\/472\/revisions\/5727"}],"wp:attachment":[{"href":"https:\/\/www.ufmg.br\/sisu\/wp-json\/wp\/v2\/media?parent=472"}],"curies":[{"name":"wp","href":"https:\/\/api.w.org\/{rel}","templated":true}]}}