{"id":475,"date":"2022-12-14T09:35:29","date_gmt":"2022-12-14T12:35:29","guid":{"rendered":"https:\/\/www.ufmg.br\/sisu\/?page_id=475"},"modified":"2026-01-08T14:48:57","modified_gmt":"2026-01-08T17:48:57","slug":"registro-e-matricula","status":"publish","type":"page","link":"https:\/\/www.ufmg.br\/sisu\/registro-e-matricula\/","title":{"rendered":"Registro e matr\u00edcula"},"content":{"rendered":"\n<p><p style=\"text-align: justify;\">O <strong>registro acad\u00eamico<\/strong> \u00e9 um ato acad\u00eamico obrigat\u00f3rio a ser realizado pelos candidatos selecionados para a ocupa\u00e7\u00e3o da vaga obtida no SISU\/UFMG. Por meio do Registro Acad\u00eamico, os candidatos selecionados fornecem \u00e0 UFMG, para cadastro, os seus dados pessoais e acad\u00eamicos, entre outros.<\/p><\/p>\n\n\n\n<p><p style=\"text-align: justify;\">Para realiz\u00e1-lo, os candidatos selecionados dever\u00e3o:<\/p><\/p>\n\n\n\n<p><p style=\"text-align: justify;\">Efetuar obrigatoriamente o Registro Acad\u00eamico, via internet, exclusivamente, na p\u00e1gina www.ufmg.br\/sisu, <a rel=\"noreferrer noopener\" href=\"https:\/\/www.ufmg.br\/sisu\/cronograma\/\" data-type=\"URL\" data-id=\"https:\/\/www.ufmg.br\/sisu\/cronograma\/\" target=\"_blank\">nos dias pr\u00e9-estabelecidos<\/a> nas instru\u00e7\u00f5es de cada chamada. Para acessar o Registro Acad\u00eamico, via internet, \u00e9 necess\u00e1rio utilizar seu n\u00famero de CPF e a sua data de nascimento.<\/p><\/p>\n\n\n\n<p>Al\u00e9m disso, \u00e9 necess\u00e1rio apresentar obrigatoriamente <a rel=\"noreferrer noopener\" href=\"https:\/\/www.ufmg.br\/sisu\/documentos\/\" data-type=\"URL\" data-id=\"https:\/\/www.ufmg.br\/sisu\/documentos\/\" target=\"_blank\">os documentos<\/a>, que dever\u00e3o ser anexados em formato digital no momento do registro acad\u00eamico. Acesse aqui o roteiro para realizar o registro acad\u00eamico.<\/p>\n\n\n\n<figure class=\"wp-block-image size-large\"><img decoding=\"async\" loading=\"lazy\" width=\"611\" height=\"1024\" src=\"https:\/\/www.ufmg.br\/sisu\/wp-content\/uploads\/2023\/02\/Infografico-SISU-Documentos-1-611x1024.png\" alt=\"Infogr\u00e1fico &quot;Onde apresento os Documentos&quot;\" class=\"wp-image-989\" srcset=\"https:\/\/www.ufmg.br\/sisu\/wp-content\/uploads\/2023\/02\/Infografico-SISU-Documentos-1-611x1024.png 611w, https:\/\/www.ufmg.br\/sisu\/wp-content\/uploads\/2023\/02\/Infografico-SISU-Documentos-1-179x300.png 179w, https:\/\/www.ufmg.br\/sisu\/wp-content\/uploads\/2023\/02\/Infografico-SISU-Documentos-1-768x1286.png 768w, https:\/\/www.ufmg.br\/sisu\/wp-content\/uploads\/2023\/02\/Infografico-SISU-Documentos-1.png 800w\" sizes=\"(max-width: 611px) 100vw, 611px\" \/><\/figure>\n\n\n\n<p><p style=\"text-align: justify;\">A <strong>matr\u00edcula <\/strong>\u00e9 o segundo ato acad\u00eamico obrigat\u00f3rio. A primeira matr\u00edcula ser\u00e1 realizada em todas as atividades acad\u00eamicas obrigat\u00f3rias do 1\u00ba per\u00edodo curricular do curso para o qual o candidato foi selecionado.<\/p><\/p>\n","protected":false},"excerpt":{"rendered":"<p>O registro acad\u00eamico \u00e9 um ato acad\u00eamico obrigat\u00f3rio a ser realizado pelos candidatos selecionados para a ocupa\u00e7\u00e3o da vaga obtida no SISU\/UFMG. Por meio do Registro Acad\u00eamico, os candidatos selecionados fornecem \u00e0 UFMG, para cadastro, os seus dados pessoais e acad\u00eamicos, entre outros. Para realiz\u00e1-lo, os candidatos selecionados dever\u00e3o: Efetuar obrigatoriamente o Registro Acad\u00eamico, via [&hellip;]<\/p>\n","protected":false},"author":1,"featured_media":0,"parent":0,"menu_order":0,"comment_status":"closed","ping_status":"closed","template":"","meta":[],"acf":[],"_links":{"self":[{"href":"https:\/\/www.ufmg.br\/sisu\/wp-json\/wp\/v2\/pages\/475"}],"collection":[{"href":"https:\/\/www.ufmg.br\/sisu\/wp-json\/wp\/v2\/pages"}],"about":[{"href":"https:\/\/www.ufmg.br\/sisu\/wp-json\/wp\/v2\/types\/page"}],"author":[{"embeddable":true,"href":"https:\/\/www.ufmg.br\/sisu\/wp-json\/wp\/v2\/users\/1"}],"replies":[{"embeddable":true,"href":"https:\/\/www.ufmg.br\/sisu\/wp-json\/wp\/v2\/comments?post=475"}],"version-history":[{"count":10,"href":"https:\/\/www.ufmg.br\/sisu\/wp-json\/wp\/v2\/pages\/475\/revisions"}],"predecessor-version":[{"id":5721,"href":"https:\/\/www.ufmg.br\/sisu\/wp-json\/wp\/v2\/pages\/475\/revisions\/5721"}],"wp:attachment":[{"href":"https:\/\/www.ufmg.br\/sisu\/wp-json\/wp\/v2\/media?parent=475"}],"curies":[{"name":"wp","href":"https:\/\/api.w.org\/{rel}","templated":true}]}}