{"id":5273,"date":"2025-08-07T11:41:10","date_gmt":"2025-08-07T14:41:10","guid":{"rendered":"https:\/\/www.ufmg.br\/sisu\/?page_id=5273"},"modified":"2025-08-07T11:41:31","modified_gmt":"2025-08-07T14:41:31","slug":"escala-de-atendimento-do-procedimento-presencial-de-heteroidentificacao-4","status":"publish","type":"page","link":"https:\/\/www.ufmg.br\/sisu\/escala-de-atendimento-do-procedimento-presencial-de-heteroidentificacao-4\/","title":{"rendered":"Escala de atendimento do procedimento presencial de Heteroidentifica\u00e7\u00e3o"},"content":{"rendered":"\n<p><strong>Aten\u00e7\u00e3o:<\/strong><\/p>\n\n\n\n<ul>\n<li><a href=\"https:\/\/www.ufmg.br\/sisu\/wp-content\/uploads\/2025\/08\/ESCALA-DE-ATENDIMENTO-SISU-2025-12a-Chamada-da-LE-HETEROIDENTIFICACAO.pdf\" data-type=\"URL\" data-id=\"https:\/\/www.ufmg.br\/sisu\/wp-content\/uploads\/2025\/08\/ESCALA-DE-ATENDIMENTO-SISU-2025-12a-Chamada-da-LE-HETEROIDENTIFICACAO.pdf\" target=\"_blank\" rel=\"noreferrer noopener\">Rela\u00e7\u00e3o dos candidatos convocados para os procedimentos presenciais<\/a>.<\/li>\n\n\n\n<li>Nos termos do item 9.6 do Edital do Processo Seletivo SiSU\/UFMG 2025, os candidatos que j\u00e1 tenham passado por avalia\u00e7\u00e3o da banca de heteroidentifica\u00e7\u00e3o na UFMG, a partir do ano de 2019, n\u00e3o ser\u00e3o convocados para novo procedimento, sendo que sua avalia\u00e7\u00e3o anterior ser\u00e1 considerada para definir aptid\u00e3o ou n\u00e3o a ocupar uma vaga destinada a pessoas negras (pretas ou pardas).<\/li>\n<\/ul>\n\n\n\n<h5 id=\"locais-de-atendimento-dos-procedimentos-presenciais\">Local de atendimento:<\/h5>\n\n\n\n<p><a rel=\"noreferrer noopener\" href=\"https:\/\/www.google.com\/maps\/search\/unidade+administrativa+iii+ufmg\/@-19.8622977,-43.9682257,17z\/data=!3m1!4b1?entry=ttu&amp;g_ep=EgoyMDI1MDMwNC4wIKXMDSoASAFQAw%3D%3D\" data-type=\"URL\" data-id=\"https:\/\/www.google.com\/maps\/search\/unidade+administrativa+iii+ufmg\/@-19.8622977,-43.9682257,17z\/data=!3m1!4b1?entry=ttu&amp;g_ep=EgoyMDI1MDMwNC4wIKXMDSoASAFQAw%3D%3D\" target=\"_blank\">Audit\u00f3rio da COPEVE\/UFMG na Unidade Administrativa 3 (ADM3) &#8211; Campus Pampulha\/Avenida Ant\u00f4nio Carlos, 6627 \u2013 Campus Pampulha \u2013 Belo Horizonte \u2013 Minas Gerais<\/a><\/p>\n","protected":false},"excerpt":{"rendered":"<p>Aten\u00e7\u00e3o: Local de atendimento: Audit\u00f3rio da COPEVE\/UFMG na Unidade Administrativa 3 (ADM3) &#8211; Campus Pampulha\/Avenida Ant\u00f4nio Carlos, 6627 \u2013 Campus Pampulha \u2013 Belo Horizonte \u2013 Minas Gerais<\/p>\n","protected":false},"author":4,"featured_media":0,"parent":0,"menu_order":0,"comment_status":"closed","ping_status":"closed","template":"","meta":[],"acf":[],"_links":{"self":[{"href":"https:\/\/www.ufmg.br\/sisu\/wp-json\/wp\/v2\/pages\/5273"}],"collection":[{"href":"https:\/\/www.ufmg.br\/sisu\/wp-json\/wp\/v2\/pages"}],"about":[{"href":"https:\/\/www.ufmg.br\/sisu\/wp-json\/wp\/v2\/types\/page"}],"author":[{"embeddable":true,"href":"https:\/\/www.ufmg.br\/sisu\/wp-json\/wp\/v2\/users\/4"}],"replies":[{"embeddable":true,"href":"https:\/\/www.ufmg.br\/sisu\/wp-json\/wp\/v2\/comments?post=5273"}],"version-history":[{"count":3,"href":"https:\/\/www.ufmg.br\/sisu\/wp-json\/wp\/v2\/pages\/5273\/revisions"}],"predecessor-version":[{"id":5277,"href":"https:\/\/www.ufmg.br\/sisu\/wp-json\/wp\/v2\/pages\/5273\/revisions\/5277"}],"wp:attachment":[{"href":"https:\/\/www.ufmg.br\/sisu\/wp-json\/wp\/v2\/media?parent=5273"}],"curies":[{"name":"wp","href":"https:\/\/api.w.org\/{rel}","templated":true}]}}