{"id":5527,"date":"2025-09-15T18:32:19","date_gmt":"2025-09-15T21:32:19","guid":{"rendered":"https:\/\/www.ufmg.br\/sisu\/?page_id=5527"},"modified":"2025-09-15T18:42:47","modified_gmt":"2025-09-15T21:42:47","slug":"cadunico-2","status":"publish","type":"page","link":"https:\/\/www.ufmg.br\/sisu\/cadunico-2\/","title":{"rendered":"Cad\u00danico"},"content":{"rendered":"\n<p>O Cad\u00danico deve ter sido atualizado nos 24 meses anteriores \u00e0 data de convoca\u00e7\u00e3o do\/a candidato\/a no SiSU\/UFMG. Ao fazer a op\u00e7\u00e3o pelo uso do Cad\u00danico, o comprovante apresentado deve estar atualizado, constando TODOS os membros do grupo familiar, inclusive o\/a candidato\/a.<\/p>\n\n\n\n<p><\/p>\n\n\n\n<p><strong>Os documentos aceitos para comprova\u00e7\u00e3o de renda pelo Cad\u00danico s\u00e3o:<\/strong><\/p>\n\n\n\n<ul>\n<li>Folha Resumo, emitida presencialmente nos postos de atendimento do Cad\u00danico ou<\/li>\n\n\n\n<li>\u201cFormul\u00e1rio de Cadastro \u00danico\u201d emitido na p\u00e1gina eletr\u00f4nica do Minist\u00e9rio do Desenvolvimento e Assist\u00eancia Social, Fam\u00edlia e Combate \u00e0 FOME (MDS), no endere\u00e7o: <a href=\"https:\/\/cadunico.dataprev.gov.br\/\">https:\/\/cadunico.dataprev.gov.br<\/a><\/li>\n<\/ul>\n\n\n\n<p><\/p>\n\n\n\n<p><strong>Os referidos comprovantes, obrigatoriamente, dever\u00e3o conter TODAS as informa\u00e7\u00f5es listadas a seguir:<\/strong><\/p>\n\n\n\n<ol>\n<li>Nome, data de nascimento, NIS, parentesco de cada um dos integrantes do n\u00facleo familiar do candidato;<\/li>\n\n\n\n<li>Valor exato da renda per capita familiar;<\/li>\n\n\n\n<li>Data da \u00faltima atualiza\u00e7\u00e3o ou entrevista (na data da convoca\u00e7\u00e3o do candidato, a \u00faltima atualiza\u00e7\u00e3o dever\u00e1 ter sido realizada h\u00e1 menos de 24 meses);<\/li>\n\n\n\n<li>Munic\u00edpio\/UF onde est\u00e1 cadastrado;<\/li>\n\n\n\n<li>Carimbo e assinatura do posto de atendimento caso o\/a candidato\/a venha apresentar a Folha Resumo (para fins de verifica\u00e7\u00e3o de autenticidade do documento).<\/li>\n<\/ol>\n","protected":false},"excerpt":{"rendered":"<p>O Cad\u00danico deve ter sido atualizado nos 24 meses anteriores \u00e0 data de convoca\u00e7\u00e3o do\/a candidato\/a no SiSU\/UFMG. Ao fazer a op\u00e7\u00e3o pelo uso do Cad\u00danico, o comprovante apresentado deve estar atualizado, constando TODOS os membros do grupo familiar, inclusive o\/a candidato\/a. Os documentos aceitos para comprova\u00e7\u00e3o de renda pelo Cad\u00danico s\u00e3o: Os referidos comprovantes, [&hellip;]<\/p>\n","protected":false},"author":4,"featured_media":0,"parent":0,"menu_order":0,"comment_status":"closed","ping_status":"closed","template":"","meta":[],"acf":[],"_links":{"self":[{"href":"https:\/\/www.ufmg.br\/sisu\/wp-json\/wp\/v2\/pages\/5527"}],"collection":[{"href":"https:\/\/www.ufmg.br\/sisu\/wp-json\/wp\/v2\/pages"}],"about":[{"href":"https:\/\/www.ufmg.br\/sisu\/wp-json\/wp\/v2\/types\/page"}],"author":[{"embeddable":true,"href":"https:\/\/www.ufmg.br\/sisu\/wp-json\/wp\/v2\/users\/4"}],"replies":[{"embeddable":true,"href":"https:\/\/www.ufmg.br\/sisu\/wp-json\/wp\/v2\/comments?post=5527"}],"version-history":[{"count":11,"href":"https:\/\/www.ufmg.br\/sisu\/wp-json\/wp\/v2\/pages\/5527\/revisions"}],"predecessor-version":[{"id":5542,"href":"https:\/\/www.ufmg.br\/sisu\/wp-json\/wp\/v2\/pages\/5527\/revisions\/5542"}],"wp:attachment":[{"href":"https:\/\/www.ufmg.br\/sisu\/wp-json\/wp\/v2\/media?parent=5527"}],"curies":[{"name":"wp","href":"https:\/\/api.w.org\/{rel}","templated":true}]}}