{"id":554,"date":"2022-12-14T16:51:31","date_gmt":"2022-12-14T19:51:31","guid":{"rendered":"https:\/\/www.ufmg.br\/sisu\/?page_id=554"},"modified":"2024-01-22T16:16:55","modified_gmt":"2024-01-22T18:16:55","slug":"reserva-de-vagas-2","status":"publish","type":"page","link":"https:\/\/www.ufmg.br\/sisu\/documentos\/reserva-de-vagas-2\/","title":{"rendered":"Reserva de vagas"},"content":{"rendered":"\n<p>Para concorrer na modalidade de vaga reservada escolhida, o candidato dever\u00e1 atender aos seguintes crit\u00e9rios, apresentando a documenta\u00e7\u00e3o abaixo:<\/p>\n\n\n\n<p><\/p>\n","protected":false},"excerpt":{"rendered":"<p>Para concorrer na modalidade de vaga reservada escolhida, o candidato dever\u00e1 atender aos seguintes crit\u00e9rios, apresentando a documenta\u00e7\u00e3o abaixo:<\/p>\n","protected":false},"author":1,"featured_media":0,"parent":472,"menu_order":0,"comment_status":"closed","ping_status":"closed","template":"page-question.php","meta":[],"acf":[],"_links":{"self":[{"href":"https:\/\/www.ufmg.br\/sisu\/wp-json\/wp\/v2\/pages\/554"}],"collection":[{"href":"https:\/\/www.ufmg.br\/sisu\/wp-json\/wp\/v2\/pages"}],"about":[{"href":"https:\/\/www.ufmg.br\/sisu\/wp-json\/wp\/v2\/types\/page"}],"author":[{"embeddable":true,"href":"https:\/\/www.ufmg.br\/sisu\/wp-json\/wp\/v2\/users\/1"}],"replies":[{"embeddable":true,"href":"https:\/\/www.ufmg.br\/sisu\/wp-json\/wp\/v2\/comments?post=554"}],"version-history":[{"count":27,"href":"https:\/\/www.ufmg.br\/sisu\/wp-json\/wp\/v2\/pages\/554\/revisions"}],"predecessor-version":[{"id":2937,"href":"https:\/\/www.ufmg.br\/sisu\/wp-json\/wp\/v2\/pages\/554\/revisions\/2937"}],"up":[{"embeddable":true,"href":"https:\/\/www.ufmg.br\/sisu\/wp-json\/wp\/v2\/pages\/472"}],"wp:attachment":[{"href":"https:\/\/www.ufmg.br\/sisu\/wp-json\/wp\/v2\/media?parent=554"}],"curies":[{"name":"wp","href":"https:\/\/api.w.org\/{rel}","templated":true}]}}