{"id":563,"date":"2022-12-14T17:04:15","date_gmt":"2022-12-14T20:04:15","guid":{"rendered":"https:\/\/www.ufmg.br\/sisu\/?page_id=563"},"modified":"2023-03-02T12:06:16","modified_gmt":"2023-03-02T15:06:16","slug":"nome-social","status":"publish","type":"page","link":"https:\/\/www.ufmg.br\/sisu\/documentos\/nome-social\/","title":{"rendered":"Nome social"},"content":{"rendered":"\n<p>Os candidatos que desejarem requerer o uso do nome social no \u00e2mbito da UFMG, nos termos da <a rel=\"noreferrer noopener\" href=\"https:\/\/www.ufmg.br\/copeve\/Arquivos\/Documentos\/Resolucao_09_UFMG_07julho2015.pdf\" target=\"_blank\">Resolu\u00e7\u00e3o 09\/2015<\/a>, de 07 de julho de 2015, dever\u00e3o preencher o <a rel=\"noreferrer noopener\" href=\"http:\/\/www.ufmg.br\/sisu\/wp-content\/uploads\/2023\/02\/Requerimento_Utilizac\u0327a\u0303o-NOME_SOCIAL.pdf\" target=\"_blank\">Requerimento para Inclus\u00e3o de Nome Social<\/a> e encaminh\u00e1-lo ao endere\u00e7o eletr\u00f4nico <a href=\"mailto:info@drca.ufmg.br\" target=\"_blank\" rel=\"noreferrer noopener\">info@drca.ufmg.br<\/a> acompanhado da c\u00f3pia do seu documento de identidade.<\/p>\n","protected":false},"excerpt":{"rendered":"<p>Os candidatos que desejarem requerer o uso do nome social no \u00e2mbito da UFMG, nos termos da Resolu\u00e7\u00e3o 09\/2015, de 07 de julho de 2015, dever\u00e3o preencher o Requerimento para Inclus\u00e3o de Nome Social e encaminh\u00e1-lo ao endere\u00e7o eletr\u00f4nico info@drca.ufmg.br acompanhado da c\u00f3pia do seu documento de identidade.<\/p>\n","protected":false},"author":1,"featured_media":0,"parent":472,"menu_order":0,"comment_status":"closed","ping_status":"closed","template":"","meta":[],"acf":[],"_links":{"self":[{"href":"https:\/\/www.ufmg.br\/sisu\/wp-json\/wp\/v2\/pages\/563"}],"collection":[{"href":"https:\/\/www.ufmg.br\/sisu\/wp-json\/wp\/v2\/pages"}],"about":[{"href":"https:\/\/www.ufmg.br\/sisu\/wp-json\/wp\/v2\/types\/page"}],"author":[{"embeddable":true,"href":"https:\/\/www.ufmg.br\/sisu\/wp-json\/wp\/v2\/users\/1"}],"replies":[{"embeddable":true,"href":"https:\/\/www.ufmg.br\/sisu\/wp-json\/wp\/v2\/comments?post=563"}],"version-history":[{"count":10,"href":"https:\/\/www.ufmg.br\/sisu\/wp-json\/wp\/v2\/pages\/563\/revisions"}],"predecessor-version":[{"id":1513,"href":"https:\/\/www.ufmg.br\/sisu\/wp-json\/wp\/v2\/pages\/563\/revisions\/1513"}],"up":[{"embeddable":true,"href":"https:\/\/www.ufmg.br\/sisu\/wp-json\/wp\/v2\/pages\/472"}],"wp:attachment":[{"href":"https:\/\/www.ufmg.br\/sisu\/wp-json\/wp\/v2\/media?parent=563"}],"curies":[{"name":"wp","href":"https:\/\/api.w.org\/{rel}","templated":true}]}}