{"id":5834,"date":"2026-02-02T13:04:56","date_gmt":"2026-02-02T16:04:56","guid":{"rendered":"https:\/\/www.ufmg.br\/sisu\/?page_id=5834"},"modified":"2026-02-02T13:04:56","modified_gmt":"2026-02-02T16:04:56","slug":"registro-academico-via-internet-com-upload-da-documentacao-obrigatoria-chamada-regular-4","status":"publish","type":"page","link":"https:\/\/www.ufmg.br\/sisu\/registro-academico-via-internet-com-upload-da-documentacao-obrigatoria-chamada-regular-4\/","title":{"rendered":"Registro Acad\u00eamico, via internet, com upload da documenta\u00e7\u00e3o obrigat\u00f3ria \u2013 Chamada Regular"},"content":{"rendered":"\n<p>Seguem abaixo o link e o roteiro para efetuar o registro acad\u00eamico, via internet, com upload da documenta\u00e7\u00e3o obrigat\u00f3ria.<\/p>\n\n\n\n<ul>\n<li><strong><a rel=\"noreferrer noopener\" href=\"https:\/\/sistemas.ufmg.br\/registro-discente\/registrodiscente\/complementarinfocadastrais\/login.seam\" target=\"_blank\">Registro Acad\u00eamico, via internet<\/a>;<\/strong><\/li>\n\n\n\n<li><strong><a href=\"https:\/\/www.ufmg.br\/sisu\/wp-content\/uploads\/2026\/01\/Roteiro-para-upload-da-documentacao.pdf\" data-type=\"URL\" data-id=\"https:\/\/www.ufmg.br\/sisu\/wp-content\/uploads\/2026\/01\/Roteiro-para-upload-da-documentacao.pdf\" target=\"_blank\" rel=\"noreferrer noopener\">Roteiro<\/a><\/strong><\/li>\n<\/ul>\n\n\n\n<p>Lembramos que esse procedimento \u00e9 obrigat\u00f3rio para todos os candidatos convocados na chamada regular.<\/p>\n\n\n\n<p>Os candidatos, selecionados para o 1\u00ba per\u00edodo letivo de 2026, que devem realizar algum procedimento presencial obrigat\u00f3rio podem consultar o dia e hor\u00e1rio de atendimento na escala a ser divulgada a partir do dia 06 de fevereiro de 2026.<\/p>\n\n\n\n<p>Informamos que o atendimento para d\u00favidas referentes aos procedimentos do SiSU\/UFMG \u2013 2026 ser\u00e3o feitos por meio dos endere\u00e7os eletr\u00f4nicos:<\/p>\n\n\n\n<p><strong>duvidaregistro@drca.ufmg.br<\/strong><\/p>\n\n\n\n<p><strong>sisurenda@prae.ufmg.br<\/strong><br>(Exclusivo para informa\u00e7\u00e3o sobre reserva de vagas para comprova\u00e7\u00e3o da <strong>condi\u00e7\u00e3o de renda<\/strong>)<\/p>\n\n\n\n<p><strong>nai@drca.ufmg.br<\/strong><br>(Exclusivo para informa\u00e7\u00e3o sobre reserva de vagas para <strong>Pessoas Com Defici\u00eancia<\/strong>)<\/p>\n","protected":false},"excerpt":{"rendered":"<p>Seguem abaixo o link e o roteiro para efetuar o registro acad\u00eamico, via internet, com upload da documenta\u00e7\u00e3o obrigat\u00f3ria. Lembramos que esse procedimento \u00e9 obrigat\u00f3rio para todos os candidatos convocados na chamada regular. Os candidatos, selecionados para o 1\u00ba per\u00edodo letivo de 2026, que devem realizar algum procedimento presencial obrigat\u00f3rio podem consultar o dia e [&hellip;]<\/p>\n","protected":false},"author":4,"featured_media":0,"parent":0,"menu_order":0,"comment_status":"closed","ping_status":"closed","template":"","meta":[],"acf":[],"_links":{"self":[{"href":"https:\/\/www.ufmg.br\/sisu\/wp-json\/wp\/v2\/pages\/5834"}],"collection":[{"href":"https:\/\/www.ufmg.br\/sisu\/wp-json\/wp\/v2\/pages"}],"about":[{"href":"https:\/\/www.ufmg.br\/sisu\/wp-json\/wp\/v2\/types\/page"}],"author":[{"embeddable":true,"href":"https:\/\/www.ufmg.br\/sisu\/wp-json\/wp\/v2\/users\/4"}],"replies":[{"embeddable":true,"href":"https:\/\/www.ufmg.br\/sisu\/wp-json\/wp\/v2\/comments?post=5834"}],"version-history":[{"count":3,"href":"https:\/\/www.ufmg.br\/sisu\/wp-json\/wp\/v2\/pages\/5834\/revisions"}],"predecessor-version":[{"id":5893,"href":"https:\/\/www.ufmg.br\/sisu\/wp-json\/wp\/v2\/pages\/5834\/revisions\/5893"}],"wp:attachment":[{"href":"https:\/\/www.ufmg.br\/sisu\/wp-json\/wp\/v2\/media?parent=5834"}],"curies":[{"name":"wp","href":"https:\/\/api.w.org\/{rel}","templated":true}]}}