{"id":5838,"date":"2026-02-06T13:29:47","date_gmt":"2026-02-06T16:29:47","guid":{"rendered":"https:\/\/www.ufmg.br\/sisu\/?page_id=5838"},"modified":"2026-02-12T13:25:22","modified_gmt":"2026-02-12T16:25:22","slug":"escala-de-atendimento-do-procedimento-presencial-de-heteroidentificacao-8","status":"publish","type":"page","link":"https:\/\/www.ufmg.br\/sisu\/escala-de-atendimento-do-procedimento-presencial-de-heteroidentificacao-8\/","title":{"rendered":"Escala de atendimento do procedimento presencial de Heteroidentifica\u00e7\u00e3o &#8211; Chamada Regular"},"content":{"rendered":"\n<h5>Aten\u00e7\u00e3o:<\/h5>\n\n\n\n<ul>\n<li><a href=\"https:\/\/www.ufmg.br\/sisu\/wp-content\/uploads\/2026\/02\/Atualizada-BH-HETERO-ESCALA-DE-ATENDIMENTO-SISU-2026-CHAMADA-REGULAR.pdf\" data-type=\"URL\" data-id=\"https:\/\/www.ufmg.br\/sisu\/wp-content\/uploads\/2026\/02\/Atualizada-BH-HETERO-ESCALA-DE-ATENDIMENTO-SISU-2026-CHAMADA-REGULAR.pdf\" target=\"_blank\" rel=\"noreferrer noopener\">Rela\u00e7\u00e3o dos candidatos convocados para os procedimentos presenciais em <strong>Belo Horizonte<\/strong><\/a>.<\/li>\n\n\n\n<li><a href=\"https:\/\/www.ufmg.br\/sisu\/wp-content\/uploads\/2026\/02\/Atualizada-MOC-HETERO-ESCALA-DE-ATENDIMENTO-SISU-2026-CHAMADA-REGULAR.pdf\" data-type=\"URL\" data-id=\"https:\/\/www.ufmg.br\/sisu\/wp-content\/uploads\/2026\/02\/Atualizada-MOC-HETERO-ESCALA-DE-ATENDIMENTO-SISU-2026-CHAMADA-REGULAR.pdf\" target=\"_blank\" rel=\"noreferrer noopener\">Rela\u00e7\u00e3o dos candidatos convocados para os procedimentos presenciais em <strong>Montes Claros<\/strong><\/a>.<\/li>\n\n\n\n<li>Nos termos do item 9.7 do Edital do Processo Seletivo SiSU\/UFMG 2026, os candidatos que j\u00e1 tenham passado por avalia\u00e7\u00e3o da banca de heteroidentifica\u00e7\u00e3o na UFMG, a partir do ano de 2019, e foram indeferidos ser\u00e3o submetidos a novo procedimento. Candidatos que foram deferidos ter\u00e3o sua avalia\u00e7\u00e3o anterior considerada para definir aptid\u00e3o a ocupar uma vaga destinada a pessoas negras (pretas ou pardas).<\/li>\n\n\n\n<li>A escala de atendimento para os candidatos que ingressar\u00e3o no segundo semestre de 2026 ser\u00e1 divulgada at\u00e9 junho.<\/li>\n<\/ul>\n\n\n\n<div style=\"height:68px\" aria-hidden=\"true\" class=\"wp-block-spacer\"><\/div>\n\n\n\n<h5 id=\"locais-de-atendimento-dos-procedimentos-presenciais\">Locais de atendimento:<\/h5>\n\n\n\n<p><strong>Cursos sediados em Belo Horizonte<\/strong><\/p>\n\n\n\n<p><em><strong>Banca de Heteroidentifica\u00e7\u00e3o<\/strong><\/em><\/p>\n\n\n\n<p><a rel=\"noreferrer noopener\" href=\"https:\/\/www.google.com\/maps?q=cad+iii&amp;rlz=1C1GCEU_pt-BRBR885BR885&amp;um=1&amp;ie=UTF-8&amp;sa=X&amp;ved=2ahUKEwiJ7O7kn5r9AhXrJbkGHTLLCXsQ_AUoAHoECAEQCg\" target=\"_blank\">Centro de Atividades Did\u00e1ticas III \u2013 Avenida Ant\u00f4nio Carlos, 6627 \u2013 Campus Pampulha \u2013 Belo Horizonte \u2013 Minas Gerais<\/a><\/p>\n\n\n\n<hr class=\"wp-block-separator has-alpha-channel-opacity\"\/>\n\n\n\n<p><strong>Cursos sediados em Montes Claros<\/strong><\/p>\n\n\n\n<p><em><strong>Banca de Heteroidentifica\u00e7\u00e3o<\/strong><\/em><\/p>\n\n\n\n<p><a rel=\"noreferrer noopener\" href=\"https:\/\/goo.gl\/maps\/8yrSrnUHhoXULPkq6\" target=\"_blank\">Instituto de Ci\u00eancias Agr\u00e1rias \u2013 Av. Universit\u00e1ria, 1000 \u2013 Universit\u00e1rio, Montes Claros \u2013 MG, 39404-547<\/a><\/p>\n","protected":false},"excerpt":{"rendered":"<p>Aten\u00e7\u00e3o: Locais de atendimento: Cursos sediados em Belo Horizonte Banca de Heteroidentifica\u00e7\u00e3o Centro de Atividades Did\u00e1ticas III \u2013 Avenida Ant\u00f4nio Carlos, 6627 \u2013 Campus Pampulha \u2013 Belo Horizonte \u2013 Minas Gerais Cursos sediados em Montes Claros Banca de Heteroidentifica\u00e7\u00e3o Instituto de Ci\u00eancias Agr\u00e1rias \u2013 Av. Universit\u00e1ria, 1000 \u2013 Universit\u00e1rio, Montes Claros \u2013 MG, 39404-547<\/p>\n","protected":false},"author":4,"featured_media":0,"parent":0,"menu_order":0,"comment_status":"closed","ping_status":"closed","template":"","meta":[],"acf":[],"_links":{"self":[{"href":"https:\/\/www.ufmg.br\/sisu\/wp-json\/wp\/v2\/pages\/5838"}],"collection":[{"href":"https:\/\/www.ufmg.br\/sisu\/wp-json\/wp\/v2\/pages"}],"about":[{"href":"https:\/\/www.ufmg.br\/sisu\/wp-json\/wp\/v2\/types\/page"}],"author":[{"embeddable":true,"href":"https:\/\/www.ufmg.br\/sisu\/wp-json\/wp\/v2\/users\/4"}],"replies":[{"embeddable":true,"href":"https:\/\/www.ufmg.br\/sisu\/wp-json\/wp\/v2\/comments?post=5838"}],"version-history":[{"count":14,"href":"https:\/\/www.ufmg.br\/sisu\/wp-json\/wp\/v2\/pages\/5838\/revisions"}],"predecessor-version":[{"id":5959,"href":"https:\/\/www.ufmg.br\/sisu\/wp-json\/wp\/v2\/pages\/5838\/revisions\/5959"}],"wp:attachment":[{"href":"https:\/\/www.ufmg.br\/sisu\/wp-json\/wp\/v2\/media?parent=5838"}],"curies":[{"name":"wp","href":"https:\/\/api.w.org\/{rel}","templated":true}]}}