{"id":5879,"date":"2026-01-29T13:47:58","date_gmt":"2026-01-29T16:47:58","guid":{"rendered":"https:\/\/www.ufmg.br\/sisu\/?page_id=5879"},"modified":"2026-01-29T13:52:08","modified_gmt":"2026-01-29T16:52:08","slug":"certificacao-do-ensino-medio-pelo-enem","status":"publish","type":"page","link":"https:\/\/www.ufmg.br\/sisu\/certificacao-do-ensino-medio-pelo-enem\/","title":{"rendered":"Certifica\u00e7\u00e3o do ensino m\u00e9dio pelo ENEM"},"content":{"rendered":"\n<p style=\"text-align: justify;\">Neste ano, a certifica\u00e7\u00e3o de conclus\u00e3o do ensino m\u00e9dio, obtida pela participa\u00e7\u00e3o no Exame Nacional do Ensino M\u00e9dio (Enem) 2025, poder\u00e1 ser utilizada no Sistema de Sele\u00e7\u00e3o Unificada (Sisu). Est\u00e3o aptos \u00e0 certifica\u00e7\u00e3o os candidatos com mais de 18 anos na data da prova, que tenham alcan\u00e7ado, no m\u00ednimo, 450 pontos em cada \u00e1rea do conhecimento, e pelo menos 500 pontos na reda\u00e7\u00e3o.<p style=\"text-align: justify;\">\n\n\n<p style=\"text-align: justify;\">Nesta sexta-feira, 30 de janeiro, o Instituto Nacional de Estudos e Pesquisas Educacionais An\u00edsio Teixeira (Inep) disponibilizar\u00e1 a declara\u00e7\u00e3o de atendimento \u00e0s condi\u00e7\u00f5es de certifica\u00e7\u00e3o. O documento, a ser publicado na\u00a0<a href=\"https:\/\/enem.inep.gov.br\/participante\/\" target=\"_blank\" rel=\"noopener\">P\u00e1gina do Participante<\/a>, permitir\u00e1 a pr\u00e9-matr\u00edcula nas institui\u00e7\u00f5es de educa\u00e7\u00e3o superior aos participantes que buscam a certifica\u00e7\u00e3o de conclus\u00e3o do ensino m\u00e9dio a partir do Enem 2025.\u00a0\u00a0<\/p>\n<p style=\"text-align: justify;\">\u00a0<\/p>\n\n<p style=\"text-align: justify;\">A UFMG receber\u00e1 a declara\u00e7\u00e3o oficialmente emitida na P\u00e1gina do Participante em substitui\u00e7\u00e3o ao certificado de conclus\u00e3o do ensino m\u00e9dio at\u00e9 que o mesmo possa ser emitido pelo Inep, o que ocorrer\u00e1 a partir de 2 de mar\u00e7o. <strong>\u00c9 importante ressaltar que ser\u00e1 gerada uma pend\u00eancia no sistema em que ser\u00e1 realizado o registro acad\u00eamico, que dever\u00e1 ser solucionada com a apresenta\u00e7\u00e3o do certificado definitivo at\u00e9 o dia 20 de mar\u00e7o, sob pena de perda da vaga, conforme disposto no artigo 7.16 do <a href=\"https:\/\/www.ufmg.br\/sisu\/wp-content\/uploads\/2026\/01\/SISU-2026-SEI_UFMG-4871178-Edital.pdf\" target=\"_blank\" rel=\"noreferrer noopener\">Edital Sisu UFMG 2026<\/a>.<\/strong><\/p>\n<p>\u00a0<\/p>\n<p>\u00a0<\/p>\n<p style=\"text-align: justify;\">\u00a0<\/p>","protected":false},"excerpt":{"rendered":"<p>Neste ano, a certifica\u00e7\u00e3o de conclus\u00e3o do ensino m\u00e9dio, obtida pela participa\u00e7\u00e3o no Exame Nacional do Ensino M\u00e9dio (Enem) 2025, poder\u00e1 ser utilizada no Sistema de Sele\u00e7\u00e3o Unificada (Sisu). Est\u00e3o aptos \u00e0 certifica\u00e7\u00e3o os candidatos com mais de 18 anos na data da prova, que tenham alcan\u00e7ado, no m\u00ednimo, 450 pontos em cada \u00e1rea do [&hellip;]<\/p>\n","protected":false},"author":4,"featured_media":0,"parent":0,"menu_order":0,"comment_status":"closed","ping_status":"closed","template":"","meta":[],"acf":[],"_links":{"self":[{"href":"https:\/\/www.ufmg.br\/sisu\/wp-json\/wp\/v2\/pages\/5879"}],"collection":[{"href":"https:\/\/www.ufmg.br\/sisu\/wp-json\/wp\/v2\/pages"}],"about":[{"href":"https:\/\/www.ufmg.br\/sisu\/wp-json\/wp\/v2\/types\/page"}],"author":[{"embeddable":true,"href":"https:\/\/www.ufmg.br\/sisu\/wp-json\/wp\/v2\/users\/4"}],"replies":[{"embeddable":true,"href":"https:\/\/www.ufmg.br\/sisu\/wp-json\/wp\/v2\/comments?post=5879"}],"version-history":[{"count":7,"href":"https:\/\/www.ufmg.br\/sisu\/wp-json\/wp\/v2\/pages\/5879\/revisions"}],"predecessor-version":[{"id":5889,"href":"https:\/\/www.ufmg.br\/sisu\/wp-json\/wp\/v2\/pages\/5879\/revisions\/5889"}],"wp:attachment":[{"href":"https:\/\/www.ufmg.br\/sisu\/wp-json\/wp\/v2\/media?parent=5879"}],"curies":[{"name":"wp","href":"https:\/\/api.w.org\/{rel}","templated":true}]}}