{"id":6011,"date":"2026-02-19T10:58:08","date_gmt":"2026-02-19T13:58:08","guid":{"rendered":"https:\/\/www.ufmg.br\/sisu\/?page_id=6011"},"modified":"2026-02-19T10:58:08","modified_gmt":"2026-02-19T13:58:08","slug":"manifestacao-de-interesse-na-ufmg-em-continuar-participando-da-lista-de-espera-do-sisu-ufmg-2026","status":"publish","type":"page","link":"https:\/\/www.ufmg.br\/sisu\/manifestacao-de-interesse-na-ufmg-em-continuar-participando-da-lista-de-espera-do-sisu-ufmg-2026\/","title":{"rendered":"Manifesta\u00e7\u00e3o de interesse na UFMG em continuar participando da Lista de Espera do SiSU\/UFMG 2026"},"content":{"rendered":"\n<p><p style=\"text-align: justify;\">Ap\u00f3s a <a rel=\"noreferrer noopener\" href=\"https:\/\/www.ufmg.br\/sisu\/1a-chamada-da-lista-de-espera-e-1a-antecipacao-de-entrada-sisu-ufmg-2026\/\" data-type=\"URL\" data-id=\"https:\/\/www.ufmg.br\/sisu\/1a-chamada-da-lista-de-espera-e-1a-antecipacao-de-entrada-sisu-ufmg-2026\/\" target=\"_blank\">primeira convoca\u00e7\u00e3o de candidatos classificados na Lista de Espera SiSU\/UFMG 2026<\/a>, todos os candidatos classificados, relacionados na <a rel=\"noreferrer noopener\" href=\"https:\/\/www.ufmg.br\/sisu\/wp-content\/uploads\/2026\/02\/SISU-UFMG-2026-Lista-de-Espera-por-Curso-Alfabetica.pdf\" target=\"_blank\">Lista de Espera SiSU\/UFMG 2026<\/a>, <strong>que ainda n\u00e3o tiverem sido convocados para registro acad\u00eamico e matr\u00edcula<\/strong>, independentemente de sua classifica\u00e7\u00e3o, <strong>dever\u00e3o confirmar seu interesse em continuar participando da Lista de Espera<\/strong> por vaga em curso de gradua\u00e7\u00e3o da UFMG no per\u00edodo do dia <strong>19 de fevereiro de 2026 at\u00e9 \u00e0s 23 horas e 59 minutos, hor\u00e1rio oficial de Bras\u00edlia, do dia 23 de fevereiro de 2026.<\/strong><\/p>\n\n\n\n<p><p style=\"text-align: justify;\">O candidato dever\u00e1 imprimir seu comprovante de confirma\u00e7\u00e3o de interesse por meio do sistema da UFMG.<\/p>\n\n\n\n<p><p style=\"text-align: justify;\">O <strong>candidato que n\u00e3o confirmar no sistema da UFMG seu interesse em continuar participando da Lista<\/strong> de Espera por vaga em curso de gradua\u00e7\u00e3o da UFMG, no per\u00edodo estabelecido, n\u00e3o poder\u00e1 faz\u00ea-lo em outra data, <strong>pois ser\u00e1 considerado formalmente desistente e n\u00e3o ser\u00e1 convocado para ocupar vaga prevista neste processo seletivo.<\/strong><\/p>\n\n\n\n<p><p style=\"text-align: justify;\"><a href=\"https:\/\/sistemas.ufmg.br\/manifestacaointeresse\/home.seam\" target=\"_blank\" rel=\"noreferrer noopener\">Clique aqui<\/a> para manifestar interesse em continuar participando da Lista de Espera.<\/p>\n","protected":false},"excerpt":{"rendered":"<p>Ap\u00f3s a primeira convoca\u00e7\u00e3o de candidatos classificados na Lista de Espera SiSU\/UFMG 2026, todos os candidatos classificados, relacionados na Lista de Espera SiSU\/UFMG 2026, que ainda n\u00e3o tiverem sido convocados para registro acad\u00eamico e matr\u00edcula, independentemente de sua classifica\u00e7\u00e3o, dever\u00e3o confirmar seu interesse em continuar participando da Lista de Espera por vaga em curso de [&hellip;]<\/p>\n","protected":false},"author":4,"featured_media":0,"parent":0,"menu_order":0,"comment_status":"closed","ping_status":"closed","template":"","meta":[],"acf":[],"_links":{"self":[{"href":"https:\/\/www.ufmg.br\/sisu\/wp-json\/wp\/v2\/pages\/6011"}],"collection":[{"href":"https:\/\/www.ufmg.br\/sisu\/wp-json\/wp\/v2\/pages"}],"about":[{"href":"https:\/\/www.ufmg.br\/sisu\/wp-json\/wp\/v2\/types\/page"}],"author":[{"embeddable":true,"href":"https:\/\/www.ufmg.br\/sisu\/wp-json\/wp\/v2\/users\/4"}],"replies":[{"embeddable":true,"href":"https:\/\/www.ufmg.br\/sisu\/wp-json\/wp\/v2\/comments?post=6011"}],"version-history":[{"count":4,"href":"https:\/\/www.ufmg.br\/sisu\/wp-json\/wp\/v2\/pages\/6011\/revisions"}],"predecessor-version":[{"id":6015,"href":"https:\/\/www.ufmg.br\/sisu\/wp-json\/wp\/v2\/pages\/6011\/revisions\/6015"}],"wp:attachment":[{"href":"https:\/\/www.ufmg.br\/sisu\/wp-json\/wp\/v2\/media?parent=6011"}],"curies":[{"name":"wp","href":"https:\/\/api.w.org\/{rel}","templated":true}]}}