{"id":6046,"date":"2026-02-25T09:25:56","date_gmt":"2026-02-25T12:25:56","guid":{"rendered":"https:\/\/www.ufmg.br\/sisu\/?page_id=6046"},"modified":"2026-02-27T09:44:05","modified_gmt":"2026-02-27T12:44:05","slug":"registro-academico-via-internet-com-upload-da-documentacao-obrigatoria-2a-chamada-da-lista-de-espera-e-2a-antecipacao-de-entrada","status":"publish","type":"page","link":"https:\/\/www.ufmg.br\/sisu\/registro-academico-via-internet-com-upload-da-documentacao-obrigatoria-2a-chamada-da-lista-de-espera-e-2a-antecipacao-de-entrada\/","title":{"rendered":"Registro Acad\u00eamico, via internet, com upload da documenta\u00e7\u00e3o obrigat\u00f3ria \u2013 2\u00aa Chamada da Lista de Espera e 2\u00aa Antecipa\u00e7\u00e3o de Entrada"},"content":{"rendered":"\n<p>Seguem abaixo o link e o roteiro para efetuar o registro acad\u00eamico, via internet, com upload da documenta\u00e7\u00e3o obrigat\u00f3ria.<\/p>\n\n\n\n<ul>\n<li><strong><a rel=\"noreferrer noopener\" href=\"https:\/\/sistemas.ufmg.br\/registro-discente\/registrodiscente\/complementarinfocadastrais\/login.seam\" target=\"_blank\">Registro Acad\u00eamico, via internet<\/a>;<\/strong><\/li>\n\n\n\n<li><strong><a href=\"https:\/\/www.ufmg.br\/sisu\/wp-content\/uploads\/2026\/01\/Roteiro-para-upload-da-documentacao.pdf\" data-type=\"URL\" data-id=\"https:\/\/www.ufmg.br\/sisu\/wp-content\/uploads\/2026\/01\/Roteiro-para-upload-da-documentacao.pdf\" target=\"_blank\" rel=\"noreferrer noopener\">Roteiro<\/a><\/strong><\/li>\n<\/ul>\n\n\n\n<p>Lembramos que esse procedimento \u00e9 obrigat\u00f3rio para todos os candidatos convocados na 2\u00aa Chamada da Lista de Espera e 2\u00aa Antecipa\u00e7\u00e3o de Entrada.<\/p>\n\n\n\n<p>Os candidatos, selecionados para o 1\u00ba per\u00edodo letivo de 2026, que devem realizar algum procedimento presencial obrigat\u00f3rio podem consultar o dia e hor\u00e1rio de atendimento na escala.<\/p>\n\n\n\n<p>Informamos que o atendimento para d\u00favidas referentes aos procedimentos do SiSU\/UFMG \u2013 2026 ser\u00e3o feitos por meio dos endere\u00e7os eletr\u00f4nicos:<\/p>\n\n\n\n<p><strong>duvidaregistro@drca.ufmg.br<\/strong><\/p>\n\n\n\n<p><strong>sisurenda@prae.ufmg.br<\/strong><br>(Exclusivo para informa\u00e7\u00e3o sobre reserva de vagas para comprova\u00e7\u00e3o da <strong>condi\u00e7\u00e3o de renda<\/strong>)<\/p>\n\n\n\n<p><strong>nai@ufmg.br<\/strong><br>(Exclusivo para informa\u00e7\u00e3o sobre reserva de vagas para <strong>Pessoas Com Defici\u00eanci<\/strong>a)<\/p>\n","protected":false},"excerpt":{"rendered":"<p>Seguem abaixo o link e o roteiro para efetuar o registro acad\u00eamico, via internet, com upload da documenta\u00e7\u00e3o obrigat\u00f3ria. Lembramos que esse procedimento \u00e9 obrigat\u00f3rio para todos os candidatos convocados na 2\u00aa Chamada da Lista de Espera e 2\u00aa Antecipa\u00e7\u00e3o de Entrada. Os candidatos, selecionados para o 1\u00ba per\u00edodo letivo de 2026, que devem realizar [&hellip;]<\/p>\n","protected":false},"author":4,"featured_media":0,"parent":0,"menu_order":0,"comment_status":"closed","ping_status":"closed","template":"","meta":[],"acf":[],"_links":{"self":[{"href":"https:\/\/www.ufmg.br\/sisu\/wp-json\/wp\/v2\/pages\/6046"}],"collection":[{"href":"https:\/\/www.ufmg.br\/sisu\/wp-json\/wp\/v2\/pages"}],"about":[{"href":"https:\/\/www.ufmg.br\/sisu\/wp-json\/wp\/v2\/types\/page"}],"author":[{"embeddable":true,"href":"https:\/\/www.ufmg.br\/sisu\/wp-json\/wp\/v2\/users\/4"}],"replies":[{"embeddable":true,"href":"https:\/\/www.ufmg.br\/sisu\/wp-json\/wp\/v2\/comments?post=6046"}],"version-history":[{"count":3,"href":"https:\/\/www.ufmg.br\/sisu\/wp-json\/wp\/v2\/pages\/6046\/revisions"}],"predecessor-version":[{"id":6123,"href":"https:\/\/www.ufmg.br\/sisu\/wp-json\/wp\/v2\/pages\/6046\/revisions\/6123"}],"wp:attachment":[{"href":"https:\/\/www.ufmg.br\/sisu\/wp-json\/wp\/v2\/media?parent=6046"}],"curies":[{"name":"wp","href":"https:\/\/api.w.org\/{rel}","templated":true}]}}