{"id":827,"date":"2023-01-25T13:35:56","date_gmt":"2023-01-25T16:35:56","guid":{"rendered":"https:\/\/www.ufmg.br\/sisu\/?page_id=827"},"modified":"2023-01-25T13:51:09","modified_gmt":"2023-01-25T16:51:09","slug":"acessibilidade","status":"publish","type":"page","link":"https:\/\/www.ufmg.br\/sisu\/acessibilidade\/","title":{"rendered":"Acessibilidade"},"content":{"rendered":"\n<p><strong>O termo acessibilidade<\/strong>\u00a0significa incluir a pessoa com defici\u00eancia na participa\u00e7\u00e3o de atividades como o uso de produtos, servi\u00e7os e informa\u00e7\u00f5es. Alguns exemplos s\u00e3o os pr\u00e9dios com rampas de acesso para cadeira de rodas, banheiros adaptados para deficientes e pol\u00edticas espec\u00edficas que, na UFMG, s\u00e3o coordenadas pelo\u00a0<a rel=\"noreferrer noopener\" href=\"https:\/\/www.ufmg.br\/nai\/\" target=\"_blank\">N\u00facleo de Acessibilidade e Inclus\u00e3o\u00a0<\/a>(NAI).<\/p>\n\n\n\n<p>Na internet, acessibilidade se refere sobretudo \u00e0s recomenda\u00e7\u00f5es do World Content Accessibility Guide (WCAG) do W3C e, no caso do governo federal, ao e-MAG (<a href=\"https:\/\/www.governodigital.gov.br\/documentos-e-arquivos\/eMAGv31.pdf\" target=\"_blank\" rel=\"noreferrer noopener\">Modelo de Acessibilidade em Governo Eletr\u00f4nico<\/a>). O e-MAG est\u00e1 alinhado \u00e0s recomenda\u00e7\u00f5es internacionais, mas estabelece padr\u00f5es de comportamento acess\u00edvel para sites da administra\u00e7\u00e3o p\u00fablica federal.<\/p>\n\n\n\n<p>Na barra superior do site o usu\u00e1rio encontra a op\u00e7\u00e3o para alterar o contraste e o mapa do site. Os recursos est\u00e3o dispon\u00edveis em todas as p\u00e1ginas do site.<\/p>\n\n\n\n<p><strong>Tecnologias assistivas<\/strong><\/p>\n\n\n\n<p>Parte dos testes de navega\u00e7\u00e3o no site foram realizados com o software leitor de tela NVDA.<\/p>\n\n\n\n<p><strong>Libras<\/strong><\/p>\n\n\n\n<p>A <a href=\"http:\/\/www.vlibras.gov.br\/\" data-type=\"URL\" data-id=\"http:\/\/www.vlibras.gov.br\/\">ferramenta VLibras <\/a>\u00e9 indicada pelo governo federal para acessibilidade de seus sites. Obtenha informa\u00e7\u00f5es sobre o recurso e como adicion\u00e1-lo no navegador<a rel=\"noreferrer noopener\" href=\"http:\/\/www.vlibras.gov.br\/\" target=\"_blank\">.<\/a><\/p>\n\n\n\n<p><strong>Governo digital<\/strong><\/p>\n\n\n\n<p>P\u00e1gina do site do Governo Digital com <a rel=\"noreferrer noopener\" href=\"https:\/\/www.gov.br\/governodigital\/pt-br\/acessibilidade-digital\" data-type=\"URL\" data-id=\"https:\/\/www.gov.br\/governodigital\/pt-br\/acessibilidade-digital\" target=\"_blank\">recomenda\u00e7\u00f5es sobre acessibilidade.<\/a><\/p>\n","protected":false},"excerpt":{"rendered":"<p>O termo acessibilidade\u00a0significa incluir a pessoa com defici\u00eancia na participa\u00e7\u00e3o de atividades como o uso de produtos, servi\u00e7os e informa\u00e7\u00f5es. Alguns exemplos s\u00e3o os pr\u00e9dios com rampas de acesso para cadeira de rodas, banheiros adaptados para deficientes e pol\u00edticas espec\u00edficas que, na UFMG, s\u00e3o coordenadas pelo\u00a0N\u00facleo de Acessibilidade e Inclus\u00e3o\u00a0(NAI). Na internet, acessibilidade se refere [&hellip;]<\/p>\n","protected":false},"author":1,"featured_media":0,"parent":0,"menu_order":0,"comment_status":"closed","ping_status":"closed","template":"","meta":[],"acf":[],"_links":{"self":[{"href":"https:\/\/www.ufmg.br\/sisu\/wp-json\/wp\/v2\/pages\/827"}],"collection":[{"href":"https:\/\/www.ufmg.br\/sisu\/wp-json\/wp\/v2\/pages"}],"about":[{"href":"https:\/\/www.ufmg.br\/sisu\/wp-json\/wp\/v2\/types\/page"}],"author":[{"embeddable":true,"href":"https:\/\/www.ufmg.br\/sisu\/wp-json\/wp\/v2\/users\/1"}],"replies":[{"embeddable":true,"href":"https:\/\/www.ufmg.br\/sisu\/wp-json\/wp\/v2\/comments?post=827"}],"version-history":[{"count":6,"href":"https:\/\/www.ufmg.br\/sisu\/wp-json\/wp\/v2\/pages\/827\/revisions"}],"predecessor-version":[{"id":836,"href":"https:\/\/www.ufmg.br\/sisu\/wp-json\/wp\/v2\/pages\/827\/revisions\/836"}],"wp:attachment":[{"href":"https:\/\/www.ufmg.br\/sisu\/wp-json\/wp\/v2\/media?parent=827"}],"curies":[{"name":"wp","href":"https:\/\/api.w.org\/{rel}","templated":true}]}}