{"id":390,"date":"2024-03-13T10:18:01","date_gmt":"2024-03-13T13:18:01","guid":{"rendered":"https:\/\/www.ufmg.br\/stockcarnaufmgnao\/?page_id=390"},"modified":"2024-08-19T09:08:08","modified_gmt":"2024-08-19T12:08:08","slug":"notas-a-comunidade","status":"publish","type":"page","link":"https:\/\/www.ufmg.br\/stockcarnaufmgnao\/notas-a-comunidade\/","title":{"rendered":"Notas \u00e0 Comunidade"},"content":{"rendered":"\n<p><a href=\"https:\/\/ufmg.br\/storage\/6\/7\/2\/7\/6727ecef276606806e0ef2654ef1a5eb_1709576110177_967714804.pdf\" target=\"_blank\" rel=\"noreferrer noopener\">Nota \u00e0 comunidade &#8211; Belo Horizonte, 04 de mar\u00e7o de 2024<\/a><\/p>\n\n\n\n<p><a href=\"https:\/\/ufmg.br\/storage\/5\/7\/8\/4\/5784b9da0472d3ca3f55d407165d738c_17091624664147_1490939170.pdf\" target=\"_blank\" rel=\"noreferrer noopener\">Nota \u00e0 comunidade &#8211; Belo Horizonte, 28 de fevereiro de 2024<\/a><\/p>\n\n\n\n<p><a rel=\"noreferrer noopener\" href=\"https:\/\/www.instagram.com\/p\/C9NaiSBPKS0\/?img_index=1\" data-type=\"URL\" data-id=\"https:\/\/www.instagram.com\/p\/C9NaiSBPKS0\/?img_index=1\" target=\"_blank\">Manifesta\u00e7\u00e3o da UFMG sobre suposta den\u00fancia da Stock Car<\/a><\/p>\n\n\n\n<p><a href=\"https:\/\/ufmg.br\/storage\/b\/6\/4\/2\/b642072d56be3d94a67ac85fd26f0374_17240678427197_667122834.pdf\">Nota \u00e0 comunidade &#8211; Belo Horizonte, 19 de Agosto de 2024<\/a><\/p>\n","protected":false},"excerpt":{"rendered":"<p>Nota \u00e0 comunidade &#8211; Belo Horizonte, 04 de mar\u00e7o de 2024 Nota \u00e0 comunidade &#8211; Belo Horizonte, 28 de fevereiro de 2024 Manifesta\u00e7\u00e3o da UFMG sobre suposta den\u00fancia da Stock Car Nota \u00e0 comunidade &#8211; Belo Horizonte, 19 de Agosto de 2024<\/p>\n","protected":false},"author":2,"featured_media":0,"parent":0,"menu_order":4,"comment_status":"closed","ping_status":"closed","template":"","meta":[],"acf":[],"_links":{"self":[{"href":"https:\/\/www.ufmg.br\/stockcarnaufmgnao\/wp-json\/wp\/v2\/pages\/390"}],"collection":[{"href":"https:\/\/www.ufmg.br\/stockcarnaufmgnao\/wp-json\/wp\/v2\/pages"}],"about":[{"href":"https:\/\/www.ufmg.br\/stockcarnaufmgnao\/wp-json\/wp\/v2\/types\/page"}],"author":[{"embeddable":true,"href":"https:\/\/www.ufmg.br\/stockcarnaufmgnao\/wp-json\/wp\/v2\/users\/2"}],"replies":[{"embeddable":true,"href":"https:\/\/www.ufmg.br\/stockcarnaufmgnao\/wp-json\/wp\/v2\/comments?post=390"}],"version-history":[{"count":5,"href":"https:\/\/www.ufmg.br\/stockcarnaufmgnao\/wp-json\/wp\/v2\/pages\/390\/revisions"}],"predecessor-version":[{"id":701,"href":"https:\/\/www.ufmg.br\/stockcarnaufmgnao\/wp-json\/wp\/v2\/pages\/390\/revisions\/701"}],"wp:attachment":[{"href":"https:\/\/www.ufmg.br\/stockcarnaufmgnao\/wp-json\/wp\/v2\/media?parent=390"}],"curies":[{"name":"wp","href":"https:\/\/api.w.org\/{rel}","templated":true}]}}