{"id":1120,"date":"2021-07-15T14:25:41","date_gmt":"2021-07-15T17:25:41","guid":{"rendered":"https:\/\/www.ufmg.br\/sustentabilidade\/?page_id=1120"},"modified":"2021-08-04T12:26:41","modified_gmt":"2021-08-04T15:26:41","slug":"seminario","status":"publish","type":"page","link":"https:\/\/www.ufmg.br\/sustentabilidade\/seminario\/","title":{"rendered":"1\u00ba Semin\u00e1rio UFMG Sustent\u00e1vel"},"content":{"rendered":"<p class=\"IFTO_Centralizado\"><span style=\"font-family: verdana, geneva, sans-serif; font-size: 12pt;\">O evento ocorrer\u00e1 nos dias 9 e 10 de agosto e nesta primeira edi\u00e7\u00e3o conta com a participa\u00e7\u00e3o de profissionais das \u00e1reas de Engenharia Sanit\u00e1ria e Civil, Geologia, Engenharia El\u00e9trica, Administra\u00e7\u00e3o, Ci\u00eancias Biol\u00f3gicas e Medicina Veterin\u00e1ria.<\/span><\/p>\n<p><span style=\"font-family: verdana, geneva, sans-serif; font-size: 12pt;\"> A participa\u00e7\u00e3o \u00e9 gratuita, n\u00e3o sendo necess\u00e1ria a inscri\u00e7\u00e3o. A transmiss\u00e3o ser\u00e1 realizada pelo <a href=\"https:\/\/www.youtube.com\/cacufmg\" target=\"_blank\" rel=\"noopener noreferrer\">canal do YouTube da CAC.<\/a><\/span><\/p>\n<p>&nbsp;<\/p>\n<p class=\"IFTO_Centralizado\"><span style=\"font-size: 18pt;\"><strong><span style=\"font-family: verdana, geneva, sans-serif;\">Programa\u00e7\u00e3o:<\/span><\/strong><\/span><\/p>\n<p><span style=\"font-size: 14pt;\"><strong><span style=\"font-family: verdana, geneva, sans-serif;\">9 de agosto, 10h \u00e0s 11h30<\/span><\/strong><\/span><\/p>\n<div>\n<div>\n<style>#sp-ea-1128 .spcollapsing { height: 0; overflow: hidden; transition-property: height;transition-duration: 500ms;}#sp-ea-1128.sp-easy-accordion>.sp-ea-single {margin-bottom: 10px; border: 1px solid #e2e2e2; }#sp-ea-1128.sp-easy-accordion>.sp-ea-single>.ea-header a {color: #444;}#sp-ea-1128.sp-easy-accordion>.sp-ea-single>.sp-collapse>.ea-body {background: #fff; color: #444;}#sp-ea-1128.sp-easy-accordion>.sp-ea-single {background: #eee;}#sp-ea-1128.sp-easy-accordion>.sp-ea-single>.ea-header a .ea-expand-icon { float: left; color: #444;font-size: 16px;}<\/style><div id=\"sp_easy_accordion-1776884194\">\n<div id=\"sp-ea-1128\" class=\"sp-ea-one sp-easy-accordion\" data-ex-icon=\"minus\" data-col-icon=\"plus\" data-ea-active=\"ea-click\" data-ea-mode=\"vertical\" data-preloader=\"\" data-scroll-active-item=\"\" data-offset-to-scroll=\"0\">\n\t<!-- Start accordion card div. -->\n\t<div class=\"ea-card  sp-ea-single\">\n\t\t<!-- Start accordion header. -->\n\t\t<h3 class=\"ea-header\">\n\t\t\t<!-- Add anchor tag for header. -->\n\t\t\t<a class=\"collapsed\" id=\"ea-header-11280\" data-sptoggle=\"spcollapse\" data-sptarget=\"#collapse11280\" aria-controls=\"collapse11280\" href=\"#\"  aria-expanded=\"false\" tabindex=\"0\">\n\t\t\t<i class=\"ea-expand-icon ea-icon-expand-plus\"><\/i> A Esta\u00e7\u00e3o Ecol\u00f3gica da UFMG (EEco)\t\t\t<\/a> <!-- Close anchor tag for header. -->\n\t\t<\/h3>\t<!-- Close header tag. -->\n\t\t<!-- Start collapsible content div. -->\n\t\t<div class=\"sp-collapse spcollapse spcollapse\" id=\"collapse11280\" data-parent=\"#sp-ea-1128\" role=\"region\" aria-labelledby=\"ea-header-11280\">  <!-- Content div. -->\n\t\t\t<div class=\"ea-body\">\n\t\t\t<p style=\"text-align: justify\"><span style=\"font-family: verdana, geneva, sans-serif;font-size: 12pt\"><strong>Descri\u00e7\u00e3o:<\/strong><\/span><\/p>\n<p style=\"text-align: justify\"><span style=\"font-family: verdana, geneva, sans-serif;font-size: 12pt\">A confer\u00eancia abordar\u00e1 o hist\u00f3rico do processo de consolida\u00e7\u00e3o da Esta\u00e7\u00e3o Ecol\u00f3gica como \u00e1rea protegida, bem como seus valores culturais e naturais. Ser\u00e3o abordados tamb\u00e9m os aspectos biogeogr\u00e1ficos, a import\u00e2ncia socioambiental e os desafios de gest\u00e3o da \u00e1rea. Por fim, ser\u00e3o apresentados projetos e a\u00e7\u00f5es de sustentabilidade vinculados \u00e0 EEco, cujo alcance extrapola os limites da \u00e1rea.<\/span><\/p>\n<p><span style=\"font-family: verdana, geneva, sans-serif;font-size: 12pt\"><a href=\"https:\/\/www.youtube.com\/watch?v=o1ZDzVQ-aq4\" target=\"_blank\" rel=\"noopener\">Clique aqui<\/a> para acessar a transmiss\u00e3o.<strong><br \/>\n<\/strong><\/span><\/p>\n<p style=\"text-align: justify\"><span style=\"font-family: verdana, geneva, sans-serif;font-size: 12pt\"><strong>Conferencistas:<\/strong><\/span><\/p>\n<p><img loading=\"lazy\" decoding=\"async\" class=\"alignleft size-large wp-image-1217\" src=\"https:\/\/www.ufmg.br\/sustentabilidade\/wp-content\/uploads\/2021\/07\/Conferencia1-816x1024.png\" alt=\"\" width=\"816\" height=\"1024\" srcset=\"https:\/\/www.ufmg.br\/sustentabilidade\/wp-content\/uploads\/2021\/07\/Conferencia1-816x1024.png 816w, https:\/\/www.ufmg.br\/sustentabilidade\/wp-content\/uploads\/2021\/07\/Conferencia1-239x300.png 239w, https:\/\/www.ufmg.br\/sustentabilidade\/wp-content\/uploads\/2021\/07\/Conferencia1-768x964.png 768w, https:\/\/www.ufmg.br\/sustentabilidade\/wp-content\/uploads\/2021\/07\/Conferencia1-1223x1536.png 1223w, https:\/\/www.ufmg.br\/sustentabilidade\/wp-content\/uploads\/2021\/07\/Conferencia1-1631x2048.png 1631w\" sizes=\"(max-width: 816px) 100vw, 816px\" \/><\/p>\n<p style=\"text-align: justify\">\n\t\t\t<\/div> <!-- Close content div. -->\n\t\t<\/div> <!-- Close collapse div. -->\n\t<\/div> <!-- Close card div. -->\n\t<\/div>\n<\/div>\n\n<p><strong><span style=\"font-family: verdana, geneva, sans-serif; font-size: 14pt;\">9 de agosto, 14h \u00e0s 15h30<\/span><br \/>\n<\/strong><\/p>\n<style>#sp-ea-1145 .spcollapsing { height: 0; overflow: hidden; transition-property: height;transition-duration: 500ms;}#sp-ea-1145.sp-easy-accordion>.sp-ea-single {margin-bottom: 10px; border: 1px solid #e2e2e2; }#sp-ea-1145.sp-easy-accordion>.sp-ea-single>.ea-header a {color: #444;}#sp-ea-1145.sp-easy-accordion>.sp-ea-single>.sp-collapse>.ea-body {background: #fff; color: #444;}#sp-ea-1145.sp-easy-accordion>.sp-ea-single {background: #eee;}#sp-ea-1145.sp-easy-accordion>.sp-ea-single>.ea-header a .ea-expand-icon { float: left; color: #444;font-size: 16px;}<\/style><div id=\"sp_easy_accordion-1776884194\">\n<div id=\"sp-ea-1145\" class=\"sp-ea-one sp-easy-accordion\" data-ex-icon=\"minus\" data-col-icon=\"plus\" data-ea-active=\"ea-click\" data-ea-mode=\"vertical\" data-preloader=\"\" data-scroll-active-item=\"\" data-offset-to-scroll=\"0\">\n\t<!-- Start accordion card div. -->\n\t<div class=\"ea-card  sp-ea-single\">\n\t\t<!-- Start accordion header. -->\n\t\t<h3 class=\"ea-header\">\n\t\t\t<!-- Add anchor tag for header. -->\n\t\t\t<a class=\"collapsed\" id=\"ea-header-11450\" data-sptoggle=\"spcollapse\" data-sptarget=\"#collapse11450\" aria-controls=\"collapse11450\" href=\"#\"  aria-expanded=\"false\" tabindex=\"0\">\n\t\t\t<i class=\"ea-expand-icon ea-icon-expand-plus\"><\/i> Manejo \u00e9tico populacional de c\u00e3es e gatos: experi\u00eancias e resultados da Comiss\u00e3o Permanente de Pol\u00edtica de Animais nos Campi da UFMG\t\t\t<\/a> <!-- Close anchor tag for header. -->\n\t\t<\/h3>\t<!-- Close header tag. -->\n\t\t<!-- Start collapsible content div. -->\n\t\t<div class=\"sp-collapse spcollapse spcollapse\" id=\"collapse11450\" data-parent=\"#sp-ea-1145\" role=\"region\" aria-labelledby=\"ea-header-11450\">  <!-- Content div. -->\n\t\t\t<div class=\"ea-body\">\n\t\t\t<p><span style=\"font-family: verdana, geneva, sans-serif;font-size: 12pt\"><strong>Descri\u00e7\u00e3o:<\/strong> <\/span><\/p>\n<p style=\"text-align: justify\"><span style=\"font-family: verdana, geneva, sans-serif;font-size: 12pt\">Desde 2018, nomeada pela Reitoria, a Comiss\u00e3o Permanente de Pol\u00edticas para Animais da UFMG trabalha por um manejo \u00e9tico populacional dos c\u00e3es e gatos presentes nos\u00a0<i>campi<\/i>, bem como monitora animais silvestres. Ser\u00e3o\u00a0 apresentados metodologia e resultados do trabalho organizado e executado de maneira coletiva, sempre embasado pela ci\u00eancia.<\/span><\/p>\n<p><span style=\"font-family: verdana, geneva, sans-serif;font-size: 12pt\"><a href=\"https:\/\/www.youtube.com\/watch?v=2-u-zQ3urn8\" target=\"_blank\" rel=\"noopener\">Clique aqui<\/a> para acessar a transmiss\u00e3o.<\/span><\/p>\n<p style=\"text-align: left\"><span style=\"font-family: verdana, geneva, sans-serif;font-size: 12pt\"><strong>Conferencistas:<\/strong><\/span><span style=\"font-size: 10pt;font-family: verdana, geneva, sans-serif\"><img loading=\"lazy\" decoding=\"async\" class=\"alignleft size-large wp-image-1229\" src=\"https:\/\/www.ufmg.br\/sustentabilidade\/wp-content\/uploads\/2021\/07\/Confer\u00eancia-2-1-1024x493.png\" alt=\"\" width=\"1024\" height=\"493\" srcset=\"https:\/\/www.ufmg.br\/sustentabilidade\/wp-content\/uploads\/2021\/07\/Confer\u00eancia-2-1-1024x493.png 1024w, https:\/\/www.ufmg.br\/sustentabilidade\/wp-content\/uploads\/2021\/07\/Confer\u00eancia-2-1-300x145.png 300w, https:\/\/www.ufmg.br\/sustentabilidade\/wp-content\/uploads\/2021\/07\/Confer\u00eancia-2-1-768x370.png 768w, https:\/\/www.ufmg.br\/sustentabilidade\/wp-content\/uploads\/2021\/07\/Confer\u00eancia-2-1-1536x740.png 1536w, https:\/\/www.ufmg.br\/sustentabilidade\/wp-content\/uploads\/2021\/07\/Confer\u00eancia-2-1-2048x987.png 2048w\" sizes=\"(max-width: 1024px) 100vw, 1024px\" \/><\/span><\/p>\n\t\t\t<\/div> <!-- Close content div. -->\n\t\t<\/div> <!-- Close collapse div. -->\n\t<\/div> <!-- Close card div. -->\n\t<\/div>\n<\/div>\n\n<p><span style=\"font-size: 14pt;\"><strong><span style=\"font-family: verdana, geneva, sans-serif;\">10 de agosto, 10h \u00e0s 11h30 <\/span><\/strong><\/span><span style=\"font-family: verdana, geneva, sans-serif; font-size: 10pt;\"><br \/>\n<\/span><\/p>\n<style>#sp-ea-1144 .spcollapsing { height: 0; overflow: hidden; transition-property: height;transition-duration: 500ms;}#sp-ea-1144.sp-easy-accordion>.sp-ea-single {margin-bottom: 10px; border: 1px solid #e2e2e2; }#sp-ea-1144.sp-easy-accordion>.sp-ea-single>.ea-header a {color: #444;}#sp-ea-1144.sp-easy-accordion>.sp-ea-single>.sp-collapse>.ea-body {background: #fff; color: #444;}#sp-ea-1144.sp-easy-accordion>.sp-ea-single {background: #eee;}#sp-ea-1144.sp-easy-accordion>.sp-ea-single>.ea-header a .ea-expand-icon { float: left; color: #444;font-size: 16px;}<\/style><div id=\"sp_easy_accordion-1776884194\">\n<div id=\"sp-ea-1144\" class=\"sp-ea-one sp-easy-accordion\" data-ex-icon=\"minus\" data-col-icon=\"plus\" data-ea-active=\"ea-click\" data-ea-mode=\"vertical\" data-preloader=\"\" data-scroll-active-item=\"\" data-offset-to-scroll=\"0\">\n\t<!-- Start accordion card div. -->\n\t<div class=\"ea-card  sp-ea-single\">\n\t\t<!-- Start accordion header. -->\n\t\t<h3 class=\"ea-header\">\n\t\t\t<!-- Add anchor tag for header. -->\n\t\t\t<a class=\"collapsed\" id=\"ea-header-11440\" data-sptoggle=\"spcollapse\" data-sptarget=\"#collapse11440\" aria-controls=\"collapse11440\" href=\"#\"  aria-expanded=\"false\" tabindex=\"0\">\n\t\t\t<i class=\"ea-expand-icon ea-icon-expand-plus\"><\/i> Projeto O\u00e1sis-UFMG\t\t\t<\/a> <!-- Close anchor tag for header. -->\n\t\t<\/h3>\t<!-- Close header tag. -->\n\t\t<!-- Start collapsible content div. -->\n\t\t<div class=\"sp-collapse spcollapse spcollapse\" id=\"collapse11440\" data-parent=\"#sp-ea-1144\" role=\"region\" aria-labelledby=\"ea-header-11440\">  <!-- Content div. -->\n\t\t\t<div class=\"ea-body\">\n\t\t\t<p style=\"text-align: justify\"><span style=\"font-size: 12pt;font-family: verdana, geneva, sans-serif\"><strong>Descri\u00e7\u00e3o:<\/strong><\/span><\/p>\n<p style=\"text-align: justify\"><span style=\"font-family: verdana, geneva, sans-serif;font-size: 12pt\">Apresenta\u00e7\u00e3o do Projeto O\u00e1sis,\u00a0 projeto de investiga\u00e7\u00e3o t\u00e9cnico-cient\u00edfica com o objetivo de reduzir gastos de energia el\u00e9trica por meio da instala\u00e7\u00e3o de sistemas de minigera\u00e7\u00e3o de energia, a constitui\u00e7\u00e3o de uma minirrede e a gest\u00e3o t\u00e9cnico-comercial da energia. Utilizando o campus da Pampulha da UFMG, s\u00e3o contempladas a instala\u00e7\u00e3o de unidades distribu\u00eddas de gera\u00e7\u00e3o baseadas na tecnologia fotovoltaica, nas microturbinas a g\u00e1s operando em cogera\u00e7\u00e3o qualificada e no armazenamento da energia el\u00e9trica. Por meio da iniciativa, a UFMG promove a cria\u00e7\u00e3o de uma plataforma de estudo de uma minirrede, al\u00e9m da investiga\u00e7\u00e3o de diferentes tecnologias utilizadas para gera\u00e7\u00e3o e armazenagem.<\/span><\/p>\n<p><span style=\"font-family: verdana, geneva, sans-serif;font-size: 12pt\"><a href=\"https:\/\/www.youtube.com\/watch?v=u-ex7IpzApk\" target=\"_blank\" rel=\"noopener\">Clique aqui<\/a> para acessar a transmiss\u00e3o.<\/span><\/p>\n<p style=\"text-align: justify\"><span style=\"font-family: verdana, geneva, sans-serif;font-size: 12pt\"><strong>Conferencistas:<\/strong><\/span><\/p>\n<p><img loading=\"lazy\" decoding=\"async\" class=\"alignleft size-large wp-image-1237\" src=\"https:\/\/www.ufmg.br\/sustentabilidade\/wp-content\/uploads\/2021\/08\/CF4-729x1024.png\" alt=\"\" width=\"729\" height=\"1024\" srcset=\"https:\/\/www.ufmg.br\/sustentabilidade\/wp-content\/uploads\/2021\/08\/CF4-729x1024.png 729w, https:\/\/www.ufmg.br\/sustentabilidade\/wp-content\/uploads\/2021\/08\/CF4-213x300.png 213w, https:\/\/www.ufmg.br\/sustentabilidade\/wp-content\/uploads\/2021\/08\/CF4-768x1079.png 768w, https:\/\/www.ufmg.br\/sustentabilidade\/wp-content\/uploads\/2021\/08\/CF4-1093x1536.png 1093w, https:\/\/www.ufmg.br\/sustentabilidade\/wp-content\/uploads\/2021\/08\/CF4-1457x2048.png 1457w\" sizes=\"(max-width: 729px) 100vw, 729px\" \/><\/p>\n\t\t\t<\/div> <!-- Close content div. -->\n\t\t<\/div> <!-- Close collapse div. -->\n\t<\/div> <!-- Close card div. -->\n\t<\/div>\n<\/div>\n\n<\/div>\n<\/div>\n<p><strong><span style=\"font-size: 14pt; font-family: verdana, geneva, sans-serif;\">10 de agosto, 14h \u00e0s 15h30<\/span><br \/>\n<\/strong><\/p>\n<style>#sp-ea-1131 .spcollapsing { height: 0; overflow: hidden; transition-property: height;transition-duration: 500ms;}#sp-ea-1131.sp-easy-accordion>.sp-ea-single {margin-bottom: 10px; border: 1px solid #e2e2e2; }#sp-ea-1131.sp-easy-accordion>.sp-ea-single>.ea-header a {color: #444;}#sp-ea-1131.sp-easy-accordion>.sp-ea-single>.sp-collapse>.ea-body {background: #fff; color: #444;}#sp-ea-1131.sp-easy-accordion>.sp-ea-single {background: #eee;}#sp-ea-1131.sp-easy-accordion>.sp-ea-single>.ea-header a .ea-expand-icon { float: left; color: #444;font-size: 16px;}<\/style><div id=\"sp_easy_accordion-1776884194\">\n<div id=\"sp-ea-1131\" class=\"sp-ea-one sp-easy-accordion\" data-ex-icon=\"minus\" data-col-icon=\"plus\" data-ea-active=\"ea-click\" data-ea-mode=\"vertical\" data-preloader=\"\" data-scroll-active-item=\"\" data-offset-to-scroll=\"0\">\n\t<!-- Start accordion card div. -->\n\t<div class=\"ea-card  sp-ea-single\">\n\t\t<!-- Start accordion header. -->\n\t\t<h3 class=\"ea-header\">\n\t\t\t<!-- Add anchor tag for header. -->\n\t\t\t<a class=\"collapsed\" id=\"ea-header-11310\" data-sptoggle=\"spcollapse\" data-sptarget=\"#collapse11310\" aria-controls=\"collapse11310\" href=\"#\"  aria-expanded=\"false\" tabindex=\"0\">\n\t\t\t<i class=\"ea-expand-icon ea-icon-expand-plus\"><\/i> Estudo de alternativas para produ\u00e7\u00e3o de \u00e1gua e racionaliza\u00e7\u00e3o do consumo no campus Pampulha da UFMG\t\t\t<\/a> <!-- Close anchor tag for header. -->\n\t\t<\/h3>\t<!-- Close header tag. -->\n\t\t<!-- Start collapsible content div. -->\n\t\t<div class=\"sp-collapse spcollapse spcollapse\" id=\"collapse11310\" data-parent=\"#sp-ea-1131\" role=\"region\" aria-labelledby=\"ea-header-11310\">  <!-- Content div. -->\n\t\t\t<div class=\"ea-body\">\n\t\t\t<p style=\"text-align: justify\"><span style=\"font-family: verdana, geneva, sans-serif;font-size: 12pt\"><strong>Descri\u00e7\u00e3o:<\/strong><\/span><\/p>\n<p style=\"text-align: justify\"><span style=\"font-family: verdana, geneva, sans-serif;font-size: 12pt\">Apresenta\u00e7\u00e3o do projeto de Pesquisa e Desenvolvimento que visa a interferir no abastecimento de \u00e1gua do campus da UFMG, em termos da inser\u00e7\u00e3o de novos mananciais subterr\u00e2neos e da instala\u00e7\u00e3o de equipamentos de redu\u00e7\u00e3o do consumo de \u00e1gua nos banheiros. Em primeira inst\u00e2ncia, ser\u00e3o contempladas as Unidades Escola de Veterin\u00e1ria, Instituto de Ci\u00eancias Biol\u00f3gicas, Instituto de Ci\u00eancias Exatas e Escola de Engenharia, que responderam em 2019 por aproximadamente 32% do consumo de \u00e1gua do campus. Dessa forma, intenta-se reduzir o disp\u00eandio de recursos financeiros atualmente destinados \u00e0 Companhia de Saneamento de Minas Gerais (COPASA).<br \/>\n<\/span><\/p>\n<p><span style=\"font-family: verdana, geneva, sans-serif;font-size: 12pt\"><a href=\"https:\/\/www.youtube.com\/watch?v=HE3tegFgf_Y\" target=\"_blank\" rel=\"noopener\">Clique aqui<\/a> para acessar a transmiss\u00e3o.<\/span><\/p>\n<p style=\"text-align: justify\"><span style=\"font-family: verdana, geneva, sans-serif;font-size: 12pt\"><strong>Conferencistas:<\/strong><\/span><\/p>\n<p><img loading=\"lazy\" decoding=\"async\" class=\"alignleft size-large wp-image-1232\" src=\"https:\/\/www.ufmg.br\/sustentabilidade\/wp-content\/uploads\/2021\/07\/ultimo-dia-785x1024.png\" alt=\"\" width=\"785\" height=\"1024\" srcset=\"https:\/\/www.ufmg.br\/sustentabilidade\/wp-content\/uploads\/2021\/07\/ultimo-dia-785x1024.png 785w, https:\/\/www.ufmg.br\/sustentabilidade\/wp-content\/uploads\/2021\/07\/ultimo-dia-230x300.png 230w, https:\/\/www.ufmg.br\/sustentabilidade\/wp-content\/uploads\/2021\/07\/ultimo-dia-768x1002.png 768w, https:\/\/www.ufmg.br\/sustentabilidade\/wp-content\/uploads\/2021\/07\/ultimo-dia-1177x1536.png 1177w, https:\/\/www.ufmg.br\/sustentabilidade\/wp-content\/uploads\/2021\/07\/ultimo-dia-1570x2048.png 1570w\" sizes=\"(max-width: 785px) 100vw, 785px\" \/><\/p>\n\t\t\t<\/div> <!-- Close content div. -->\n\t\t<\/div> <!-- Close collapse div. -->\n\t<\/div> <!-- Close card div. -->\n\t<\/div>\n<\/div>\n\n<p><span style=\"font-family: verdana, geneva, sans-serif; font-size: 12pt;\">A organiza\u00e7\u00e3o do evento \u00e9 coordenada pela <a href=\"https:\/\/www.ufmg.br\/sustentabilidade\/quem-somos\/comissao-permamente\/\" target=\"_blank\" rel=\"noopener noreferrer\">Comiss\u00e3o Permanente de Gest\u00e3o Energ\u00e9tica, H\u00eddrica e Ambiental (CPGEHA)<\/a> com apoio t\u00e9cnico da Coordenadoria de Assuntos Comunit\u00e1rios (CAC) e do Centro de Comunica\u00e7\u00e3o da UFMG (CEDECOM).<\/span><\/p>\n<p><span style=\"font-family: verdana, geneva, sans-serif; font-size: 12pt;\">\u00a0<\/span><\/p>\n","protected":false},"excerpt":{"rendered":"<p>O evento ocorrer\u00e1 nos dias 9 e 10 de agosto e nesta primeira edi\u00e7\u00e3o conta com a participa\u00e7\u00e3o de profissionais das \u00e1reas de Engenharia Sanit\u00e1ria e Civil, Geologia, Engenharia El\u00e9trica, Administra\u00e7\u00e3o, Ci\u00eancias Biol\u00f3gicas e Medicina Veterin\u00e1ria. A participa\u00e7\u00e3o \u00e9 gratuita, n\u00e3o sendo necess\u00e1ria a inscri\u00e7\u00e3o. A transmiss\u00e3o ser\u00e1 realizada pelo canal do YouTube da CAC. [&hellip;]<\/p>\n","protected":false},"author":1,"featured_media":0,"parent":0,"menu_order":0,"comment_status":"closed","ping_status":"closed","template":"","meta":{"_acf_changed":false,"footnotes":""},"class_list":["post-1120","page","type-page","status-publish","hentry"],"acf":[],"_links":{"self":[{"href":"https:\/\/www.ufmg.br\/sustentabilidade\/wp-json\/wp\/v2\/pages\/1120"}],"collection":[{"href":"https:\/\/www.ufmg.br\/sustentabilidade\/wp-json\/wp\/v2\/pages"}],"about":[{"href":"https:\/\/www.ufmg.br\/sustentabilidade\/wp-json\/wp\/v2\/types\/page"}],"author":[{"embeddable":true,"href":"https:\/\/www.ufmg.br\/sustentabilidade\/wp-json\/wp\/v2\/users\/1"}],"replies":[{"embeddable":true,"href":"https:\/\/www.ufmg.br\/sustentabilidade\/wp-json\/wp\/v2\/comments?post=1120"}],"version-history":[{"count":75,"href":"https:\/\/www.ufmg.br\/sustentabilidade\/wp-json\/wp\/v2\/pages\/1120\/revisions"}],"predecessor-version":[{"id":1236,"href":"https:\/\/www.ufmg.br\/sustentabilidade\/wp-json\/wp\/v2\/pages\/1120\/revisions\/1236"}],"wp:attachment":[{"href":"https:\/\/www.ufmg.br\/sustentabilidade\/wp-json\/wp\/v2\/media?parent=1120"}],"curies":[{"name":"wp","href":"https:\/\/api.w.org\/{rel}","templated":true}]}}