{"id":1707,"date":"2025-04-08T09:31:48","date_gmt":"2025-04-08T12:31:48","guid":{"rendered":"https:\/\/www.ufmg.br\/sustentabilidade\/?page_id=1707"},"modified":"2025-05-19T10:28:50","modified_gmt":"2025-05-19T13:28:50","slug":"comite-de-sustentabilidade","status":"publish","type":"page","link":"https:\/\/www.ufmg.br\/sustentabilidade\/projetos\/comite-de-sustentabilidade\/","title":{"rendered":"Comit\u00ea de Sustentabilidade"},"content":{"rendered":"\n<p>A sustentabilidade \u00e9 um dos valores institucionais da Funda\u00e7\u00e3o de Apoio da UFMG (Fundep). Com o intuito de aprofundar a realiza\u00e7\u00e3o das atividades relacionadas a esse valor, em 2023, ap\u00f3s uma reativa\u00e7\u00e3o do projeto Repensar por uma Comiss\u00e3o montada para esse objetivo, constituiu-se um Comit\u00ea para discutir e reimplementar a\u00e7\u00f5es para fortalecimento do valor, n\u00e3o apenas como uma obriga\u00e7\u00e3o \u00e9tica, mas tamb\u00e9m como um elemento estrat\u00e9gico para a garantia da perenidade e relev\u00e2ncia da organiza\u00e7\u00e3o.<\/p>\n\n\n\n<p>A miss\u00e3o do comit\u00ea \u00e9 fortalecer a cultura de sustentabilidade na Fundep, atuando em a\u00e7\u00f5es relacionadas \u00e0 efici\u00eancia h\u00eddrica, efici\u00eancia energ\u00e9tica, substitui\u00e7\u00e3o de alguns materiais por reutiliz\u00e1veis, melhoria na aferi\u00e7\u00e3o das medi\u00e7\u00f5es e incentivo ao consumo consciente de recursos.<\/p>\n\n\n\n<p>O objetivo geral \u00e9 assessorar o Conselho de Gest\u00e3o da Fundep sobre a tem\u00e1tica de sustentabilidade, coordenando e monitorando as a\u00e7\u00f5es relacionadas ao tema na institui\u00e7\u00e3o, bem como definindo metas, estrat\u00e9gias e atividades.<\/p>\n\n\n\n<p>Dentre os resultados obtidos t\u00eam-se a Coleta Seletiva: Reimplementa\u00e7\u00e3o do programa em parceria com a DSU\/UFMG, incorporando log\u00edstica reversa para c\u00e1psulas de caf\u00e9, e descartes de recicl\u00e1veis, eletr\u00f4nicos e pilhas; Redu\u00e7\u00e3o de 57% no consumo de copos pl\u00e1sticos de \u00e1gua; Redu\u00e7\u00e3o de 54% no consumo de copos pl\u00e1sticos de caf\u00e9 (de 7 mil para 3,2 mil unidades); Reciclagem: 28% dos res\u00edduos produzidos na Funda\u00e7\u00e3o, principalmente caixas de papel\u00e3o, foram destinados \u00e0 reciclagem; Realiza\u00e7\u00e3o de 7 a\u00e7\u00f5es de comunica\u00e7\u00e3o no Instagram Colaborativo Oficial (@somosfundep) para promover pr\u00e1ticas sustent\u00e1veis; Conson\u00e2ncia com as diretrizes da UFMG para a gest\u00e3o de res\u00edduos, com monitoramento di\u00e1rio dos dados de coleta de descartes na Fundep; Distribui\u00e7\u00e3o de garrafas sustent\u00e1veis para todos os colaboradores; Contrata\u00e7\u00e3o de profissionais especializados para conscientiza\u00e7\u00e3o sobre pr\u00e1ticas sustent\u00e1veis; Eventos Tem\u00e1ticos: Dia da \u00c1gua; Junho, M\u00eas do Ambiente; Outubro, Bate-papo com a influencer Laura da Cruz, Joga Fora no Lixo!; e as iniciativas resultaram em um engajamento de 92% com pr\u00e1ticas sustent\u00e1veis.<\/p>\n\n\n\n<p><strong>Respons\u00e1vel:<\/strong><\/p>\n\n\n\n<p>Fernanda Batista.<\/p>\n\n\n\n<p><img loading=\"lazy\" decoding=\"async\" width=\"151\" height=\"151\" src=\"https:\/\/lh7-rt.googleusercontent.com\/docsz\/AD_4nXcJUj9uAz4vWJneN-gdu4yaudd35iCCfdIIJyHtdAdlykgDRYzABsOr-rpSjpFr28UhXoyJazJu8_SaoZgZkBTlX3j0sY2STjQ6XYf212MLLWXc7-OcJ4jtpY8G_LOHxjmp0XIcgQ?key=vBoj-53Tv1siE7mgN3cXbz9L\"><br><\/p>\n","protected":false},"excerpt":{"rendered":"<p>A sustentabilidade \u00e9 um dos valores institucionais da Funda\u00e7\u00e3o de Apoio da UFMG (Fundep). Com o intuito de aprofundar a realiza\u00e7\u00e3o das atividades relacionadas a esse valor, em 2023, ap\u00f3s uma reativa\u00e7\u00e3o do projeto Repensar por uma Comiss\u00e3o montada para esse objetivo, constituiu-se um Comit\u00ea para discutir e reimplementar a\u00e7\u00f5es para fortalecimento do valor, n\u00e3o [&hellip;]<\/p>\n","protected":false},"author":3,"featured_media":0,"parent":835,"menu_order":0,"comment_status":"closed","ping_status":"closed","template":"","meta":{"_acf_changed":false,"footnotes":""},"class_list":["post-1707","page","type-page","status-publish","hentry"],"acf":[],"_links":{"self":[{"href":"https:\/\/www.ufmg.br\/sustentabilidade\/wp-json\/wp\/v2\/pages\/1707"}],"collection":[{"href":"https:\/\/www.ufmg.br\/sustentabilidade\/wp-json\/wp\/v2\/pages"}],"about":[{"href":"https:\/\/www.ufmg.br\/sustentabilidade\/wp-json\/wp\/v2\/types\/page"}],"author":[{"embeddable":true,"href":"https:\/\/www.ufmg.br\/sustentabilidade\/wp-json\/wp\/v2\/users\/3"}],"replies":[{"embeddable":true,"href":"https:\/\/www.ufmg.br\/sustentabilidade\/wp-json\/wp\/v2\/comments?post=1707"}],"version-history":[{"count":4,"href":"https:\/\/www.ufmg.br\/sustentabilidade\/wp-json\/wp\/v2\/pages\/1707\/revisions"}],"predecessor-version":[{"id":1843,"href":"https:\/\/www.ufmg.br\/sustentabilidade\/wp-json\/wp\/v2\/pages\/1707\/revisions\/1843"}],"up":[{"embeddable":true,"href":"https:\/\/www.ufmg.br\/sustentabilidade\/wp-json\/wp\/v2\/pages\/835"}],"wp:attachment":[{"href":"https:\/\/www.ufmg.br\/sustentabilidade\/wp-json\/wp\/v2\/media?parent=1707"}],"curies":[{"name":"wp","href":"https:\/\/api.w.org\/{rel}","templated":true}]}}