{"id":1714,"date":"2025-04-08T09:39:59","date_gmt":"2025-04-08T12:39:59","guid":{"rendered":"https:\/\/www.ufmg.br\/sustentabilidade\/?page_id=1714"},"modified":"2025-04-08T09:39:59","modified_gmt":"2025-04-08T12:39:59","slug":"geda","status":"publish","type":"page","link":"https:\/\/www.ufmg.br\/sustentabilidade\/projetos\/geda\/","title":{"rendered":"GEDA"},"content":{"rendered":"\n<p>O Grupo de Estudos em Direito Ambiental \u2013 GEDA se empenha na proposi\u00e7\u00e3o de iniciativas que abordem e difundam a produ\u00e7\u00e3o de conhecimento acad\u00eamico a respeito das principais tem\u00e1ticas contempor\u00e2neas relativas ao direito ambiental nacional e internacional. O Grupo de Estudos, no presente semestre, est\u00e1 focado em importantes t\u00f3picos do Direito Ambiental, notadamente na discuss\u00e3o acerca das medidas judiciais, legais e administrativas de enfrentamento aos desafios impostos pelas mudan\u00e7as clim\u00e1ticas observadas no cen\u00e1rio nacional recente. Assim, esse projeto est\u00e1 promovendo encontros quinzenais para debater a mobiliza\u00e7\u00e3o institucional do Judici\u00e1rio, Legislativo, Executivo e Minist\u00e9rio P\u00fablico em face \u00e0s transforma\u00e7\u00f5es do meio ambiente ocasionadas pelas mudan\u00e7as clim\u00e1ticas, bem como a an\u00e1lise de dados extra\u00eddos dos sistemas operacionais dos referidos \u00f3rg\u00e3os. Nesse contexto, o projeto oportuniza aos estudantes de Direito e aos simpatizantes do tema, o contato com a bibliografia selecionada, a legisla\u00e7\u00e3o e, ainda, profissionais especialistas que se destacam no mercado do Direito Ambiental do pa\u00eds, al\u00e9m da abordagem e discuss\u00e3o da mat\u00e9ria, de maneira pr\u00e1tica, din\u00e2mica e aprofundada.<\/p>\n\n\n\n<p>O Grupo de Estudos em Direito Ambiental tem por objetivo geral abordar de maneira pr\u00e1tica, din\u00e2mica e aprofundada o estudo da legisla\u00e7\u00e3o e jurisprud\u00eancia em mat\u00e9ria ambiental aplicada \u00e0s tem\u00e1ticas selecionadas a cada semestre. Visa dar aos participantes, de diferentes forma\u00e7\u00f5es, conhecimento te\u00f3rico sobre a pr\u00e1tica jur\u00eddica ambiental no Brasil, suas preocupa\u00e7\u00f5es e tend\u00eancias.\u00a0<\/p>\n\n\n\n<p>O grupo foca na abordagem da tem\u00e1tica selecionada, explanando aspectos pr\u00e1ticos e te\u00f3ricos da aplica\u00e7\u00e3o do direito ambiental aos t\u00f3picos espec\u00edficos, por parte dos convidados especialistas e coordenadores. Ap\u00f3s a apresenta\u00e7\u00e3o inicial, haver\u00e1 um segundo momento voltado para a discuss\u00e3o de casos, da bibliografia e da legisla\u00e7\u00e3o selecionados acerca do tema, de modo com que todos possam participar ativamente da discuss\u00e3o. Toda a din\u00e2mica, incluindo as apresenta\u00e7\u00f5es e os debates, ser\u00e1 realizada por meio da plataforma virtual Google Meet, visando abranger tamb\u00e9m a comunidade externa \u00e0 UFMG.<\/p>\n\n\n\n<p>Em atividade desde 2013, com duas edi\u00e7\u00f5es por ano, o GEDA j\u00e1 alcan\u00e7ou mais de dois mil participantes. Atualmente, para al\u00e9m da equipe organizadora, conta com 86 membros e 4 palestrantes programados. Em raz\u00e3o do formato online, \u00e9 composto por estudantes de diversas institui\u00e7\u00f5es e profissionais de in\u00fameras \u00e1reas correlatas \u00e0 pr\u00e1tica do Direito Ambiental.<\/p>\n\n\n\n<p><strong>Respons\u00e1vel:<\/strong><\/p>\n\n\n\n<p>Prof. Dr. Bruno Wanderley J\u00fanior<span id=\"docs-internal-guid-f8e59296-7fff-5181-e86b-1723f0e9203c\"><div><span style=\"font-size: 12pt; font-family: Lexend, sans-serif; background-color: transparent; font-variant-numeric: normal; font-variant-east-asian: normal; font-variant-alternates: normal; font-variant-position: normal; font-variant-emoji: normal; vertical-align: baseline;\"><\/span><\/div><\/span><\/p>\n","protected":false},"excerpt":{"rendered":"<p>O Grupo de Estudos em Direito Ambiental \u2013 GEDA se empenha na proposi\u00e7\u00e3o de iniciativas que abordem e difundam a produ\u00e7\u00e3o de conhecimento acad\u00eamico a respeito das principais tem\u00e1ticas contempor\u00e2neas relativas ao direito ambiental nacional e internacional. O Grupo de Estudos, no presente semestre, est\u00e1 focado em importantes t\u00f3picos do Direito Ambiental, notadamente na discuss\u00e3o [&hellip;]<\/p>\n","protected":false},"author":3,"featured_media":0,"parent":835,"menu_order":0,"comment_status":"closed","ping_status":"closed","template":"","meta":{"_acf_changed":false,"footnotes":""},"class_list":["post-1714","page","type-page","status-publish","hentry"],"acf":[],"_links":{"self":[{"href":"https:\/\/www.ufmg.br\/sustentabilidade\/wp-json\/wp\/v2\/pages\/1714"}],"collection":[{"href":"https:\/\/www.ufmg.br\/sustentabilidade\/wp-json\/wp\/v2\/pages"}],"about":[{"href":"https:\/\/www.ufmg.br\/sustentabilidade\/wp-json\/wp\/v2\/types\/page"}],"author":[{"embeddable":true,"href":"https:\/\/www.ufmg.br\/sustentabilidade\/wp-json\/wp\/v2\/users\/3"}],"replies":[{"embeddable":true,"href":"https:\/\/www.ufmg.br\/sustentabilidade\/wp-json\/wp\/v2\/comments?post=1714"}],"version-history":[{"count":1,"href":"https:\/\/www.ufmg.br\/sustentabilidade\/wp-json\/wp\/v2\/pages\/1714\/revisions"}],"predecessor-version":[{"id":1715,"href":"https:\/\/www.ufmg.br\/sustentabilidade\/wp-json\/wp\/v2\/pages\/1714\/revisions\/1715"}],"up":[{"embeddable":true,"href":"https:\/\/www.ufmg.br\/sustentabilidade\/wp-json\/wp\/v2\/pages\/835"}],"wp:attachment":[{"href":"https:\/\/www.ufmg.br\/sustentabilidade\/wp-json\/wp\/v2\/media?parent=1714"}],"curies":[{"name":"wp","href":"https:\/\/api.w.org\/{rel}","templated":true}]}}