{"id":1722,"date":"2025-04-08T09:45:01","date_gmt":"2025-04-08T12:45:01","guid":{"rendered":"https:\/\/www.ufmg.br\/sustentabilidade\/?page_id=1722"},"modified":"2025-04-08T09:45:01","modified_gmt":"2025-04-08T12:45:01","slug":"utilizacao-de-membrana-inorganica-no-processo-de-percristalizacao-para-separacao-de-solucoes-salinas-concentradas","status":"publish","type":"page","link":"https:\/\/www.ufmg.br\/sustentabilidade\/projetos\/utilizacao-de-membrana-inorganica-no-processo-de-percristalizacao-para-separacao-de-solucoes-salinas-concentradas\/","title":{"rendered":"Utiliza\u00e7\u00e3o de membrana inorg\u00e2nica no processo de percristaliza\u00e7\u00e3o para separa\u00e7\u00e3o de solu\u00e7\u00f5es salinas concentradas"},"content":{"rendered":"\n<p>A globaliza\u00e7\u00e3o e a industrializa\u00e7\u00e3o intensificaram o consumo de \u00e1gua, pressionando os recursos h\u00eddricos e amea\u00e7ando ecossistemas. Ind\u00fastrias com alto consumo de \u00e1gua e descarte de efluentes enfrentam desafios para gerenciar esses recursos de maneira sustent\u00e1vel, reduzindo o impacto ambiental. A tecnologia de Descarte Zero de L\u00edquido (Zero-Liquid Discharge &#8211; ZLD) busca maximizar o reuso da \u00e1gua e minimizar o descarte de res\u00edduos l\u00edquidos. Para otimizar o ZLD, surge a membrana inorg\u00e2nica para a percristaliza\u00e7\u00e3o. Neste processo, a separa\u00e7\u00e3o de l\u00edquido e sais ocorre em uma \u00fanica etapa, utilizando-se uma solu\u00e7\u00e3o de a\u00e7\u00facar, onde a evapora\u00e7\u00e3o do solvente e a cristaliza\u00e7\u00e3o do soluto ocorre no lado perme\u00e1vel da membrana. Este projeto tem como objetivo expandir a fronteira de conhecimento por meio da aplica\u00e7\u00e3o da percristaliza\u00e7\u00e3o para obten\u00e7\u00e3o do sulfato de n\u00edquel.<\/p>\n\n\n\n<p>As membranas inorg\u00e2nicas foram produzidas usando um substrato de alumina recoberto com uma suspens\u00e3o \u00e0 base de \u00e1gua, resina ani\u00f4nica e pol\u00edmero, que funcionaram como fonte de carbono para a forma\u00e7\u00e3o da membrana. Ap\u00f3s a aplica\u00e7\u00e3o do revestimento, as membranas foram submetidas a um processo de carboniza\u00e7\u00e3o a 400 \u00b0C em um forno com atmosfera controlada. As membranas obtidas est\u00e3o agora passando por testes de percristaliza\u00e7\u00e3o para avaliar seu desempenho na s\u00edntese de sulfato de n\u00edquel.<\/p>\n\n\n\n<p><span style=\"font-size: 12pt; font-family: Lexend, sans-serif; background-color: transparent; font-variant-numeric: normal; font-variant-east-asian: normal; font-variant-alternates: normal; font-variant-position: normal; font-variant-emoji: normal; vertical-align: baseline;\"><\/span>O projeto abrange v\u00e1rias frentes de impacto ambiental e efici\u00eancia h\u00eddrica na ind\u00fastria. A ado\u00e7\u00e3o da tecnologia de Descarte Zero de L\u00edquido (ZLD), atrav\u00e9s do processo de percristaliza\u00e7\u00e3o visa Conserva\u00e7\u00e3o de Recursos H\u00eddricos; Redu\u00e7\u00e3o de Poluentes; Inova\u00e7\u00e3o em Tratamento de \u00c1gua; e Aplicabilidade Ampla.<\/p>\n\n\n\n<p><strong>Respons\u00e1vel:<\/strong><\/p>\n\n\n\n<p>Profa. K\u00e1tia Cec\u00edlia Figueiredo<br><\/p>\n","protected":false},"excerpt":{"rendered":"<p>A globaliza\u00e7\u00e3o e a industrializa\u00e7\u00e3o intensificaram o consumo de \u00e1gua, pressionando os recursos h\u00eddricos e amea\u00e7ando ecossistemas. Ind\u00fastrias com alto consumo de \u00e1gua e descarte de efluentes enfrentam desafios para gerenciar esses recursos de maneira sustent\u00e1vel, reduzindo o impacto ambiental. A tecnologia de Descarte Zero de L\u00edquido (Zero-Liquid Discharge &#8211; ZLD) busca maximizar o reuso [&hellip;]<\/p>\n","protected":false},"author":3,"featured_media":0,"parent":835,"menu_order":0,"comment_status":"closed","ping_status":"closed","template":"","meta":{"_acf_changed":false,"footnotes":""},"class_list":["post-1722","page","type-page","status-publish","hentry"],"acf":[],"_links":{"self":[{"href":"https:\/\/www.ufmg.br\/sustentabilidade\/wp-json\/wp\/v2\/pages\/1722"}],"collection":[{"href":"https:\/\/www.ufmg.br\/sustentabilidade\/wp-json\/wp\/v2\/pages"}],"about":[{"href":"https:\/\/www.ufmg.br\/sustentabilidade\/wp-json\/wp\/v2\/types\/page"}],"author":[{"embeddable":true,"href":"https:\/\/www.ufmg.br\/sustentabilidade\/wp-json\/wp\/v2\/users\/3"}],"replies":[{"embeddable":true,"href":"https:\/\/www.ufmg.br\/sustentabilidade\/wp-json\/wp\/v2\/comments?post=1722"}],"version-history":[{"count":1,"href":"https:\/\/www.ufmg.br\/sustentabilidade\/wp-json\/wp\/v2\/pages\/1722\/revisions"}],"predecessor-version":[{"id":1723,"href":"https:\/\/www.ufmg.br\/sustentabilidade\/wp-json\/wp\/v2\/pages\/1722\/revisions\/1723"}],"up":[{"embeddable":true,"href":"https:\/\/www.ufmg.br\/sustentabilidade\/wp-json\/wp\/v2\/pages\/835"}],"wp:attachment":[{"href":"https:\/\/www.ufmg.br\/sustentabilidade\/wp-json\/wp\/v2\/media?parent=1722"}],"curies":[{"name":"wp","href":"https:\/\/api.w.org\/{rel}","templated":true}]}}