{"id":1726,"date":"2025-04-08T09:48:08","date_gmt":"2025-04-08T12:48:08","guid":{"rendered":"https:\/\/www.ufmg.br\/sustentabilidade\/?page_id=1726"},"modified":"2025-04-15T12:04:25","modified_gmt":"2025-04-15T15:04:25","slug":"horto-do-igc","status":"publish","type":"page","link":"https:\/\/www.ufmg.br\/sustentabilidade\/projetos\/horto-do-igc\/","title":{"rendered":"Horto do IGC"},"content":{"rendered":"\n<p>O projeto \u201cHorto do IGC &#8211; espa\u00e7o de forma\u00e7\u00e3o para di\u00e1logo de saberes\u201d \u00e9 uma a\u00e7\u00e3o conjunta de estudantes da UFMG e do N\u00facleo AU\u00ca! UFMG e se iniciou em 01\/05\/2022. Pretendemos promover e divulgar o conhecimento sobre plantas medicinais e seus usos, salvaguardando a sua import\u00e2ncia como patrim\u00f4nio cultural material e imaterial, e dessa maneira incentivando a mem\u00f3ria cultural por meio daqueles saberes. Para tal, pretende-se promover uma interlocu\u00e7\u00e3o entre saberes tradicionais, populares, t\u00e9cnicos e acad\u00eamicos, potencializando-se a presen\u00e7a e integra\u00e7\u00e3o do horto como espa\u00e7o de forma\u00e7\u00e3o educacional, entendendo que a sala de aula n\u00e3o \u00e9 o \u00fanico espa\u00e7o de forma\u00e7\u00e3o, especialmente atrav\u00e9s da experi\u00eancia vivenciada com outros sujeitos e atores sociais.&nbsp;<\/p>\n\n\n\n<p>O objetivo geral \u00e9 adequar o espa\u00e7o do IGC como um lugar de conviv\u00eancia para a comunidade universit\u00e1ria, por meio do cultivo agroecol\u00f3gico de plantas medicinais e da promo\u00e7\u00e3o do aprendizado e divulga\u00e7\u00e3o do saber popular referente \u00e0s plantas medicinais, em interlocu\u00e7\u00e3o com o conhecimento cient\u00edfico.&nbsp;<\/p>\n\n\n\n<p><strong>Respons\u00e1vel:<\/strong><\/p>\n\n\n\n<p>Profs Janise Bruno Dias e Maria Luiza Grossi<\/p>\n\n\n\n<p><strong>ODS Relacionados:<\/strong><\/p>\n\n\n\n<p><img loading=\"lazy\" decoding=\"async\" width=\"151\" height=\"151\" src=\"https:\/\/lh7-rt.googleusercontent.com\/docsz\/AD_4nXdCjKy0K8eA9WO3n0Hpm1mxONa8VvnZUPAgkl10-Qm9Wj0wLh7dF8V2dLJg_t9WI3UH1vhiTFc_ohRTrPuoSi3SJtArjLOqMB-NivOwziWeU_dLKv8s0rUaAWFshq3YmypHQ-dTZQ?key=vBoj-53Tv1siE7mgN3cXbz9L\"><img loading=\"lazy\" decoding=\"async\" width=\"151\" height=\"151\" src=\"https:\/\/lh7-rt.googleusercontent.com\/docsz\/AD_4nXceOHtln5jSGfyReFmiSoaF1GtxpemYVx6nerB-WFQfElOnfU1RpRz8XM-GXWyuR1EDVbHH7YPWXc112ED_gPlKdWWCtveLM9eaZ0b4OYVjyjv2Iwj-eRRUdaabNnHHUue2LS07ug?key=vBoj-53Tv1siE7mgN3cXbz9L\"><img loading=\"lazy\" decoding=\"async\" src=\"https:\/\/lh7-rt.googleusercontent.com\/docsz\/AD_4nXeVFNwX5SCv6t5gevaaBTCeWdD2b_48mYa0AFT3gUbMlf39mhqMgL4BAuydpmtul0DwkVC9Ow4-n-SuRbNYSSQi0u9VH5xFO9dr2NhdIxBO1rhw-UC1x1by4mf6J_7BNu1c8uHRMA?key=vBoj-53Tv1siE7mgN3cXbz9L\" width=\"151\" height=\"151\"><\/p>\n\n\n\n<p><br><\/p>\n","protected":false},"excerpt":{"rendered":"<p>O projeto \u201cHorto do IGC &#8211; espa\u00e7o de forma\u00e7\u00e3o para di\u00e1logo de saberes\u201d \u00e9 uma a\u00e7\u00e3o conjunta de estudantes da UFMG e do N\u00facleo AU\u00ca! UFMG e se iniciou em 01\/05\/2022. Pretendemos promover e divulgar o conhecimento sobre plantas medicinais e seus usos, salvaguardando a sua import\u00e2ncia como patrim\u00f4nio cultural material e imaterial, e dessa [&hellip;]<\/p>\n","protected":false},"author":3,"featured_media":0,"parent":835,"menu_order":0,"comment_status":"closed","ping_status":"closed","template":"","meta":{"_acf_changed":false,"footnotes":""},"class_list":["post-1726","page","type-page","status-publish","hentry"],"acf":[],"_links":{"self":[{"href":"https:\/\/www.ufmg.br\/sustentabilidade\/wp-json\/wp\/v2\/pages\/1726"}],"collection":[{"href":"https:\/\/www.ufmg.br\/sustentabilidade\/wp-json\/wp\/v2\/pages"}],"about":[{"href":"https:\/\/www.ufmg.br\/sustentabilidade\/wp-json\/wp\/v2\/types\/page"}],"author":[{"embeddable":true,"href":"https:\/\/www.ufmg.br\/sustentabilidade\/wp-json\/wp\/v2\/users\/3"}],"replies":[{"embeddable":true,"href":"https:\/\/www.ufmg.br\/sustentabilidade\/wp-json\/wp\/v2\/comments?post=1726"}],"version-history":[{"count":3,"href":"https:\/\/www.ufmg.br\/sustentabilidade\/wp-json\/wp\/v2\/pages\/1726\/revisions"}],"predecessor-version":[{"id":1834,"href":"https:\/\/www.ufmg.br\/sustentabilidade\/wp-json\/wp\/v2\/pages\/1726\/revisions\/1834"}],"up":[{"embeddable":true,"href":"https:\/\/www.ufmg.br\/sustentabilidade\/wp-json\/wp\/v2\/pages\/835"}],"wp:attachment":[{"href":"https:\/\/www.ufmg.br\/sustentabilidade\/wp-json\/wp\/v2\/media?parent=1726"}],"curies":[{"name":"wp","href":"https:\/\/api.w.org\/{rel}","templated":true}]}}