{"id":1728,"date":"2025-04-08T09:49:56","date_gmt":"2025-04-08T12:49:56","guid":{"rendered":"https:\/\/www.ufmg.br\/sustentabilidade\/?page_id=1728"},"modified":"2025-04-08T09:49:56","modified_gmt":"2025-04-08T12:49:56","slug":"motiro","status":"publish","type":"page","link":"https:\/\/www.ufmg.br\/sustentabilidade\/projetos\/motiro\/","title":{"rendered":"Motir\u00f5"},"content":{"rendered":"\n<p>O Programa Motir\u00f5 \u00e9 uma Projeto de Extens\u00e3o fruto de uma parceria do Prof. Hermes Aguiar Magalh\u00e3es, Fundepar (Fundep Participa\u00e7\u00f5es), Pr\u00f3-reitoria de Extens\u00e3o da UFMG e com o Parque Tecnol\u00f3gico de Belo Horizonte (BH-TEC).<\/p>\n\n\n\n<p>Ele tem como objetivo capacitar estudantes e membros da comunidade acad\u00eamica da UFMG, al\u00e9m de participantes externos interessados, na cria\u00e7\u00e3o, desenvolvimento e gest\u00e3o de neg\u00f3cios de impacto social e ambiental. Por meio de um programa que engloba desde a concep\u00e7\u00e3o e modelagem de neg\u00f3cios at\u00e9 a mensura\u00e7\u00e3o de impacto e capta\u00e7\u00e3o de recursos, buscamos contribuir para a constru\u00e7\u00e3o de neg\u00f3cios que ofere\u00e7am solu\u00e7\u00f5es alinhadas aos Objetivos de Desenvolvimento Sustent\u00e1vel (ODS) da ONU.<\/p>\n\n\n\n<p>Na primeira edi\u00e7\u00e3o, que est\u00e1 sendo realizada no semestre 2024\/2, recebemos 160 inscri\u00e7\u00f5es entre membros da comunidade UFMG e externos. Dentro desse n\u00famero, s\u00e3o 40 projetos de impacto social ou ambiental. Ser\u00e3o realizadas outras duas edi\u00e7\u00f5es em 2025.<\/p>\n\n\n\n<p>O objetivo geral \u00e9 capacitar participantes na cria\u00e7\u00e3o, desenvolvimento e gest\u00e3o de neg\u00f3cios de impacto social e ambiental, fornecendo ferramentas, conceitos e pr\u00e1ticas essenciais para transformar iniciativas em neg\u00f3cios sustent\u00e1veis e mensur\u00e1veis.<\/p>\n\n\n\n<p><strong>Respons\u00e1ve<\/strong>l:<\/p>\n\n\n\n<p>Prof. Hermes Aguiar Magalh\u00e3es.<br><\/p>\n","protected":false},"excerpt":{"rendered":"<p>O Programa Motir\u00f5 \u00e9 uma Projeto de Extens\u00e3o fruto de uma parceria do Prof. Hermes Aguiar Magalh\u00e3es, Fundepar (Fundep Participa\u00e7\u00f5es), Pr\u00f3-reitoria de Extens\u00e3o da UFMG e com o Parque Tecnol\u00f3gico de Belo Horizonte (BH-TEC). Ele tem como objetivo capacitar estudantes e membros da comunidade acad\u00eamica da UFMG, al\u00e9m de participantes externos interessados, na cria\u00e7\u00e3o, desenvolvimento [&hellip;]<\/p>\n","protected":false},"author":3,"featured_media":0,"parent":835,"menu_order":0,"comment_status":"closed","ping_status":"closed","template":"","meta":{"_acf_changed":false,"footnotes":""},"class_list":["post-1728","page","type-page","status-publish","hentry"],"acf":[],"_links":{"self":[{"href":"https:\/\/www.ufmg.br\/sustentabilidade\/wp-json\/wp\/v2\/pages\/1728"}],"collection":[{"href":"https:\/\/www.ufmg.br\/sustentabilidade\/wp-json\/wp\/v2\/pages"}],"about":[{"href":"https:\/\/www.ufmg.br\/sustentabilidade\/wp-json\/wp\/v2\/types\/page"}],"author":[{"embeddable":true,"href":"https:\/\/www.ufmg.br\/sustentabilidade\/wp-json\/wp\/v2\/users\/3"}],"replies":[{"embeddable":true,"href":"https:\/\/www.ufmg.br\/sustentabilidade\/wp-json\/wp\/v2\/comments?post=1728"}],"version-history":[{"count":2,"href":"https:\/\/www.ufmg.br\/sustentabilidade\/wp-json\/wp\/v2\/pages\/1728\/revisions"}],"predecessor-version":[{"id":1730,"href":"https:\/\/www.ufmg.br\/sustentabilidade\/wp-json\/wp\/v2\/pages\/1728\/revisions\/1730"}],"up":[{"embeddable":true,"href":"https:\/\/www.ufmg.br\/sustentabilidade\/wp-json\/wp\/v2\/pages\/835"}],"wp:attachment":[{"href":"https:\/\/www.ufmg.br\/sustentabilidade\/wp-json\/wp\/v2\/media?parent=1728"}],"curies":[{"name":"wp","href":"https:\/\/api.w.org\/{rel}","templated":true}]}}