{"id":1733,"date":"2025-04-08T09:57:10","date_gmt":"2025-04-08T12:57:10","guid":{"rendered":"https:\/\/www.ufmg.br\/sustentabilidade\/?page_id=1733"},"modified":"2025-04-15T12:04:43","modified_gmt":"2025-04-15T15:04:43","slug":"mudancas-juridicas-na-litigancia-climatica-brasileira","status":"publish","type":"page","link":"https:\/\/www.ufmg.br\/sustentabilidade\/projetos\/mudancas-juridicas-na-litigancia-climatica-brasileira\/","title":{"rendered":"Mudan\u00e7as jur\u00eddicas na litig\u00e2ncia clim\u00e1tica brasileira"},"content":{"rendered":"\n<p>As mudan\u00e7as clim\u00e1ticas representam um desafio crucial que demanda a\u00e7\u00f5es efetivas em todas as esferas, inclusive no \u00e2mbito jur\u00eddico. Minha pesquisa explora como a litig\u00e2ncia clim\u00e1tica tem se fortalecido no Brasil ap\u00f3s a decis\u00e3o hist\u00f3rica do Supremo Tribunal Federal na ADPF 708, que elevou tratados internacionais de direito ambiental, como o Acordo de Paris, ao status de normas supralegais. Analisando casos nacionais e internacionais, estabele\u00e7o um panorama dos argumentos dos litigantes para promover a implementa\u00e7\u00e3o de pol\u00edticas p\u00fablicas sustent\u00e1veis e combater retrocessos ambientais. A pesquisa contribui para a an\u00e1lise do fortalecimento de uma governan\u00e7a judicial ecol\u00f3gica como um movimento global, valendo-se de uma perspectiva pr\u00e1tica do Direito e refor\u00e7ando vias do direito constitucional e internacional para a defesa do meio ambiente ecologicamente equilibrado para presentes e futuras gera\u00e7\u00f5es. O objetivo geral da pesquisa \u00e9 investigar o impacto da ADPF 708 e da tese da supralegalidade no fortalecimento da litig\u00e2ncia clim\u00e1tica no Brasil.<\/p>\n\n\n\n<p>A pesquisa foi desenvolvida por meio de uma an\u00e1lise documental e explorat\u00f3ria de casos jur\u00eddicos nacionais ap\u00f3s a ADPF 708, bem como de casos internacionais relevantes em litig\u00e2ncia clim\u00e1tica. Realizei uma an\u00e1lise detalhada do ac\u00f3rd\u00e3o da ADPF 708 e investiguei sua influ\u00eancia nas peti\u00e7\u00f5es iniciais e decis\u00f5es judiciais no Brasil selecionadas no recorte tem\u00e1tico e temporal feito. Al\u00e9m disso, participei de eventos acad\u00eamicos e semin\u00e1rios sobre direito ambiental e sustentabilidade, o que permitiu incorporar discuss\u00f5es contempor\u00e2neas e enriquecer o debate te\u00f3rico. Tamb\u00e9m consultei doutrina especializada nacional e estrangeira para fundamentar teoricamente a pesquisa e compreender o fen\u00f4meno da litig\u00e2ncia clim\u00e1tica em um contexto global.<\/p>\n\n\n\n<p>Os resultados preliminares indicam que litigantes est\u00e3o, de fato, utilizando as linhas argumentativas da ADPF 708, especialmente nas peti\u00e7\u00f5es iniciais. Apesar de o caso ainda ser recente e haver poucas senten\u00e7as para definir um padr\u00e3o, algumas decis\u00f5es positivas j\u00e1 demonstram o alinhamento de tribunais federais e estaduais com o precedente do STF. A aplica\u00e7\u00e3o da tese da supralegalidade aos tratados de direito ambiental deve ser acompanhada nos pr\u00f3ximos anos, pois o aumento de decis\u00f5es judiciais permitir\u00e1 compreender melhor seu impacto na prote\u00e7\u00e3o ambiental no pa\u00eds e na defesa de um meio ambiente ecologicamente equilibrado, conforme garantido pelo artigo 225 da Constitui\u00e7\u00e3o.<\/p>\n\n\n\n<p><strong>Respons\u00e1veis:<\/strong><\/p>\n\n\n\n<p>Graduando Jos\u00e9 Martins Lopes Neto, Prof. Lucas Carlos Lima<\/p>\n\n\n\n<p><strong>ODS Relacionados:<\/strong><\/p>\n\n\n\n<p><img loading=\"lazy\" decoding=\"async\" width=\"151\" height=\"151\" src=\"https:\/\/lh7-rt.googleusercontent.com\/docsz\/AD_4nXetqYxlhm6_R6MxepYxor0XaU_uviRV6lk9YfbRSKeYi0_eGC1XKRAsGsnsMyIW9agEh3OI9JFh7tIACM0_zPruKSzX5bN36WrJXa36PuDjKNLXuCvaZZX6q1T-_dn1B9FkDXOldw?key=vBoj-53Tv1siE7mgN3cXbz9L\"><img loading=\"lazy\" decoding=\"async\" width=\"151\" height=\"151\" src=\"https:\/\/lh7-rt.googleusercontent.com\/docsz\/AD_4nXcrb8NETrbOUeLtvb8IoA7qnT-JVFQ-DF8VpXLmAPop-kgFzC76d4hxBGljXwv6YRocSc6VfIChRX_mmmyC8rOrjuoyrlSK7f9DgXOYXmMzpEUdDOy8dH7CHut3ls3-xAkfiz7vpA?key=vBoj-53Tv1siE7mgN3cXbz9L\"><img loading=\"lazy\" decoding=\"async\" width=\"151\" height=\"151\" src=\"https:\/\/lh7-rt.googleusercontent.com\/docsz\/AD_4nXc_9rd1zvG9Lyrrixxsdi182k00incEFdKRud6UjSjxkSHJjJfTHmjI82QFAmCeWIkGNSGTrW9JEKJdDIHMFqaF87YVruGtkCbvWpfGkhXTvF-iAE8jIxhW6IVJQmEPIWgtEdwG?key=vBoj-53Tv1siE7mgN3cXbz9L\"><img loading=\"lazy\" decoding=\"async\" width=\"151\" height=\"151\" src=\"https:\/\/lh7-rt.googleusercontent.com\/docsz\/AD_4nXfEfdzRSIPSoF_GKiodiWML3gDa4TeLJCVP_Tii9Tmcc0UCDX0O617FeaDciAVJIV-30PtdKiOEN6InpW5lDpJu6kGTydM2B0VGuGsLo5PjF6OSY0jn95kdxLoqJUaMgLRMKNZ9Mg?key=vBoj-53Tv1siE7mgN3cXbz9L\"><img loading=\"lazy\" decoding=\"async\" src=\"https:\/\/lh7-rt.googleusercontent.com\/docsz\/AD_4nXe3h0bDvnb0dHJs4Q67bU_MIgnSpLC991kvsU0UONstxYMPQ7dAV_4Mx_3sLne73rC_LvH7lwdig2v_QgXrQY-XH9kx-EEM1x6Pohn3O4G7x8hDy59hjwC3_xhuIWxus53y_L61Zg?key=vBoj-53Tv1siE7mgN3cXbz9L\" width=\"151\" height=\"151\"><\/p>\n","protected":false},"excerpt":{"rendered":"<p>As mudan\u00e7as clim\u00e1ticas representam um desafio crucial que demanda a\u00e7\u00f5es efetivas em todas as esferas, inclusive no \u00e2mbito jur\u00eddico. Minha pesquisa explora como a litig\u00e2ncia clim\u00e1tica tem se fortalecido no Brasil ap\u00f3s a decis\u00e3o hist\u00f3rica do Supremo Tribunal Federal na ADPF 708, que elevou tratados internacionais de direito ambiental, como o Acordo de Paris, ao [&hellip;]<\/p>\n","protected":false},"author":3,"featured_media":0,"parent":835,"menu_order":0,"comment_status":"closed","ping_status":"closed","template":"","meta":{"_acf_changed":false,"footnotes":""},"class_list":["post-1733","page","type-page","status-publish","hentry"],"acf":[],"_links":{"self":[{"href":"https:\/\/www.ufmg.br\/sustentabilidade\/wp-json\/wp\/v2\/pages\/1733"}],"collection":[{"href":"https:\/\/www.ufmg.br\/sustentabilidade\/wp-json\/wp\/v2\/pages"}],"about":[{"href":"https:\/\/www.ufmg.br\/sustentabilidade\/wp-json\/wp\/v2\/types\/page"}],"author":[{"embeddable":true,"href":"https:\/\/www.ufmg.br\/sustentabilidade\/wp-json\/wp\/v2\/users\/3"}],"replies":[{"embeddable":true,"href":"https:\/\/www.ufmg.br\/sustentabilidade\/wp-json\/wp\/v2\/comments?post=1733"}],"version-history":[{"count":3,"href":"https:\/\/www.ufmg.br\/sustentabilidade\/wp-json\/wp\/v2\/pages\/1733\/revisions"}],"predecessor-version":[{"id":1836,"href":"https:\/\/www.ufmg.br\/sustentabilidade\/wp-json\/wp\/v2\/pages\/1733\/revisions\/1836"}],"up":[{"embeddable":true,"href":"https:\/\/www.ufmg.br\/sustentabilidade\/wp-json\/wp\/v2\/pages\/835"}],"wp:attachment":[{"href":"https:\/\/www.ufmg.br\/sustentabilidade\/wp-json\/wp\/v2\/media?parent=1733"}],"curies":[{"name":"wp","href":"https:\/\/api.w.org\/{rel}","templated":true}]}}