{"id":1739,"date":"2025-04-08T10:01:19","date_gmt":"2025-04-08T13:01:19","guid":{"rendered":"https:\/\/www.ufmg.br\/sustentabilidade\/?page_id=1739"},"modified":"2025-04-15T12:02:24","modified_gmt":"2025-04-15T15:02:24","slug":"quem-quer-pod","status":"publish","type":"page","link":"https:\/\/www.ufmg.br\/sustentabilidade\/projetos\/quem-quer-pod\/","title":{"rendered":"\u201cQUEM QUER POD?\u201d"},"content":{"rendered":"\n<p>A divulga\u00e7\u00e3o cient\u00edfica \u00e9 importante para democratizar o acesso aos avan\u00e7os da ci\u00eancia, criando condi\u00e7\u00f5es para que todas as pessoas consigam discutir temas que, de algum modo, podem impactar e transformar a sociedade. Desta forma, o Podcast pode ser uma ferramenta educacional excelente para a transmiss\u00e3o de conte\u00fados e de \u201csaberes\u201d. Al\u00e9m da import\u00e2ncia anteriormente citada para a democratiza\u00e7\u00e3o do conhecimento, este Projeto contribui para a forma\u00e7\u00e3o acad\u00eamica dos alunos participantes, estimulando o pensamento cr\u00edtico e a atua\u00e7\u00e3o acad\u00eamica e profissional de todos os envolvidos, promovendo a fun\u00e7\u00e3o social da UFMG. O objetivo geral \u00e9 promover a divulga\u00e7\u00e3o de conhecimento atrav\u00e9s da realiza\u00e7\u00e3o de PODCASTs sobre conte\u00fados de Educa\u00e7\u00e3o; Ci\u00eancia, Tecnologia e Engenharia de Alimentos; Nutri\u00e7\u00e3o; Sa\u00fade (f\u00edsica e mental); Sa\u00fade P\u00fablica; Sustentabilidade; Marketing; Empreendedorismo e Gest\u00e3o de Carreira.<\/p>\n\n\n\n<p>Quinzenalmente s\u00e3o realizadas entrevistas (PODCASTs) sobre conhecimentos relacionados aos temas acima mencionados. Para a escolha do tema s\u00e3o consideradas as demandas da comunidade, obtidas atrav\u00e9s de enquetes, dos coment\u00e1rios nas publica\u00e7\u00f5es e considerando tamb\u00e9m a quantidade de visualiza\u00e7\u00f5es de um determinado assunto. Ap\u00f3s a defini\u00e7\u00e3o do tema do Podcast e do entrevistado, os alunos estudam e elaboram as perguntas que far\u00e3o ao convidado. Ainda s\u00e3o disponibilizadas aos seguidores\/comunidade, caixinhas de perguntas, sendo que todas as d\u00favidas s\u00e3o sanadas durante as entrevistas (Podcasts). Os alunos tamb\u00e9m participam como entrevistadores. Finalizada a grava\u00e7\u00e3o do epis\u00f3dio, os mesmos auxiliam na edi\u00e7\u00e3o e postagem dos v\u00eddeos. Sendo que o Podcast \u00e9 hospedado na Plataforma SPOTIFY e no YouTube. Os cortes dos epis\u00f3dios s\u00e3o postados no INSTAGRAM e no TIKTOK. Ressalta-se que semanalmente s\u00e3o postados no Instagram conte\u00fados relacionados \u00e0s entrevistas realizadas. O Projeto busca a intera\u00e7\u00e3o entre os alunos da gradua\u00e7\u00e3o e da p\u00f3s-gradua\u00e7\u00e3o, permitindo o desenvolvimento das compet\u00eancias inerentes a ambos: o aluno da p\u00f3s-gradua\u00e7\u00e3o \u00e9 estimulado a desenvolver habilidades em rela\u00e7\u00e3o \u00e0s atividades de orienta\u00e7\u00e3o (sob supervis\u00e3o) e os graduandos s\u00e3o estimulados em rela\u00e7\u00e3o ao desenvolvimento das atividades de pesquisas (necess\u00e1rias para a elabora\u00e7\u00e3o das entrevistas), entre outras habilidades resultantes desta intera\u00e7\u00e3o.<\/p>\n\n\n\n<p><strong>Respons\u00e1vel:<\/strong> <\/p>\n\n\n\n<p>Profa. Maria Aparecida Vieira Teixeira Garcia.<\/p>\n\n\n\n<p><strong>ODS Relacionados:<\/strong><\/p>\n\n\n\n<p><img loading=\"lazy\" decoding=\"async\" width=\"151\" height=\"151\" src=\"https:\/\/lh7-rt.googleusercontent.com\/docsz\/AD_4nXdvEgLMKJaIF7X9_kBR-mRx9qoCK8rte1oEwxFwFx_DoVO8HNSsr2vVH1CsxC9G_RJ_dOMF3dr4F2WhFdYKmYEIPabNF7ftBDb97PG4dw_fdztKxZdab1Acfj8tZN0e_XJsfBrtbw?key=vBoj-53Tv1siE7mgN3cXbz9L\"><img loading=\"lazy\" decoding=\"async\" width=\"151\" height=\"151\" src=\"https:\/\/lh7-rt.googleusercontent.com\/docsz\/AD_4nXcZmvjg-M4uZY_fBTLb5FNwvOg4QoHHt-oI7_SyIja6CMS-w3Jpn7-iWfkb6mXHYXWTmBGD1r91h7nOSxgsHKUzCC66L7M0NOev_DZmso6DzW9V6yGMKojo-Yz4R01387iY9F7riQ?key=vBoj-53Tv1siE7mgN3cXbz9L\"><img loading=\"lazy\" decoding=\"async\" src=\"https:\/\/lh7-rt.googleusercontent.com\/docsz\/AD_4nXeNoB-R4lURRVMK_UgzCe3bTceidUju1EZCRzCx-wzuNKNVAmfJcd8Wger1covpUHXbZBa3Rv3E8c3UCvYN8HWvTL4MGwLRanJ2gs54d7kBFUKGX0P-bM40MR94RLOfeiwcpO3xvw?key=vBoj-53Tv1siE7mgN3cXbz9L\" width=\"151\" height=\"151\"><\/p>\n","protected":false},"excerpt":{"rendered":"<p>A divulga\u00e7\u00e3o cient\u00edfica \u00e9 importante para democratizar o acesso aos avan\u00e7os da ci\u00eancia, criando condi\u00e7\u00f5es para que todas as pessoas consigam discutir temas que, de algum modo, podem impactar e transformar a sociedade. Desta forma, o Podcast pode ser uma ferramenta educacional excelente para a transmiss\u00e3o de conte\u00fados e de \u201csaberes\u201d. Al\u00e9m da import\u00e2ncia anteriormente [&hellip;]<\/p>\n","protected":false},"author":3,"featured_media":0,"parent":835,"menu_order":0,"comment_status":"closed","ping_status":"closed","template":"","meta":{"_acf_changed":false,"footnotes":""},"class_list":["post-1739","page","type-page","status-publish","hentry"],"acf":[],"_links":{"self":[{"href":"https:\/\/www.ufmg.br\/sustentabilidade\/wp-json\/wp\/v2\/pages\/1739"}],"collection":[{"href":"https:\/\/www.ufmg.br\/sustentabilidade\/wp-json\/wp\/v2\/pages"}],"about":[{"href":"https:\/\/www.ufmg.br\/sustentabilidade\/wp-json\/wp\/v2\/types\/page"}],"author":[{"embeddable":true,"href":"https:\/\/www.ufmg.br\/sustentabilidade\/wp-json\/wp\/v2\/users\/3"}],"replies":[{"embeddable":true,"href":"https:\/\/www.ufmg.br\/sustentabilidade\/wp-json\/wp\/v2\/comments?post=1739"}],"version-history":[{"count":4,"href":"https:\/\/www.ufmg.br\/sustentabilidade\/wp-json\/wp\/v2\/pages\/1739\/revisions"}],"predecessor-version":[{"id":1826,"href":"https:\/\/www.ufmg.br\/sustentabilidade\/wp-json\/wp\/v2\/pages\/1739\/revisions\/1826"}],"up":[{"embeddable":true,"href":"https:\/\/www.ufmg.br\/sustentabilidade\/wp-json\/wp\/v2\/pages\/835"}],"wp:attachment":[{"href":"https:\/\/www.ufmg.br\/sustentabilidade\/wp-json\/wp\/v2\/media?parent=1739"}],"curies":[{"name":"wp","href":"https:\/\/api.w.org\/{rel}","templated":true}]}}