{"id":1744,"date":"2025-04-08T10:04:19","date_gmt":"2025-04-08T13:04:19","guid":{"rendered":"https:\/\/www.ufmg.br\/sustentabilidade\/?page_id=1744"},"modified":"2025-04-15T12:03:53","modified_gmt":"2025-04-15T15:03:53","slug":"enactus-ufmg","status":"publish","type":"page","link":"https:\/\/www.ufmg.br\/sustentabilidade\/projetos\/enactus-ufmg\/","title":{"rendered":"Enactus UFMG"},"content":{"rendered":"\n<p>A Enactus \u00e9 uma organiza\u00e7\u00e3o presente em v\u00e1rias institui\u00e7\u00f5es de ensino, incluindo a UFMG, onde atua como projeto de extens\u00e3o que re\u00fane estudantes de diversos cursos para desenvolver projetos de empreendedorismo social alinhados aos 17 ODS da ONU. Na UFMG, em Belo Horizonte, a Enactus promove impacto positivo nas comunidades locais, utilizando uma metodologia de co-cria\u00e7\u00e3o para desenvolver solu\u00e7\u00f5es sustent\u00e1veis, que, ap\u00f3s implementadas, s\u00e3o geridas autonomamente pela comunidade. Atualmente, a equipe \u00e9 organizada em bases \u2013 Presid\u00eancia, Recursos Humanos, Comunica\u00e7\u00e3o e Financeiro \u2013 e nas \u00e1reas dos projetos, entre os quais se destacam o Ludus, voltado ao ensino l\u00fadico de matem\u00e1tica para crian\u00e7as, e o Sumar, focado no descarte sustent\u00e1vel de res\u00edduos na Vila Sumar\u00e9, promovendo pr\u00e1ticas de conscientiza\u00e7\u00e3o ambiental.<\/p>\n\n\n\n<p>A Enactus UFMG busca desenvolver projetos de empreendedorismo social que impactem positivamente a comunidade, promovendo a sustentabilidade e o desenvolvimento local. Internamente, busca promover o desenvolvimento de habilidades como lideran\u00e7a, trabalho em equipe e gest\u00e3o de projetos entre os membros.&nbsp;<\/p>\n\n\n\n<p>As atividades seguem a metodologia Enactus, com as bases atuando para garantir o funcionamento adequado dos projetos. No projeto Ludus, a equipe desenvolve e aperfei\u00e7oa jogos did\u00e1ticos para o ensino de matem\u00e1tica em escolas p\u00fablicas parceiras, com o apoio da professora Keli Cristina (FAE-UFMG). O projeto Sumar, por sua vez, surgiu em resposta \u00e0s dificuldades locais da Vila Sumar\u00e9, incluindo a baixa taxa de coleta de lixo recicl\u00e1vel pela prefeitura. O projeto est\u00e1 implementando pontos de descarte de \u00f3leo de cozinha em parceria com organiza\u00e7\u00f5es como CUFA, ONG Semear e Doe \u00d3leo, que converte o \u00f3leo usado em recursos para projetos sociais.<\/p>\n\n\n\n<p>A Enactus UFMG atua em Belo Horizonte, com foco nas comunidades atendidas pelos projetos Ludus e Sumar. O projeto Ludus est\u00e1 implementado na Escola Municipal Jos\u00e9 Maria dos Mares Guia e na Escola Estadual Desembargador M\u00e1rio Gon\u00e7alves de Matos, onde crian\u00e7as do quarto e do quinto ano aprimoram o aprendizado de matem\u00e1tica de forma l\u00fadica. Em 2024, o projeto foi selecionado entre as 20 equipes do Desafio InpEV e realizou tr\u00eas visitas a escolas, levando educa\u00e7\u00e3o ambiental a 190 crian\u00e7as do 4o e 5o ano. J\u00e1 o projeto Sumar recebeu uma premia\u00e7\u00e3o de R$1.500,00 pelo Edital Conecta e estabeleceu parceria para promover educa\u00e7\u00e3o financeira na comunidade. Os recursos gerados pelo projeto ser\u00e3o reinvestidos em eventos socioculturais e no apoio a empreendedores locais, incentivando a sustentabilidade e a inclus\u00e3o social na comunidade. A equipe tamb\u00e9m desenvolveu habilidades profissionais e empatia ao lidar com as demandas das comunidades atendidas.<\/p>\n\n\n\n<p><strong>Respons\u00e1vel:<\/strong><\/p>\n\n\n\n<p>Prof. Valder\u00ed de Castro Alc\u00e2ntara e Profa. Talita Caroline Miranda<\/p>\n\n\n\n<p><strong>ODS Relacionados:<\/strong><\/p>\n\n\n\n<p><img loading=\"lazy\" decoding=\"async\" width=\"151\" height=\"151\" src=\"https:\/\/lh7-rt.googleusercontent.com\/docsz\/AD_4nXcZmvjg-M4uZY_fBTLb5FNwvOg4QoHHt-oI7_SyIja6CMS-w3Jpn7-iWfkb6mXHYXWTmBGD1r91h7nOSxgsHKUzCC66L7M0NOev_DZmso6DzW9V6yGMKojo-Yz4R01387iY9F7riQ?key=vBoj-53Tv1siE7mgN3cXbz9L\"><img loading=\"lazy\" decoding=\"async\" width=\"151\" height=\"151\" src=\"https:\/\/lh7-rt.googleusercontent.com\/docsz\/AD_4nXdyfRo37rjkiqfflpI5QiVCCVGeECazI50jH4rUODRTBEW-M3C3BPR_nhLcWSrqouUJa6kpBk86Qr0Vb2faRs1XrZv4O2BKOpq46EJM47S8zxwVTGKM0d4-mWTk5kDJCSoXdI4Vcw?key=vBoj-53Tv1siE7mgN3cXbz9L\"><img loading=\"lazy\" decoding=\"async\" width=\"151\" height=\"151\" src=\"https:\/\/lh7-rt.googleusercontent.com\/docsz\/AD_4nXdcYxuygX7mOgNHd2YdzVvvra0yevIJroZLJpLHTG9U9-AqPp_eWb76SZmITWYmlLXPYCyq3ns-CuwB9ucZNLdOaWrfS5G-2Eid6cpVongKHPUh3wPghAftFux4lNXK55voNw0y4g?key=vBoj-53Tv1siE7mgN3cXbz9L\"><img loading=\"lazy\" decoding=\"async\" src=\"https:\/\/lh7-rt.googleusercontent.com\/docsz\/AD_4nXd4ZnRUAx5DXWnl7nZb1upZU3L20qdwBlbHggzm2LNGP0A07fGJ6dhagnSxYxLsgPnQWwv7rmhTdA0tUwodaQgH6aqWqhMfFB4A_pnWJNRRVMjCk4-DMgYHuih5kfaJxprU1sBwaQ?key=vBoj-53Tv1siE7mgN3cXbz9L\" width=\"151\" height=\"151\"><\/p>\n\n\n\n<p><br><\/p>\n\n\n\n<p><span id=\"docs-internal-guid-d0cde433-7fff-c9bf-b4a5-5dc776ca0fac\"><div><span style=\"font-size: 12pt; font-family: Lexend, sans-serif; background-color: transparent; font-variant-numeric: normal; font-variant-east-asian: normal; font-variant-alternates: normal; font-variant-position: normal; font-variant-emoji: normal; vertical-align: baseline;\"><\/span><\/div><\/span><\/p>\n","protected":false},"excerpt":{"rendered":"<p>A Enactus \u00e9 uma organiza\u00e7\u00e3o presente em v\u00e1rias institui\u00e7\u00f5es de ensino, incluindo a UFMG, onde atua como projeto de extens\u00e3o que re\u00fane estudantes de diversos cursos para desenvolver projetos de empreendedorismo social alinhados aos 17 ODS da ONU. Na UFMG, em Belo Horizonte, a Enactus promove impacto positivo nas comunidades locais, utilizando uma metodologia de [&hellip;]<\/p>\n","protected":false},"author":3,"featured_media":0,"parent":835,"menu_order":0,"comment_status":"closed","ping_status":"closed","template":"","meta":{"_acf_changed":false,"footnotes":""},"class_list":["post-1744","page","type-page","status-publish","hentry"],"acf":[],"_links":{"self":[{"href":"https:\/\/www.ufmg.br\/sustentabilidade\/wp-json\/wp\/v2\/pages\/1744"}],"collection":[{"href":"https:\/\/www.ufmg.br\/sustentabilidade\/wp-json\/wp\/v2\/pages"}],"about":[{"href":"https:\/\/www.ufmg.br\/sustentabilidade\/wp-json\/wp\/v2\/types\/page"}],"author":[{"embeddable":true,"href":"https:\/\/www.ufmg.br\/sustentabilidade\/wp-json\/wp\/v2\/users\/3"}],"replies":[{"embeddable":true,"href":"https:\/\/www.ufmg.br\/sustentabilidade\/wp-json\/wp\/v2\/comments?post=1744"}],"version-history":[{"count":4,"href":"https:\/\/www.ufmg.br\/sustentabilidade\/wp-json\/wp\/v2\/pages\/1744\/revisions"}],"predecessor-version":[{"id":1832,"href":"https:\/\/www.ufmg.br\/sustentabilidade\/wp-json\/wp\/v2\/pages\/1744\/revisions\/1832"}],"up":[{"embeddable":true,"href":"https:\/\/www.ufmg.br\/sustentabilidade\/wp-json\/wp\/v2\/pages\/835"}],"wp:attachment":[{"href":"https:\/\/www.ufmg.br\/sustentabilidade\/wp-json\/wp\/v2\/media?parent=1744"}],"curies":[{"name":"wp","href":"https:\/\/api.w.org\/{rel}","templated":true}]}}