{"id":1756,"date":"2025-04-08T10:14:09","date_gmt":"2025-04-08T13:14:09","guid":{"rendered":"https:\/\/www.ufmg.br\/sustentabilidade\/?page_id=1756"},"modified":"2025-04-08T10:14:09","modified_gmt":"2025-04-08T13:14:09","slug":"a-perspectiva-pragmatica-da-crenca-na-sociedade-da-desinformacao-e-suas-implicacoes-na-sustentabilidade-da-comunicacao-contemporanea","status":"publish","type":"page","link":"https:\/\/www.ufmg.br\/sustentabilidade\/projetos\/a-perspectiva-pragmatica-da-crenca-na-sociedade-da-desinformacao-e-suas-implicacoes-na-sustentabilidade-da-comunicacao-contemporanea\/","title":{"rendered":"A perspectiva pragm\u00e1tica da cren\u00e7a na sociedade da desinforma\u00e7\u00e3o e suas implica\u00e7\u00f5es na sustentabilidade da comunica\u00e7\u00e3o contempor\u00e2nea"},"content":{"rendered":"\n<p>Este projeto busca compreender os limites e as potencialidades da no\u00e7\u00e3o de sustentabilidade no incremento do processo comunicacional contempor\u00e2neo. Em nosso entendimento, a sustentabilidade comunicacional se refere tanto a aspectos materiais, como infraestrutura energ\u00e9tica e equipamentos, quanto a aspectos imateriais relacionados, sobretudo, a implica\u00e7\u00f5es emocionais, cognitivas, culturais e sociopol\u00edticas das intera\u00e7\u00f5es sociot\u00e9cnicas. Interessa-nos compreender o impacto de aspectos imateriais \u201cpoluidores\u201d do processo comunicacional que incidem em sua sustentabilidade, como desinforma\u00e7\u00e3o, negacionismo cient\u00edfico e clim\u00e1tico, teorias da conspira\u00e7\u00e3o, discursos de \u00f3dio e formas emergentes de colonialismo digital. Parte-se da premissa de que a desinforma\u00e7\u00e3o, uma distor\u00e7\u00e3o \u00e9tica da informa\u00e7\u00e3o, incide na sustentabilidade comunicacional por meio de seus impactos psicol\u00f3gicos, sociais e culturais (dimens\u00e3o imaterial) e consequ\u00eancias econ\u00f4micas, pol\u00edticas e ambientais (dimens\u00e3o material). Com base na semi\u00f3tica e no pragmatismo de Charles Sanders Peirce (1839-1914), \u00e9 examinada a linguagem da desinforma\u00e7\u00e3o, seus processos de significa\u00e7\u00e3o e os regimes de\u00a0 cren\u00e7as que delineiam seu compartilhamento. A propaga\u00e7\u00e3o sociot\u00e9cnica da desinforma\u00e7\u00e3o \u00e9 avaliada \u00e0 luz da l\u00f3gica pragm\u00e1tica e algor\u00edtmica, considerando seu alcance social e seu impacto na sustentabilidade comunicacional.\u00a0 Elege-se como estudo de caso priorit\u00e1rio as estrat\u00e9gias comunicacionais adotadas no contexto dos jogos ol\u00edmpicos de Paris em 2024, devido ao alcance social dessa estrat\u00e9gia de comunica\u00e7\u00e3o e seu potencial para gerar engajamento global. A capital francesa, que recebeu o evento pela \u00faltima vez em 1924, prometeu realizar em 2024 as Olimp\u00edadas mais sustent\u00e1veis de todos os tempos. A abordagem metodol\u00f3gica envolve revis\u00e3o de literatura, pesquisa explorat\u00f3ria, observa\u00e7\u00e3o sistem\u00e1tica, configura\u00e7\u00e3o de corpus e an\u00e1lise de dados. A investiga\u00e7\u00e3o proposta pode contribuir para aprimorar o conhecimento na \u00e1rea, com impacto na forma\u00e7\u00e3o profissional e no letramento midi\u00e1tico.<\/p>\n\n\n\n<p>O objetivo geral \u00e9 investigar como e em que medida a no\u00e7\u00e3o de sustentabilidade aplicada \u00e0 comunica\u00e7\u00e3o pode contribuir para aprimorar processos de fixa\u00e7\u00e3o de cren\u00e7as que atualmente sustentam a dissemina\u00e7\u00e3o social da desinforma\u00e7\u00e3o e de que modo pode interferir nas atuais condi\u00e7\u00f5es energ\u00e9ticas e tecnol\u00f3gicas que permitem a comunica\u00e7\u00e3o em rede no contexto p\u00f3s-digital.<\/p>\n\n\n\n<p><strong>Respons\u00e1vel:<\/strong><\/p>\n\n\n\n<p>Profa. Geane Carvalho Alzamora<br><\/p>\n","protected":false},"excerpt":{"rendered":"<p>Este projeto busca compreender os limites e as potencialidades da no\u00e7\u00e3o de sustentabilidade no incremento do processo comunicacional contempor\u00e2neo. Em nosso entendimento, a sustentabilidade comunicacional se refere tanto a aspectos materiais, como infraestrutura energ\u00e9tica e equipamentos, quanto a aspectos imateriais relacionados, sobretudo, a implica\u00e7\u00f5es emocionais, cognitivas, culturais e sociopol\u00edticas das intera\u00e7\u00f5es sociot\u00e9cnicas. Interessa-nos compreender o [&hellip;]<\/p>\n","protected":false},"author":3,"featured_media":0,"parent":835,"menu_order":0,"comment_status":"closed","ping_status":"closed","template":"","meta":{"_acf_changed":false,"footnotes":""},"class_list":["post-1756","page","type-page","status-publish","hentry"],"acf":[],"_links":{"self":[{"href":"https:\/\/www.ufmg.br\/sustentabilidade\/wp-json\/wp\/v2\/pages\/1756"}],"collection":[{"href":"https:\/\/www.ufmg.br\/sustentabilidade\/wp-json\/wp\/v2\/pages"}],"about":[{"href":"https:\/\/www.ufmg.br\/sustentabilidade\/wp-json\/wp\/v2\/types\/page"}],"author":[{"embeddable":true,"href":"https:\/\/www.ufmg.br\/sustentabilidade\/wp-json\/wp\/v2\/users\/3"}],"replies":[{"embeddable":true,"href":"https:\/\/www.ufmg.br\/sustentabilidade\/wp-json\/wp\/v2\/comments?post=1756"}],"version-history":[{"count":1,"href":"https:\/\/www.ufmg.br\/sustentabilidade\/wp-json\/wp\/v2\/pages\/1756\/revisions"}],"predecessor-version":[{"id":1757,"href":"https:\/\/www.ufmg.br\/sustentabilidade\/wp-json\/wp\/v2\/pages\/1756\/revisions\/1757"}],"up":[{"embeddable":true,"href":"https:\/\/www.ufmg.br\/sustentabilidade\/wp-json\/wp\/v2\/pages\/835"}],"wp:attachment":[{"href":"https:\/\/www.ufmg.br\/sustentabilidade\/wp-json\/wp\/v2\/media?parent=1756"}],"curies":[{"name":"wp","href":"https:\/\/api.w.org\/{rel}","templated":true}]}}