{"id":1758,"date":"2025-04-08T10:16:34","date_gmt":"2025-04-08T13:16:34","guid":{"rendered":"https:\/\/www.ufmg.br\/sustentabilidade\/?page_id=1758"},"modified":"2025-04-15T12:05:07","modified_gmt":"2025-04-15T15:05:07","slug":"reciclagem-urbana-educando-para-transformar","status":"publish","type":"page","link":"https:\/\/www.ufmg.br\/sustentabilidade\/projetos\/reciclagem-urbana-educando-para-transformar\/","title":{"rendered":"Reciclagem urbana &#8211; Educando para transformar"},"content":{"rendered":"\n<p>O projeto &#8220;Reciclagem Urbana&#8221; promove a conscientiza\u00e7\u00e3o socioambiental, incentivando a reciclagem de res\u00edduos s\u00f3lidos e o descarte correto de res\u00edduos org\u00e2nicos. Al\u00e9m de sensibilizar a popula\u00e7\u00e3o, a iniciativa ensina t\u00e9cnicas pr\u00e1ticas de reciclagem, incentivando mudan\u00e7as de h\u00e1bitos voltadas \u00e0 sustentabilidade e preserva\u00e7\u00e3o do meio ambiente urbano. Outro objetivo \u00e9 conscientizar sobre a Leishmaniose Visceral Canina (LVC), uma zoonose grave que afeta animais e seres humanos, transmitida pelo mosquito flebotom\u00edneo <em>Lutzomyia longipalpis<\/em>, infectado pelo protozo\u00e1rio <em>Leishmania<\/em>. Com alta letalidade e aproximadamente 3.500 casos humanos anuais no Brasil, especialmente em regi\u00f5es tropicais, a LVC \u00e9 um problema de sa\u00fade p\u00fablica mundial. Dessa forma, o projeto integra a preserva\u00e7\u00e3o ambiental e a promo\u00e7\u00e3o de sa\u00fade p\u00fablica, destacando aspectos de preven\u00e7\u00e3o e controle da doen\u00e7a.<\/p>\n\n\n\n<p>Conscientizar a popula\u00e7\u00e3o sobre a reciclagem urbana e sua import\u00e2ncia para a preserva\u00e7\u00e3o do meio ambiente, al\u00e9m de destacar como os h\u00e1bitos de descarte adequado de res\u00edduos s\u00f3lidos e org\u00e2nicos impactam essa preserva\u00e7\u00e3o. O foco \u00e9 o controle vetorial da leishmaniose visceral e de outras doen\u00e7as.<\/p>\n\n\n\n<p>O projeto tem como p\u00fablico-alvo estudantes do ensino fundamental II e m\u00e9dio das escolas p\u00fablicas e privadas. Realizamos visitas escolares para apresentar v\u00eddeos e workshops que abordam a leishmaniose e as estrat\u00e9gias de combate \u00e0 doen\u00e7a. Por meio da educa\u00e7\u00e3o, buscamos inspirar pr\u00e1ticas sociais transformadoras, promovendo nos cidad\u00e3os a compreens\u00e3o da responsabilidade compartilhada sobre o meio ambiente. Seguindo as diretrizes do Minist\u00e9rio da Sa\u00fade, as a\u00e7\u00f5es de educa\u00e7\u00e3o em sa\u00fade devem ser integradas para garantir que uma popula\u00e7\u00e3o informada e consciente contribua de forma eficaz para reduzir os fatores que favorecem o desenvolvimento de doen\u00e7as como a leishmaniose. Al\u00e9m de conscientizar sobre a reciclagem urbana e o manejo adequado de res\u00edduos org\u00e2nicos, este projeto visa educar a comunidade de Montes Claros, MG, sobre a import\u00e2ncia de a\u00e7\u00f5es preventivas para um ambiente mais saud\u00e1vel e sustent\u00e1vel.<\/p>\n\n\n\n<p>Um question\u00e1rio \u00e9 aplicado antes e depois das apresenta\u00e7\u00f5es para avaliar o conhecimento dos alunos. Al\u00e9m disso, promovemos rodas de discuss\u00e3o e distribu\u00edmos cartilhas digitais sobre a leishmaniose visceral canina, desenvolvidas em formato PDF para facilitar o acesso em celulares simples, al\u00e9m de uma vers\u00e3o impressa. As cartilhas cont\u00eam informa\u00e7\u00f5es sobre a doen\u00e7a, seu vetor, formas de transmiss\u00e3o, tratamento, dicas de preven\u00e7\u00e3o e orienta\u00e7\u00f5es sobre limpeza urbana e descarte adequado de res\u00edduos.&nbsp;<\/p>\n\n\n\n<p>Em 2022, o projeto estabeleceu uma parceria com o Centro de Controle de Zoonoses (CCZ) de Montes Claros, que tem distribu\u00eddo as cartilhas em suas atividades, ampliando o alcance do projeto para a comunidade em geral. No ano anterior, a coordenadora do projeto come\u00e7ou a participar do Comit\u00ea de Pol\u00edticas P\u00fablicas de Controle das Leishmanioses do munic\u00edpio, com foco na educa\u00e7\u00e3o da popula\u00e7\u00e3o sobre o tema.<\/p>\n\n\n\n<p>O projeto, iniciado em 2017, capacitou 3.723 alunos de 10 escolas p\u00fablicas e privadas do ensino fundamental II e m\u00e9dio na cidade de Montes Claros, MG. A conscientiza\u00e7\u00e3o desses estudantes \u00e9 crucial, pois eles se tornam agentes multiplicadores de informa\u00e7\u00f5es e pr\u00e1ticas de preven\u00e7\u00e3o, promovendo assim a melhoria da sa\u00fade p\u00fablica em suas comunidades.<\/p>\n\n\n\n<p>A parceria com o Centro de Controle de Zoonoses (CCZ) de Montes Claros, estabelecida em 2022, ampliou o alcance do projeto para a comunidade em geral. Essa colabora\u00e7\u00e3o com a Secretaria de Sa\u00fade tem mostrado resultados positivos na redu\u00e7\u00e3o da leishmaniose, evidenciando que as a\u00e7\u00f5es de educa\u00e7\u00e3o em sa\u00fade e ambiente s\u00e3o fundamentais para instruir a popula\u00e7\u00e3o e auxiliar no controle dos fatores que favorecem o desenvolvimento das doen\u00e7as. As atividades do Comit\u00ea resultaram em uma redu\u00e7\u00e3o significativa nos casos de leishmaniose tegumentar americana (LTA) e leishmaniose visceral (LV) entre 2021 e 2024, conforme os dados do Boletim Epidemiol\u00f3gico da Secretaria Municipal de Sa\u00fade e Vigil\u00e2ncia Epidemiol\u00f3gica de Montes Claros.<\/p>\n\n\n\n<p><strong>Respons\u00e1veis:<\/strong><\/p>\n\n\n\n<p>Profa. Cristina Maria Lima S\u00e1-Fortes, Profa. Fabiana Ferreira<\/p>\n\n\n\n<p><strong>ODS Relacionados:<\/strong><\/p>\n\n\n\n<p><img loading=\"lazy\" decoding=\"async\" width=\"151\" height=\"151\" src=\"https:\/\/lh7-rt.googleusercontent.com\/docsz\/AD_4nXcM50PtvIzZxPt7H-yhCbU8nNMC4jwkVVu9-gbAWS7rYBMGptMjxlkwSIPPY8Y1D0JShjsNT07AJnGFRXTBZiittR2_KFMz7E_wtadqphyVvbxERz9Tgue0xansHjW5Q7TLDSjf?key=vBoj-53Tv1siE7mgN3cXbz9L\"><img loading=\"lazy\" decoding=\"async\" src=\"https:\/\/lh7-rt.googleusercontent.com\/docsz\/AD_4nXebI21-2r_NCf5ZFoTkzS2wob-ig7v0wzfcNyF0P-azlkG6OQTYnt2Z4XI5mGwXIQ2gnHTVQdJqaMH-bTeTp7fjuTevwpT9_2EVrdkJvHLibL2-Ob7UQFV8VYZqGmPueCm5puIm?key=vBoj-53Tv1siE7mgN3cXbz9L\" width=\"151\" height=\"151\"><\/p>\n","protected":false},"excerpt":{"rendered":"<p>O projeto &#8220;Reciclagem Urbana&#8221; promove a conscientiza\u00e7\u00e3o socioambiental, incentivando a reciclagem de res\u00edduos s\u00f3lidos e o descarte correto de res\u00edduos org\u00e2nicos. Al\u00e9m de sensibilizar a popula\u00e7\u00e3o, a iniciativa ensina t\u00e9cnicas pr\u00e1ticas de reciclagem, incentivando mudan\u00e7as de h\u00e1bitos voltadas \u00e0 sustentabilidade e preserva\u00e7\u00e3o do meio ambiente urbano. Outro objetivo \u00e9 conscientizar sobre a Leishmaniose Visceral Canina [&hellip;]<\/p>\n","protected":false},"author":3,"featured_media":0,"parent":835,"menu_order":0,"comment_status":"closed","ping_status":"closed","template":"","meta":{"_acf_changed":false,"footnotes":""},"class_list":["post-1758","page","type-page","status-publish","hentry"],"acf":[],"_links":{"self":[{"href":"https:\/\/www.ufmg.br\/sustentabilidade\/wp-json\/wp\/v2\/pages\/1758"}],"collection":[{"href":"https:\/\/www.ufmg.br\/sustentabilidade\/wp-json\/wp\/v2\/pages"}],"about":[{"href":"https:\/\/www.ufmg.br\/sustentabilidade\/wp-json\/wp\/v2\/types\/page"}],"author":[{"embeddable":true,"href":"https:\/\/www.ufmg.br\/sustentabilidade\/wp-json\/wp\/v2\/users\/3"}],"replies":[{"embeddable":true,"href":"https:\/\/www.ufmg.br\/sustentabilidade\/wp-json\/wp\/v2\/comments?post=1758"}],"version-history":[{"count":3,"href":"https:\/\/www.ufmg.br\/sustentabilidade\/wp-json\/wp\/v2\/pages\/1758\/revisions"}],"predecessor-version":[{"id":1838,"href":"https:\/\/www.ufmg.br\/sustentabilidade\/wp-json\/wp\/v2\/pages\/1758\/revisions\/1838"}],"up":[{"embeddable":true,"href":"https:\/\/www.ufmg.br\/sustentabilidade\/wp-json\/wp\/v2\/pages\/835"}],"wp:attachment":[{"href":"https:\/\/www.ufmg.br\/sustentabilidade\/wp-json\/wp\/v2\/media?parent=1758"}],"curies":[{"name":"wp","href":"https:\/\/api.w.org\/{rel}","templated":true}]}}