{"id":1769,"date":"2025-04-08T10:25:37","date_gmt":"2025-04-08T13:25:37","guid":{"rendered":"https:\/\/www.ufmg.br\/sustentabilidade\/?page_id=1769"},"modified":"2025-04-15T12:04:34","modified_gmt":"2025-04-15T15:04:34","slug":"impacto-liquido-positivo","status":"publish","type":"page","link":"https:\/\/www.ufmg.br\/sustentabilidade\/projetos\/impacto-liquido-positivo\/","title":{"rendered":"Impacto L\u00edquido Positivo"},"content":{"rendered":"\n<p>Em todo o planeta, bacias hidrogr\u00e1ficas de reservat\u00f3rios hidrel\u00e9tricos t\u00eam sido alteradas rapidamente devido a mudan\u00e7as em padr\u00f5es sazonais de precipita\u00e7\u00e3o, mudan\u00e7as clim\u00e1ticas e mudan\u00e7as no manejo de recursos h\u00eddricos por atividades humanas. Dentre as metas de sustentabilidade da ONU, mapear riscos \u00e0 biodiversidade e adotar crit\u00e9rios de decis\u00e3o com base cient\u00edfica s\u00e3o fundamentais para subsidiar compromissos corporativos, objetivando identificar impactos l\u00edquidos positivos e para propor a\u00e7\u00f5es estrat\u00e9gicas para o aperfei\u00e7oamento de atitudes sustent\u00e1veis de longo prazo. Este projeto de pesquisas tem como objetivo desenvolver metodologia de c\u00e1lculo e quantifica\u00e7\u00e3o de \u00e1reas\/regi\u00f5es de Impacto L\u00edquido Positivo na bacia de drenagem da UHE Furnas, utilizando bases cient\u00edficas de modelagem ecol\u00f3gica, \u00edndices de integridade ecol\u00f3gica, bioindicadores de qualidade de \u00e1gua visando conserva\u00e7\u00e3o de biodiversidade e servi\u00e7os ecossist\u00eamicos.<\/p>\n\n\n\n<p>O objetivo geral \u00e9 desenvolver metodologia in\u00e9dita de avalia\u00e7\u00e3o ecol\u00f3gica, c\u00e1lculo, quantifica\u00e7\u00e3o e mapeamento do Impacto L\u00edquido Positivo sobre a Biodiversidade e Servi\u00e7os Ecossist\u00eamicos na bacia de drenagem da UHE Furnas. Dentre as atividades desenvolvidas t\u00eam-se a avalia\u00e7\u00e3o transdisciplinar de mapeamento, modelagem e desenvolvimento socioecon\u00f4mico, uso da terra, epidemiol\u00f3gico nos 35 munic\u00edpios lindeiros na bacia da UHE Furnas; Estimativas dos usos da \u00e1gua e popula\u00e7\u00e3o beneficiada; Atividades de Ci\u00eancia Cidad\u00e3 com a\u00e7\u00f5es educativas em pr\u00e1ticas ambientais, sociais e de governan\u00e7a; Forma\u00e7\u00e3o de estudantes de gradua\u00e7\u00e3o e de p\u00f3s-gradua\u00e7\u00e3o nas \u00e1reas de Ecologia, Engenharias, S\u00f3cio-economia, Geografia, Cartografia; apresenta\u00e7\u00f5es de resultados em eventos t\u00e9cnico-cient\u00edficos nacionais e internacionais; Reda\u00e7\u00e3o e publica\u00e7\u00e3o de manuscritos e artigos cient\u00edficos em revistas internacionais; Realiza\u00e7\u00e3o de Cursos de Capacita\u00e7\u00e3o (SIEX 103084) e treinamento comunidade UFMG e p\u00fablico externo.<\/p>\n\n\n\n<p><strong>Respons\u00e1vel:<\/strong><\/p>\n\n\n\n<p>Prof. Marcos Callisto<\/p>\n\n\n\n<p><strong>ODS Relacionados:<\/strong><\/p>\n\n\n\n<p><img loading=\"lazy\" decoding=\"async\" width=\"151\" height=\"151\" src=\"https:\/\/lh7-rt.googleusercontent.com\/docsz\/AD_4nXcKlgScQa9waSH4oNsyen_yjH1bhb9PJK6Aj1MXTP7Jjjl-Pe9JkfSc7Hb58oCdHVZw7ag8YzsILHHu3zZB_pgKnyBCmrIsewCCdMLE5Nz9O_Kt2ccdTzVlmTBXMmBroOzWrlEgpQ?key=vBoj-53Tv1siE7mgN3cXbz9L\"><img loading=\"lazy\" decoding=\"async\" width=\"151\" height=\"151\" src=\"https:\/\/lh7-rt.googleusercontent.com\/docsz\/AD_4nXctK0f4IVQb4F1YFOCZsPRM0KVltlogJNuAGQrZgKupRZ2GHRm76NrMedtw1SLmn_wF1B2e6cG9cwYMFN899bsRNkO-k9ASL6O9og_ScoUDKtOx6YNhcPygQYXCBwjXwLBu2TAU?key=vBoj-53Tv1siE7mgN3cXbz9L\"><img loading=\"lazy\" decoding=\"async\" width=\"151\" height=\"151\" src=\"https:\/\/lh7-rt.googleusercontent.com\/docsz\/AD_4nXeJ0KGFiVo1Vmg8aPEJ3yC2Ki4N-DZ1hIYc5azmmNGhR559pQwCoXOP61DbAQmyB1bNKkE3D6phu0o1IuAqDmLZ5H5Q_UXkd5c8seJ5i6JPmD4pVN2NS43HdUDlxTuLGYMh-LKvbA?key=vBoj-53Tv1siE7mgN3cXbz9L\"><img loading=\"lazy\" decoding=\"async\" src=\"https:\/\/lh7-rt.googleusercontent.com\/docsz\/AD_4nXcrb8NETrbOUeLtvb8IoA7qnT-JVFQ-DF8VpXLmAPop-kgFzC76d4hxBGljXwv6YRocSc6VfIChRX_mmmyC8rOrjuoyrlSK7f9DgXOYXmMzpEUdDOy8dH7CHut3ls3-xAkfiz7vpA?key=vBoj-53Tv1siE7mgN3cXbz9L\" width=\"151\" height=\"151\"><\/p>\n\n\n\n<p><br><\/p>\n","protected":false},"excerpt":{"rendered":"<p>Em todo o planeta, bacias hidrogr\u00e1ficas de reservat\u00f3rios hidrel\u00e9tricos t\u00eam sido alteradas rapidamente devido a mudan\u00e7as em padr\u00f5es sazonais de precipita\u00e7\u00e3o, mudan\u00e7as clim\u00e1ticas e mudan\u00e7as no manejo de recursos h\u00eddricos por atividades humanas. Dentre as metas de sustentabilidade da ONU, mapear riscos \u00e0 biodiversidade e adotar crit\u00e9rios de decis\u00e3o com base cient\u00edfica s\u00e3o fundamentais para [&hellip;]<\/p>\n","protected":false},"author":3,"featured_media":0,"parent":835,"menu_order":0,"comment_status":"closed","ping_status":"closed","template":"","meta":{"_acf_changed":false,"footnotes":""},"class_list":["post-1769","page","type-page","status-publish","hentry"],"acf":[],"_links":{"self":[{"href":"https:\/\/www.ufmg.br\/sustentabilidade\/wp-json\/wp\/v2\/pages\/1769"}],"collection":[{"href":"https:\/\/www.ufmg.br\/sustentabilidade\/wp-json\/wp\/v2\/pages"}],"about":[{"href":"https:\/\/www.ufmg.br\/sustentabilidade\/wp-json\/wp\/v2\/types\/page"}],"author":[{"embeddable":true,"href":"https:\/\/www.ufmg.br\/sustentabilidade\/wp-json\/wp\/v2\/users\/3"}],"replies":[{"embeddable":true,"href":"https:\/\/www.ufmg.br\/sustentabilidade\/wp-json\/wp\/v2\/comments?post=1769"}],"version-history":[{"count":3,"href":"https:\/\/www.ufmg.br\/sustentabilidade\/wp-json\/wp\/v2\/pages\/1769\/revisions"}],"predecessor-version":[{"id":1835,"href":"https:\/\/www.ufmg.br\/sustentabilidade\/wp-json\/wp\/v2\/pages\/1769\/revisions\/1835"}],"up":[{"embeddable":true,"href":"https:\/\/www.ufmg.br\/sustentabilidade\/wp-json\/wp\/v2\/pages\/835"}],"wp:attachment":[{"href":"https:\/\/www.ufmg.br\/sustentabilidade\/wp-json\/wp\/v2\/media?parent=1769"}],"curies":[{"name":"wp","href":"https:\/\/api.w.org\/{rel}","templated":true}]}}