{"id":1771,"date":"2025-04-08T10:26:50","date_gmt":"2025-04-08T13:26:50","guid":{"rendered":"https:\/\/www.ufmg.br\/sustentabilidade\/?page_id=1771"},"modified":"2025-04-08T10:27:21","modified_gmt":"2025-04-08T13:27:21","slug":"biofold-dobrando-a-ciencia","status":"publish","type":"page","link":"https:\/\/www.ufmg.br\/sustentabilidade\/projetos\/biofold-dobrando-a-ciencia\/","title":{"rendered":"BioFold: Dobrando a Ci\u00eancia"},"content":{"rendered":"\n<p>O projeto BioFold \u00e9 uma jornada de descoberta que une a arte milenar do origami com os conceitos cient\u00edficos, promovendo uma aprendizagem interdisciplinar e significativa. Atrav\u00e9s de oficinas l\u00fadicas e pr\u00e1ticas, buscamos despertar o interesse de crian\u00e7as e jovens pela ci\u00eancia, estimulando a criatividade, o racioc\u00ednio l\u00f3gico e a resolu\u00e7\u00e3o de problemas. O objetivo geral \u00e9 popularizar o ensino de ci\u00eancias atrav\u00e9s do origami, utilizando materiais reciclados, promovendo a sustentabilidade e auxiliando no desenvolvimento de habilidades de estudantes com TDAH, em parceria com uma psic\u00f3loga especializada.<\/p>\n\n\n\n<p>Dentre as atividades desenvolvidas t\u00eam-se o planejamento do projeto, cria\u00e7\u00e3o de materiais did\u00e1ticos, divulga\u00e7\u00e3o do projeto, inscri\u00e7\u00e3o dos participantes, treinamento dos tutores, realiza\u00e7\u00e3o das oficinas (uma oficina por m\u00eas).<\/p>\n\n\n\n<p><strong>Respons\u00e1vel:<\/strong><\/p>\n\n\n\n<p>Profa. Dra. Leticia Gomes de Pontes.<br><\/p>\n","protected":false},"excerpt":{"rendered":"<p>O projeto BioFold \u00e9 uma jornada de descoberta que une a arte milenar do origami com os conceitos cient\u00edficos, promovendo uma aprendizagem interdisciplinar e significativa. Atrav\u00e9s de oficinas l\u00fadicas e pr\u00e1ticas, buscamos despertar o interesse de crian\u00e7as e jovens pela ci\u00eancia, estimulando a criatividade, o racioc\u00ednio l\u00f3gico e a resolu\u00e7\u00e3o de problemas. O objetivo geral [&hellip;]<\/p>\n","protected":false},"author":3,"featured_media":0,"parent":835,"menu_order":0,"comment_status":"closed","ping_status":"closed","template":"","meta":{"_acf_changed":false,"footnotes":""},"class_list":["post-1771","page","type-page","status-publish","hentry"],"acf":[],"_links":{"self":[{"href":"https:\/\/www.ufmg.br\/sustentabilidade\/wp-json\/wp\/v2\/pages\/1771"}],"collection":[{"href":"https:\/\/www.ufmg.br\/sustentabilidade\/wp-json\/wp\/v2\/pages"}],"about":[{"href":"https:\/\/www.ufmg.br\/sustentabilidade\/wp-json\/wp\/v2\/types\/page"}],"author":[{"embeddable":true,"href":"https:\/\/www.ufmg.br\/sustentabilidade\/wp-json\/wp\/v2\/users\/3"}],"replies":[{"embeddable":true,"href":"https:\/\/www.ufmg.br\/sustentabilidade\/wp-json\/wp\/v2\/comments?post=1771"}],"version-history":[{"count":2,"href":"https:\/\/www.ufmg.br\/sustentabilidade\/wp-json\/wp\/v2\/pages\/1771\/revisions"}],"predecessor-version":[{"id":1773,"href":"https:\/\/www.ufmg.br\/sustentabilidade\/wp-json\/wp\/v2\/pages\/1771\/revisions\/1773"}],"up":[{"embeddable":true,"href":"https:\/\/www.ufmg.br\/sustentabilidade\/wp-json\/wp\/v2\/pages\/835"}],"wp:attachment":[{"href":"https:\/\/www.ufmg.br\/sustentabilidade\/wp-json\/wp\/v2\/media?parent=1771"}],"curies":[{"name":"wp","href":"https:\/\/api.w.org\/{rel}","templated":true}]}}