{"id":1847,"date":"2025-06-12T13:27:00","date_gmt":"2025-06-12T16:27:00","guid":{"rendered":"https:\/\/www.ufmg.br\/sustentabilidade\/?page_id=1847"},"modified":"2025-08-19T12:53:04","modified_gmt":"2025-08-19T15:53:04","slug":"erradicacao-da-pobreza","status":"publish","type":"page","link":"https:\/\/www.ufmg.br\/sustentabilidade\/ufmg-nos-ods\/erradicacao-da-pobreza\/","title":{"rendered":"Erradica\u00e7\u00e3o da Pobreza"},"content":{"rendered":"\n<figure class=\"wp-block-image size-full is-resized\"><img loading=\"lazy\" decoding=\"async\" width=\"466\" height=\"466\" src=\"https:\/\/www.ufmg.br\/sustentabilidade\/wp-content\/uploads\/2025\/06\/image-3.png\" alt=\"\" class=\"wp-image-1932\" style=\"width:151px;height:auto\" srcset=\"https:\/\/www.ufmg.br\/sustentabilidade\/wp-content\/uploads\/2025\/06\/image-3.png 466w, https:\/\/www.ufmg.br\/sustentabilidade\/wp-content\/uploads\/2025\/06\/image-3-300x300.png 300w, https:\/\/www.ufmg.br\/sustentabilidade\/wp-content\/uploads\/2025\/06\/image-3-150x150.png 150w\" sizes=\"(max-width: 466px) 100vw, 466px\" \/><\/figure>\n\n\n\n<p><\/p>\n\n\n\n<p>A Pr\u00f3-Reitoria de Assuntos Estudantis, criada pelo Conselho Universit\u00e1rio por meio da Resolu\u00e7\u00e3o complementar n. 05\/2014, de 11 de novembro de 2014, \u00e9 respons\u00e1vel pela elabora\u00e7\u00e3o, coordena\u00e7\u00e3o, execu\u00e7\u00e3o e avalia\u00e7\u00e3o da Pol\u00edtica de Assuntos Estudantis da UFMG, com atribui\u00e7\u00e3o de estabelecer a\u00e7\u00f5es voltadas para o atendimento \u00e0s demandas b\u00e1sicas de acolhimento, perman\u00eancia, conviv\u00eancia, assist\u00eancia e enriquecimento sociopol\u00edtico, cultural e art\u00edstico de estudantes da UFMG, em seus 3 eixos: Pol\u00edtica de A\u00e7\u00f5es Afirmativas; Pol\u00edtica de Apoio a Projetos de Estudantes e Pol\u00edtica de Assist\u00eancia Estudantil. <\/p>\n\n\n\n<p>A Funda\u00e7\u00e3o Universit\u00e1ria Mendes Pimentel \u00e9 uma organiza\u00e7\u00e3o da sociedade civil sem fins lucrativos, de direito privado, institu\u00edda em 1927 e vinculada \u00e0 UFMG, supervisionada por seu Conselho Universit\u00e1rio, com estrutura de gest\u00e3o composta pelos Conselhos Curador, Diretor e Fiscal, fiscalizada pelo Minist\u00e9rio da Justi\u00e7a e pelo Minist\u00e9rio P\u00fablico do Estado de Minas Gerais, por meio da Promotoria de Tutela de Funda\u00e7\u00f5es. Nos Termos de Colabora\u00e7\u00e3o, a FUMP atuar\u00e1 como colaboradora na execu\u00e7\u00e3o das atividades\/projetos vinculados a Pol\u00edtica de Perman\u00eancia Estudantil da UFMG, coordenada pela PRAE\/UFMG, destinada a estudantes da UFMG, prioritariamente \u00e0queles\/as em situa\u00e7\u00e3o de vulnerabilidade socioecon\u00f4mica e risco social e cultural, com os programas e as a\u00e7\u00f5es que a comp\u00f5em. Mais de 13 mil alunos de baixa renda recebem aux\u00edlios financeiros.\u00a0<\/p>\n\n\n\n<p><strong>Objetivo 1. Acabar com a pobreza em todas as suas formas, em todos os lugares<\/strong><\/p>\n\n\n\n<p><strong>1.1&nbsp;<\/strong>At\u00e9 2030, erradicar a pobreza extrema para todas as pessoas em todos os lugares, atualmente medida como pessoas vivendo com menos de US$ 1,90 por dia<\/p>\n\n\n\n<p><strong>1.2&nbsp;<\/strong>At\u00e9 2030, reduzir pelo menos \u00e0 metade a propor\u00e7\u00e3o de homens, mulheres e crian\u00e7as, de todas as idades, que vivem na pobreza, em todas as suas dimens\u00f5es, de acordo com as defini\u00e7\u00f5es nacionais<\/p>\n\n\n\n<p><strong>1.3<\/strong>&nbsp;Implementar, em n\u00edvel nacional, medidas e sistemas de prote\u00e7\u00e3o social adequados, para todos, incluindo pisos, e at\u00e9 2030 atingir a cobertura substancial dos pobres e vulner\u00e1veis<\/p>\n\n\n\n<p><strong>1.4&nbsp;<\/strong>At\u00e9 2030, garantir que todos os homens e mulheres, particularmente os pobres e vulner\u00e1veis, tenham direitos iguais aos recursos econ\u00f4micos, bem como o acesso a servi\u00e7os b\u00e1sicos, propriedade e controle sobre a terra e outras formas de propriedade, heran\u00e7a, recursos naturais, novas tecnologias apropriadas e servi\u00e7os financeiros, incluindo microfinan\u00e7as<\/p>\n\n\n\n<p><strong>1.5&nbsp;<\/strong>At\u00e9 2030, construir a resili\u00eancia dos pobres e daqueles em situa\u00e7\u00e3o de vulnerabilidade, e reduzir a exposi\u00e7\u00e3o e vulnerabilidade destes a eventos extremos relacionados com o clima e outros choques e desastres econ\u00f4micos, sociais e ambientais<\/p>\n\n\n\n<p><strong>1.a<\/strong>&nbsp;Garantir uma mobiliza\u00e7\u00e3o significativa de recursos a partir de uma variedade de fontes, inclusive por meio do refor\u00e7o da coopera\u00e7\u00e3o para o desenvolvimento, para proporcionar meios adequados e previs\u00edveis para que os pa\u00edses em desenvolvimento, em particular os pa\u00edses menos desenvolvidos, implementem programas e pol\u00edticas para acabar com a pobreza em todas as suas dimens\u00f5es<\/p>\n\n\n\n<p><strong>1.b<\/strong>&nbsp;Criar marcos pol\u00edticos s\u00f3lidos em n\u00edveis nacional, regional e internacional, com base em estrat\u00e9gias de desenvolvimento a favor dos pobres e sens\u00edveis a g\u00eanero, para apoiar investimentos acelerados nas a\u00e7\u00f5es de erradica\u00e7\u00e3o da pobreza<br><\/p>\n","protected":false},"excerpt":{"rendered":"<p>A Pr\u00f3-Reitoria de Assuntos Estudantis, criada pelo Conselho Universit\u00e1rio por meio da Resolu\u00e7\u00e3o complementar n. 05\/2014, de 11 de novembro de 2014, \u00e9 respons\u00e1vel pela elabora\u00e7\u00e3o, coordena\u00e7\u00e3o, execu\u00e7\u00e3o e avalia\u00e7\u00e3o da Pol\u00edtica de Assuntos Estudantis da UFMG, com atribui\u00e7\u00e3o de estabelecer a\u00e7\u00f5es voltadas para o atendimento \u00e0s demandas b\u00e1sicas de acolhimento, perman\u00eancia, conviv\u00eancia, assist\u00eancia e [&hellip;]<\/p>\n","protected":false},"author":3,"featured_media":0,"parent":1845,"menu_order":0,"comment_status":"closed","ping_status":"closed","template":"","meta":{"_acf_changed":false,"footnotes":""},"class_list":["post-1847","page","type-page","status-publish","hentry"],"acf":[],"_links":{"self":[{"href":"https:\/\/www.ufmg.br\/sustentabilidade\/wp-json\/wp\/v2\/pages\/1847"}],"collection":[{"href":"https:\/\/www.ufmg.br\/sustentabilidade\/wp-json\/wp\/v2\/pages"}],"about":[{"href":"https:\/\/www.ufmg.br\/sustentabilidade\/wp-json\/wp\/v2\/types\/page"}],"author":[{"embeddable":true,"href":"https:\/\/www.ufmg.br\/sustentabilidade\/wp-json\/wp\/v2\/users\/3"}],"replies":[{"embeddable":true,"href":"https:\/\/www.ufmg.br\/sustentabilidade\/wp-json\/wp\/v2\/comments?post=1847"}],"version-history":[{"count":8,"href":"https:\/\/www.ufmg.br\/sustentabilidade\/wp-json\/wp\/v2\/pages\/1847\/revisions"}],"predecessor-version":[{"id":2026,"href":"https:\/\/www.ufmg.br\/sustentabilidade\/wp-json\/wp\/v2\/pages\/1847\/revisions\/2026"}],"up":[{"embeddable":true,"href":"https:\/\/www.ufmg.br\/sustentabilidade\/wp-json\/wp\/v2\/pages\/1845"}],"wp:attachment":[{"href":"https:\/\/www.ufmg.br\/sustentabilidade\/wp-json\/wp\/v2\/media?parent=1847"}],"curies":[{"name":"wp","href":"https:\/\/api.w.org\/{rel}","templated":true}]}}