{"id":1857,"date":"2025-06-12T13:38:34","date_gmt":"2025-06-12T16:38:34","guid":{"rendered":"https:\/\/www.ufmg.br\/sustentabilidade\/?page_id=1857"},"modified":"2025-07-14T13:16:49","modified_gmt":"2025-07-14T16:16:49","slug":"saude-e-bem-estar","status":"publish","type":"page","link":"https:\/\/www.ufmg.br\/sustentabilidade\/ufmg-nos-ods\/saude-e-bem-estar\/","title":{"rendered":"Sa\u00fade e Bem-Estar"},"content":{"rendered":"\n<figure class=\"wp-block-image size-full is-resized\"><img loading=\"lazy\" decoding=\"async\" width=\"466\" height=\"466\" src=\"https:\/\/www.ufmg.br\/sustentabilidade\/wp-content\/uploads\/2025\/06\/image-1.png\" alt=\"\" class=\"wp-image-1921\" style=\"width:159px;height:auto\" srcset=\"https:\/\/www.ufmg.br\/sustentabilidade\/wp-content\/uploads\/2025\/06\/image-1.png 466w, https:\/\/www.ufmg.br\/sustentabilidade\/wp-content\/uploads\/2025\/06\/image-1-300x300.png 300w, https:\/\/www.ufmg.br\/sustentabilidade\/wp-content\/uploads\/2025\/06\/image-1-150x150.png 150w\" sizes=\"(max-width: 466px) 100vw, 466px\" \/><\/figure>\n\n\n\n<p><\/p>\n\n\n\n<p>A UFMG est\u00e1 em primeiro lugar no Brasil e entre as 10% melhores universidades do mundo em rela\u00e7\u00e3o ao seus esfor\u00e7os na \u00e1rea. S\u00e3o mais de 1700 profissionais de sa\u00fade empregados pela universidade. A UFMG oferece um Servi\u00e7o de Atendimento \u00e0 Sa\u00fade do Trabalhador, Atendimento Odontol\u00f3gico, Atendimentos em Hospitais, Plano de Sa\u00fade e o Programa Sa\u00fade do Estudante. O Cenex promove diversas atividades acess\u00edveis a toda a comunidade como Taekwondo, Muscula\u00e7\u00e3o, T\u00eanis, Pilates, Nata\u00e7\u00e3o, Gin\u00e1stica, Atividades para a 3\u00aa Idade e Dan\u00e7as.<\/p>\n\n\n\n<p>A UFMG tamb\u00e9m desenvolve uma Pol\u00edtica de Sa\u00fade Mental visando um maior bem-estar de sua comunidade. O interesse pela sa\u00fade mental da comunidade UFMG vem se dando, de maneira processual, com a participa\u00e7\u00e3o de diferentes atores. Dentre esses destaca-se o Programa de Extens\u00e3o em Aten\u00e7\u00e3o \u00e0 Sa\u00fade Mental (PASME), cujas a\u00e7\u00f5es e discuss\u00f5es contribu\u00edram para a cria\u00e7\u00e3o pela Pr\u00f3-reitoria de Extens\u00e3o, no ano de 2014, da Rede Sa\u00fade Mental UFMG.<\/p>\n\n\n\n<p>A Rede \u00e9 um espa\u00e7o de encontro sobre o tema que re\u00fane diversos projetos de pesquisa, programas de extens\u00e3o, servi\u00e7os de acolhimento e profissionais de diversas \u00e1reas do conhecimento, tendo como perspectiva a luta antimanicomial. Um dos efeitos dessa atua\u00e7\u00e3o em rede foi a institui\u00e7\u00e3o, no ano de 2015, da Comiss\u00e3o Institucional de Sa\u00fade Mental da UFMG (CISME) que, a partir de uma agenda de di\u00e1logos com a comunidade, prop\u00f4s Princ\u00edpios e Diretrizes da Pol\u00edtica de Sa\u00fade Mental da UFMG (veja abaixo), finalizando sua atua\u00e7\u00e3o em 2016.<\/p>\n\n\n\n<p>Em 2018, inaugurando um novo momento desse processo de constru\u00e7\u00e3o, foi criada a Comiss\u00e3o Permanente de Sa\u00fade Mental da UFMG (CPSM), f\u00f3rum permanente para a formula\u00e7\u00e3o de a\u00e7\u00f5es e consolida\u00e7\u00e3o da Pol\u00edtica de Sa\u00fade Mental da UFMG, sempre na perspectiva do di\u00e1logo e constru\u00e7\u00e3o conjunta com a comunidade UFMG. Vale destacar ainda que no Instituto de Ci\u00eancias Agr\u00e1rias, Campus Montes Claros, foi institu\u00edda a Comiss\u00e3o de Acompanhamento da Sa\u00fade Mental do ICA, no ano de 2017. Essa Comiss\u00e3o tem como atribui\u00e7\u00f5es promover espa\u00e7os de escuta, acolhimento, eventos, por fim, promover qualidade de vida e ambiente favor\u00e1vel ao desenvolvimento social, cultural e ps\u00edquico do indiv\u00edduo.<\/p>\n\n\n\n<p>A UFMG desenvolve os seguintes projetos alinhados ao Terceiro ODS:<\/p>\n\n\n\n<p><a href=\"https:\/\/www.ufmg.br\/sustentabilidade\/projetos\/cozinha-ambiental\/\">Cozinha Ambiental<\/a><\/p>\n\n\n\n<p><a href=\"https:\/\/www.ufmg.br\/sustentabilidade\/projetos\/edumite-educacao-mineracao-e-territorio\/\">EduMiTe (Educa\u00e7\u00e3o, Minera\u00e7\u00e3o e Territ\u00f3rio)<\/a><\/p>\n\n\n\n<p><a href=\"https:\/\/www.ufmg.br\/sustentabilidade\/projetos\/reciclagem-urbana-educando-para-transformar\/\">Reciclagem urbana \u2013 Educando para transformar<\/a><\/p>\n\n\n\n<p><a href=\"https:\/\/www.ufmg.br\/sustentabilidade\/projetos\/quem-quer-pod\/\">\u201cQUEM QUER POD?\u201d<\/a><\/p>\n\n\n\n<p><a href=\"https:\/\/www.ufmg.br\/sustentabilidade\/projetos\/descarte-consciente-de-medicamentos-dia-d\/\">Descarte Consciente de Medicamentos \u2013 Dia D<\/a><\/p>\n\n\n\n<p><a href=\"https:\/\/www.ufmg.br\/sustentabilidade\/projetos\/horto-do-igc\/\">Horto do IGC<\/a><\/p>\n\n\n\n<p><strong>Objetivo 3. Assegurar uma vida saud\u00e1vel e promover o bem-estar para todas e todos, em todas as idades<\/strong><\/p>\n\n\n\n<p><strong>3.1<\/strong>&nbsp;At\u00e9 2030, reduzir a taxa de mortalidade materna global para menos de 70 mortes por 100.000 nascidos vivos<\/p>\n\n\n\n<p><strong>3.2&nbsp;<\/strong>At\u00e9 2030, acabar com as mortes evit\u00e1veis de rec\u00e9m-nascidos e crian\u00e7as menores de 5 anos, com todos os pa\u00edses objetivando reduzir a mortalidade neonatal para pelo menos 12 por 1.000 nascidos vivos e a mortalidade de crian\u00e7as menores de 5 anos para pelo menos 25 por 1.000 nascidos vivos<\/p>\n\n\n\n<p><strong>3.3<\/strong>&nbsp;At\u00e9 2030, acabar com as epidemias de AIDS, tuberculose, mal\u00e1ria e doen\u00e7as tropicais negligenciadas, e combater a hepatite, doen\u00e7as transmitidas pela \u00e1gua, e outras doen\u00e7as transmiss\u00edveis<\/p>\n\n\n\n<p><strong>3.4<\/strong>&nbsp;At\u00e9 2030, reduzir em um ter\u00e7o a mortalidade prematura por doen\u00e7as n\u00e3o transmiss\u00edveis via preven\u00e7\u00e3o e tratamento, e promover a sa\u00fade mental e o bem-estar<\/p>\n\n\n\n<p><strong>3.5<\/strong>&nbsp;Refor\u00e7ar a preven\u00e7\u00e3o e o tratamento do abuso de subst\u00e2ncias, incluindo o abuso de drogas entorpecentes e uso nocivo do \u00e1lcool<\/p>\n\n\n\n<p><strong>3.6<\/strong>&nbsp;At\u00e9 2020, reduzir pela metade as mortes e os ferimentos globais por acidentes em estradas<\/p>\n\n\n\n<p><strong>3.7&nbsp;<\/strong>At\u00e9 2030, assegurar o acesso universal aos servi\u00e7os de sa\u00fade sexual e reprodutiva, incluindo o planejamento familiar, informa\u00e7\u00e3o e educa\u00e7\u00e3o, bem como a integra\u00e7\u00e3o da sa\u00fade reprodutiva em estrat\u00e9gias e programas nacionais<\/p>\n\n\n\n<p><strong>3.8&nbsp;<\/strong>Atingir a cobertura universal de sa\u00fade, incluindo a prote\u00e7\u00e3o do risco financeiro, o acesso a servi\u00e7os de sa\u00fade essenciais de qualidade e o acesso a medicamentos e vacinas essenciais seguros, eficazes, de qualidade e a pre\u00e7os acess\u00edveis para todos<\/p>\n\n\n\n<p><strong>3.9&nbsp;<\/strong>At\u00e9 2030, reduzir substancialmente o n\u00famero de mortes e doen\u00e7as por produtos qu\u00edmicos perigosos, contamina\u00e7\u00e3o e polui\u00e7\u00e3o do ar e \u00e1gua do solo<\/p>\n\n\n\n<p><strong>3.a&nbsp;<\/strong>Fortalecer a implementa\u00e7\u00e3o da Conven\u00e7\u00e3o-Quadro para o Controle do Tabaco em todos os pa\u00edses, conforme apropriado<\/p>\n\n\n\n<p><strong>3.b&nbsp;<\/strong>Apoiar a pesquisa e o desenvolvimento de vacinas e medicamentos para as doen\u00e7as transmiss\u00edveis e n\u00e3o transmiss\u00edveis, que afetam principalmente os pa\u00edses em desenvolvimento, proporcionar o acesso a medicamentos e vacinas essenciais a pre\u00e7os acess\u00edveis, de acordo com a Declara\u00e7\u00e3o de Doha, que afirma o direito dos pa\u00edses em desenvolvimento de utilizarem plenamente as disposi\u00e7\u00f5es do acordo TRIPS sobre flexibilidades para proteger a sa\u00fade p\u00fablica e, em particular, proporcionar o acesso a medicamentos para todos<\/p>\n\n\n\n<p><strong>3.c&nbsp;<\/strong>Aumentar substancialmente o financiamento da sa\u00fade e o recrutamento, desenvolvimento e forma\u00e7\u00e3o, e reten\u00e7\u00e3o do pessoal de sa\u00fade nos pa\u00edses em desenvolvimento, especialmente nos pa\u00edses menos desenvolvidos e nos pequenos Estados insulares em desenvolvimento<\/p>\n\n\n\n<p><strong>3.d&nbsp;<\/strong>Refor\u00e7ar a capacidade de todos os pa\u00edses, particularmente os pa\u00edses em desenvolvimento, para o alerta precoce, redu\u00e7\u00e3o de riscos e gerenciamento de riscos nacionais e globais de sa\u00fade<\/p>\n\n\n\n<p><\/p>\n","protected":false},"excerpt":{"rendered":"<p>A UFMG est\u00e1 em primeiro lugar no Brasil e entre as 10% melhores universidades do mundo em rela\u00e7\u00e3o ao seus esfor\u00e7os na \u00e1rea. S\u00e3o mais de 1700 profissionais de sa\u00fade empregados pela universidade. A UFMG oferece um Servi\u00e7o de Atendimento \u00e0 Sa\u00fade do Trabalhador, Atendimento Odontol\u00f3gico, Atendimentos em Hospitais, Plano de Sa\u00fade e o Programa [&hellip;]<\/p>\n","protected":false},"author":3,"featured_media":0,"parent":1845,"menu_order":0,"comment_status":"closed","ping_status":"closed","template":"","meta":{"_acf_changed":false,"footnotes":""},"class_list":["post-1857","page","type-page","status-publish","hentry"],"acf":[],"_links":{"self":[{"href":"https:\/\/www.ufmg.br\/sustentabilidade\/wp-json\/wp\/v2\/pages\/1857"}],"collection":[{"href":"https:\/\/www.ufmg.br\/sustentabilidade\/wp-json\/wp\/v2\/pages"}],"about":[{"href":"https:\/\/www.ufmg.br\/sustentabilidade\/wp-json\/wp\/v2\/types\/page"}],"author":[{"embeddable":true,"href":"https:\/\/www.ufmg.br\/sustentabilidade\/wp-json\/wp\/v2\/users\/3"}],"replies":[{"embeddable":true,"href":"https:\/\/www.ufmg.br\/sustentabilidade\/wp-json\/wp\/v2\/comments?post=1857"}],"version-history":[{"count":5,"href":"https:\/\/www.ufmg.br\/sustentabilidade\/wp-json\/wp\/v2\/pages\/1857\/revisions"}],"predecessor-version":[{"id":1996,"href":"https:\/\/www.ufmg.br\/sustentabilidade\/wp-json\/wp\/v2\/pages\/1857\/revisions\/1996"}],"up":[{"embeddable":true,"href":"https:\/\/www.ufmg.br\/sustentabilidade\/wp-json\/wp\/v2\/pages\/1845"}],"wp:attachment":[{"href":"https:\/\/www.ufmg.br\/sustentabilidade\/wp-json\/wp\/v2\/media?parent=1857"}],"curies":[{"name":"wp","href":"https:\/\/api.w.org\/{rel}","templated":true}]}}