{"id":1863,"date":"2025-06-12T13:40:12","date_gmt":"2025-06-12T16:40:12","guid":{"rendered":"https:\/\/www.ufmg.br\/sustentabilidade\/?page_id=1863"},"modified":"2025-07-16T13:16:38","modified_gmt":"2025-07-16T16:16:38","slug":"agua-potavel-e-saneamento","status":"publish","type":"page","link":"https:\/\/www.ufmg.br\/sustentabilidade\/ufmg-nos-ods\/agua-potavel-e-saneamento\/","title":{"rendered":"\u00c1gua Pot\u00e1vel e Saneamento"},"content":{"rendered":"\n<figure class=\"wp-block-image size-full is-resized\"><img loading=\"lazy\" decoding=\"async\" width=\"466\" height=\"466\" src=\"https:\/\/www.ufmg.br\/sustentabilidade\/wp-content\/uploads\/2025\/06\/image-5.png\" alt=\"\" class=\"wp-image-1938\" style=\"width:160px;height:auto\" srcset=\"https:\/\/www.ufmg.br\/sustentabilidade\/wp-content\/uploads\/2025\/06\/image-5.png 466w, https:\/\/www.ufmg.br\/sustentabilidade\/wp-content\/uploads\/2025\/06\/image-5-300x300.png 300w, https:\/\/www.ufmg.br\/sustentabilidade\/wp-content\/uploads\/2025\/06\/image-5-150x150.png 150w\" sizes=\"(max-width: 466px) 100vw, 466px\" \/><\/figure>\n\n\n\n<p><\/p>\n\n\n\n<p>A UFMG possui centros de pesquisa como o Instituto de Ci\u00eancias Biol\u00f3gicas e o Departamento de Engenharia que apresentam estudos nas \u00e1reas de saneamento b\u00e1sico e preserva\u00e7\u00e3o ambiental \u2013 e.g., desenvolvem projetos sobre tratamento de \u00e1gua, gest\u00e3o de recursos h\u00eddricos e saneamento b\u00e1sico. Igualmente, o Instituto de Ci\u00eancias Agron\u00f4micas tamb\u00e9m apresenta estudos sobre a manejo do solo com utiliza\u00e7\u00e3o eficiente da quantidade de recursos h\u00eddricos.<\/p>\n\n\n\n<p>A UFMG desenvolve os seguintes projetos alinhados ao Sexto ODS:<\/p>\n\n\n\n<p><a href=\"https:\/\/www.ufmg.br\/sustentabilidade\/projetos\/impacto-liquido-positivo\/\">Impacto L\u00edquido Positivo<\/a><\/p>\n\n\n\n<p><a href=\"https:\/\/www.ufmg.br\/sustentabilidade\/projetos\/edumite-educacao-mineracao-e-territorio\/\">EduMiTe (Educa\u00e7\u00e3o, Minera\u00e7\u00e3o e Territ\u00f3rio)<\/a><\/p>\n\n\n\n<p><a href=\"https:\/\/www.ufmg.br\/sustentabilidade\/projetos\/ciclo-aberto-aesap-avaliacao-de-ecoeficiencia-e-sustentabilidade-aplicada-a-projetos\/\">Ciclo Aberto AESAP \u2013 Avalia\u00e7\u00e3o de Ecoefici\u00eancia e Sustentabilidade Aplicada a Projetos<\/a><\/p>\n\n\n\n<p><a href=\"https:\/\/www.ufmg.br\/sustentabilidade\/projetos\/descarte-consciente-de-medicamentos-dia-d\/\">Descarte Consciente de Medicamentos \u2013 Dia D<\/a><\/p>\n\n\n\n<p><strong>Objetivo 6. Assegurar a disponibilidade e gest\u00e3o sustent\u00e1vel da \u00e1gua e saneamento para todas e todos<\/strong><\/p>\n\n\n\n<p><strong>6.1<\/strong>&nbsp;At\u00e9 2030, alcan\u00e7ar o acesso universal e equitativo a \u00e1gua pot\u00e1vel e segura para todos<\/p>\n\n\n\n<p><strong>6.2<\/strong>&nbsp;At\u00e9 2030, alcan\u00e7ar o acesso a saneamento e higiene adequados e equitativos para todos, e acabar com a defeca\u00e7\u00e3o a c\u00e9u aberto, com especial aten\u00e7\u00e3o para as necessidades das mulheres e meninas e daqueles em situa\u00e7\u00e3o de vulnerabilidade<\/p>\n\n\n\n<p><strong>6.3<\/strong>&nbsp;At\u00e9 2030, melhorar a qualidade da \u00e1gua, reduzindo a polui\u00e7\u00e3o, eliminando despejo e minimizando a libera\u00e7\u00e3o de produtos qu\u00edmicos e materiais perigosos, reduzindo \u00e0 metade a propor\u00e7\u00e3o de \u00e1guas residuais n\u00e3o tratadas e aumentando substancialmente a reciclagem e reutiliza\u00e7\u00e3o segura globalmente<\/p>\n\n\n\n<p><strong>6.4<\/strong>&nbsp;At\u00e9 2030, aumentar substancialmente a efici\u00eancia do uso da \u00e1gua em todos os setores e assegurar retiradas sustent\u00e1veis e o abastecimento de \u00e1gua doce para enfrentar a escassez de \u00e1gua, e reduzir substancialmente o n\u00famero de pessoas que sofrem com a escassez de \u00e1gua<\/p>\n\n\n\n<p><strong>6.5<\/strong>&nbsp;At\u00e9 2030, implementar a gest\u00e3o integrada dos recursos h\u00eddricos em todos os n\u00edveis, inclusive via coopera\u00e7\u00e3o transfronteiri\u00e7a, conforme apropriado<\/p>\n\n\n\n<p><strong>6.6<\/strong>&nbsp;At\u00e9 2020, proteger e restaurar ecossistemas relacionados com a \u00e1gua, incluindo montanhas, florestas, zonas \u00famidas, rios, aqu\u00edferos e lagos<\/p>\n\n\n\n<p><strong>6.a<\/strong>&nbsp;At\u00e9 2030, ampliar a coopera\u00e7\u00e3o internacional e o apoio \u00e0 capacita\u00e7\u00e3o para os pa\u00edses em desenvolvimento em atividades e programas relacionados \u00e0 \u00e1gua e saneamento, incluindo a coleta de \u00e1gua, a dessaliniza\u00e7\u00e3o, a efici\u00eancia no uso da \u00e1gua, o tratamento de efluentes, a reciclagem e as tecnologias de reuso<\/p>\n\n\n\n<p><strong>6.b<\/strong>&nbsp;Apoiar e fortalecer a participa\u00e7\u00e3o das comunidades locais, para melhorar a gest\u00e3o da \u00e1gua e do saneamento<\/p>\n","protected":false},"excerpt":{"rendered":"<p>A UFMG possui centros de pesquisa como o Instituto de Ci\u00eancias Biol\u00f3gicas e o Departamento de Engenharia que apresentam estudos nas \u00e1reas de saneamento b\u00e1sico e preserva\u00e7\u00e3o ambiental \u2013 e.g., desenvolvem projetos sobre tratamento de \u00e1gua, gest\u00e3o de recursos h\u00eddricos e saneamento b\u00e1sico. Igualmente, o Instituto de Ci\u00eancias Agron\u00f4micas tamb\u00e9m apresenta estudos sobre a manejo [&hellip;]<\/p>\n","protected":false},"author":3,"featured_media":0,"parent":1845,"menu_order":0,"comment_status":"closed","ping_status":"closed","template":"","meta":{"_acf_changed":false,"footnotes":""},"class_list":["post-1863","page","type-page","status-publish","hentry"],"acf":[],"_links":{"self":[{"href":"https:\/\/www.ufmg.br\/sustentabilidade\/wp-json\/wp\/v2\/pages\/1863"}],"collection":[{"href":"https:\/\/www.ufmg.br\/sustentabilidade\/wp-json\/wp\/v2\/pages"}],"about":[{"href":"https:\/\/www.ufmg.br\/sustentabilidade\/wp-json\/wp\/v2\/types\/page"}],"author":[{"embeddable":true,"href":"https:\/\/www.ufmg.br\/sustentabilidade\/wp-json\/wp\/v2\/users\/3"}],"replies":[{"embeddable":true,"href":"https:\/\/www.ufmg.br\/sustentabilidade\/wp-json\/wp\/v2\/comments?post=1863"}],"version-history":[{"count":3,"href":"https:\/\/www.ufmg.br\/sustentabilidade\/wp-json\/wp\/v2\/pages\/1863\/revisions"}],"predecessor-version":[{"id":2004,"href":"https:\/\/www.ufmg.br\/sustentabilidade\/wp-json\/wp\/v2\/pages\/1863\/revisions\/2004"}],"up":[{"embeddable":true,"href":"https:\/\/www.ufmg.br\/sustentabilidade\/wp-json\/wp\/v2\/pages\/1845"}],"wp:attachment":[{"href":"https:\/\/www.ufmg.br\/sustentabilidade\/wp-json\/wp\/v2\/media?parent=1863"}],"curies":[{"name":"wp","href":"https:\/\/api.w.org\/{rel}","templated":true}]}}