{"id":1865,"date":"2025-06-12T13:40:47","date_gmt":"2025-06-12T16:40:47","guid":{"rendered":"https:\/\/www.ufmg.br\/sustentabilidade\/?page_id=1865"},"modified":"2025-08-19T15:06:00","modified_gmt":"2025-08-19T18:06:00","slug":"energia-limpa-e-acessivel","status":"publish","type":"page","link":"https:\/\/www.ufmg.br\/sustentabilidade\/ufmg-nos-ods\/energia-limpa-e-acessivel\/","title":{"rendered":"Energia Acess\u00edvel e Limpa"},"content":{"rendered":"\n<figure class=\"wp-block-image size-full is-resized\"><img loading=\"lazy\" decoding=\"async\" width=\"466\" height=\"466\" src=\"https:\/\/www.ufmg.br\/sustentabilidade\/wp-content\/uploads\/2025\/06\/image-6.png\" alt=\"\" class=\"wp-image-1941\" style=\"width:158px;height:auto\" srcset=\"https:\/\/www.ufmg.br\/sustentabilidade\/wp-content\/uploads\/2025\/06\/image-6.png 466w, https:\/\/www.ufmg.br\/sustentabilidade\/wp-content\/uploads\/2025\/06\/image-6-300x300.png 300w, https:\/\/www.ufmg.br\/sustentabilidade\/wp-content\/uploads\/2025\/06\/image-6-150x150.png 150w\" sizes=\"(max-width: 466px) 100vw, 466px\" \/><\/figure>\n\n\n\n<p><\/p>\n\n\n\n<p>Em resposta ao aumento das despesas e \u00e0 necessidade de uma opera\u00e7\u00e3o mais sustent\u00e1vel, a UFMG implementou v\u00e1rias iniciativas de efici\u00eancia energ\u00e9tica, incluindo: 1. Projeto O\u00e1sis: Um projeto de Pesquisa e Desenvolvimento Institucional focado na gest\u00e3o energ\u00e9tica do Campus Pampulha, com metas de implementar novas tecnologias, reduzir custos e promover a sustentabilidade energ\u00e9tica. 2. Divis\u00e3o de Efici\u00eancia Energ\u00e9tica (DEFE): Criada dentro da Pr\u00f3-Reitoria de Administra\u00e7\u00e3o (PRA), a DEFE tem os seguintes objetivos: Elaborar um modelo de consumo de energia el\u00e9trica para simular o impacto de altera\u00e7\u00f5es de configura\u00e7\u00e3o energ\u00e9tica e padr\u00f5es de consumo; Implementar mecanismos de controle de consumo; Estudar e propor o uso de fontes alternativas de energia; Assessorar as unidades em a\u00e7\u00f5es de efici\u00eancia energ\u00e9tica; Identificar oportunidades de redu\u00e7\u00e3o de despesas com energia el\u00e9trica. Adequa\u00e7\u00e3o ao Decreto n\u00ba 8.540\/2015 A cria\u00e7\u00e3o da DEFE e outras a\u00e7\u00f5es adotadas pela UFMG est\u00e3o em conformidade com o Art. 4\u00ba do Decreto n\u00ba 8.540\/2015, que exige:\u00a0An\u00e1lise da adequa\u00e7\u00e3o da demanda contratada e do enquadramento tarif\u00e1rio.\u00a0 Manuten\u00e7\u00e3o de controle permanente do consumo e da tarifa\u00e7\u00e3o horo sazonal.\u00a0 Viabilidade de migra\u00e7\u00e3o para a m\u00e9dia tens\u00e3o, quando aplic\u00e1vel.\u00a0Implementa\u00e7\u00e3o de a\u00e7\u00f5es para reduzir o consumo de energia, especialmente no hor\u00e1rio de ponta.\u00a0Redu\u00e7\u00e3o do consumo de energia reativa para manter o fator de pot\u00eancia adequado. Medidas Adicionais e Monitoramento Devido \u00e0 escassez h\u00eddrica e ao risco de desabastecimento el\u00e9trico em 2021, a UFMG criou a Comiss\u00e3o Interna de Conserva\u00e7\u00e3o de Energia. Esta comiss\u00e3o assessora a Administra\u00e7\u00e3o na ado\u00e7\u00e3o de medidas para redu\u00e7\u00e3o do consumo de energia el\u00e9trica. Em 2022, foi lan\u00e7ada uma campanha de conserva\u00e7\u00e3o de energia, cujos resultados est\u00e3o sendo monitorados pela DEFE. <\/p>\n\n\n\n<p>A UFMG tamb\u00e9m desenvolve o Milhagem UFMG e o Verde. Milhagem UFMG \u00e9 um projeto de ensino da Universidade Federal de Minas Gerais que tem como objetivo desenvolver prot\u00f3tipos de elevado n\u00edvel de efici\u00eancia energ\u00e9tica, percorrendo a maior dist\u00e2ncia poss\u00edvel a partir de um consumo m\u00ednimo de energia. Atualmente, a equipe \u00e9 composta por alunos de gradua\u00e7\u00e3o em Engenharia Mec\u00e2nica, El\u00e9trica e de Controle de Automa\u00e7\u00e3o, al\u00e9m de estudantes de Jornalismo e de Publicidade e Propaganda. J\u00e1 o Verde \u00e9 uma iniciativa coordenada pela Funda\u00e7\u00e3o de Desenvolvimento da Pesquisa (<a href=\"https:\/\/www.fundep.ufmg.br\/\">Fundep<\/a>) e pela Universidade Federal de Minas Gerais (<a href=\"https:\/\/ufmg.br\/\">UFMG<\/a>) que atua nos eixos tem\u00e1ticos de gera\u00e7\u00e3o de energia verde, tecnologias de armazenamento,\u00a0smart\u00a0grid e gest\u00e3o de redes e mobilidade el\u00e9trica.<\/p>\n\n\n\n<p>A UFMG desenvolve os seguintes projetos alinhados ao S\u00e9timo ODS:<\/p>\n\n\n\n<p><a href=\"https:\/\/www.ufmg.br\/sustentabilidade\/projetos\/impacto-liquido-positivo\/\">Impacto L\u00edquido Positivo<\/a><\/p>\n\n\n\n<p><a href=\"https:\/\/www.ufmg.br\/sustentabilidade\/projetos\/especializacao-em-fontes-renovaveis-de-energia-geracao-operacao-e-integracao\/\">Especializa\u00e7\u00e3o em Fontes Renov\u00e1veis de Energia: Gera\u00e7\u00e3o, Opera\u00e7\u00e3o e Integra\u00e7\u00e3o<\/a><\/p>\n\n\n\n<p><a href=\"https:\/\/www.ufmg.br\/sustentabilidade\/projetos\/ciclo-aberto-aesap-avaliacao-de-ecoeficiencia-e-sustentabilidade-aplicada-a-projetos\/\">Ciclo Aberto AESAP \u2013 Avalia\u00e7\u00e3o de Ecoefici\u00eancia e Sustentabilidade Aplicada a Projetos<\/a><\/p>\n\n\n\n<p><a href=\"https:\/\/www.ufmg.br\/sustentabilidade\/projetos\/separacao-de-co2-do-gas-natural-usando-membranas-de-matriz-mista\/\">Separa\u00e7\u00e3o de CO2 do g\u00e1s natural usando membranas de matriz mista<\/a><\/p>\n\n\n\n<p><strong>Objetivo 7. Assegurar o acesso confi\u00e1vel, sustent\u00e1vel, moderno e a pre\u00e7o acess\u00edvel \u00e0 energia para todas e todos<\/strong><\/p>\n\n\n\n<p><strong>7.1&nbsp;<\/strong>At\u00e9 2030, assegurar o acesso universal, confi\u00e1vel, moderno e a pre\u00e7os acess\u00edveis a servi\u00e7os de energia<\/p>\n\n\n\n<p><strong>7.2<\/strong>&nbsp;At\u00e9 2030, aumentar substancialmente a participa\u00e7\u00e3o de energias renov\u00e1veis na matriz energ\u00e9tica global<\/p>\n\n\n\n<p><strong>7.3<\/strong>&nbsp;At\u00e9 2030, dobrar a taxa global de melhoria da efici\u00eancia energ\u00e9tica<\/p>\n\n\n\n<p><strong>7.a<\/strong>&nbsp;At\u00e9 2030, refor\u00e7ar a coopera\u00e7\u00e3o internacional para facilitar o acesso a pesquisa e tecnologias de energia limpa, incluindo energias renov\u00e1veis, efici\u00eancia energ\u00e9tica e tecnologias de combust\u00edveis f\u00f3sseis avan\u00e7adas e mais limpas, e promover o investimento em infraestrutura de energia e em tecnologias de energia limpa<\/p>\n\n\n\n<p><strong>7.b<\/strong>&nbsp;At\u00e9 2030, expandir a infraestrutura e modernizar a tecnologia para o fornecimento de servi\u00e7os de energia modernos e sustent\u00e1veis para todos nos pa\u00edses em desenvolvimento, particularmente nos pa\u00edses menos desenvolvidos, nos pequenos Estados insulares em desenvolvimento e nos pa\u00edses em desenvolvimento sem litoral, de acordo com seus respectivos programas de apoio<\/p>\n\n\n\n<p><\/p>\n","protected":false},"excerpt":{"rendered":"<p>Em resposta ao aumento das despesas e \u00e0 necessidade de uma opera\u00e7\u00e3o mais sustent\u00e1vel, a UFMG implementou v\u00e1rias iniciativas de efici\u00eancia energ\u00e9tica, incluindo: 1. Projeto O\u00e1sis: Um projeto de Pesquisa e Desenvolvimento Institucional focado na gest\u00e3o energ\u00e9tica do Campus Pampulha, com metas de implementar novas tecnologias, reduzir custos e promover a sustentabilidade energ\u00e9tica. 2. Divis\u00e3o [&hellip;]<\/p>\n","protected":false},"author":3,"featured_media":0,"parent":1845,"menu_order":0,"comment_status":"closed","ping_status":"closed","template":"","meta":{"_acf_changed":false,"footnotes":""},"class_list":["post-1865","page","type-page","status-publish","hentry"],"acf":[],"_links":{"self":[{"href":"https:\/\/www.ufmg.br\/sustentabilidade\/wp-json\/wp\/v2\/pages\/1865"}],"collection":[{"href":"https:\/\/www.ufmg.br\/sustentabilidade\/wp-json\/wp\/v2\/pages"}],"about":[{"href":"https:\/\/www.ufmg.br\/sustentabilidade\/wp-json\/wp\/v2\/types\/page"}],"author":[{"embeddable":true,"href":"https:\/\/www.ufmg.br\/sustentabilidade\/wp-json\/wp\/v2\/users\/3"}],"replies":[{"embeddable":true,"href":"https:\/\/www.ufmg.br\/sustentabilidade\/wp-json\/wp\/v2\/comments?post=1865"}],"version-history":[{"count":5,"href":"https:\/\/www.ufmg.br\/sustentabilidade\/wp-json\/wp\/v2\/pages\/1865\/revisions"}],"predecessor-version":[{"id":2006,"href":"https:\/\/www.ufmg.br\/sustentabilidade\/wp-json\/wp\/v2\/pages\/1865\/revisions\/2006"}],"up":[{"embeddable":true,"href":"https:\/\/www.ufmg.br\/sustentabilidade\/wp-json\/wp\/v2\/pages\/1845"}],"wp:attachment":[{"href":"https:\/\/www.ufmg.br\/sustentabilidade\/wp-json\/wp\/v2\/media?parent=1865"}],"curies":[{"name":"wp","href":"https:\/\/api.w.org\/{rel}","templated":true}]}}