{"id":1867,"date":"2025-06-12T13:41:21","date_gmt":"2025-06-12T16:41:21","guid":{"rendered":"https:\/\/www.ufmg.br\/sustentabilidade\/?page_id=1867"},"modified":"2025-07-17T11:04:02","modified_gmt":"2025-07-17T14:04:02","slug":"trabalho-decente-e-crescimento-economico","status":"publish","type":"page","link":"https:\/\/www.ufmg.br\/sustentabilidade\/ufmg-nos-ods\/trabalho-decente-e-crescimento-economico\/","title":{"rendered":"Trabalho Decente e Crescimento Econ\u00f4mico"},"content":{"rendered":"\n<figure class=\"wp-block-image size-full is-resized\"><img loading=\"lazy\" decoding=\"async\" width=\"466\" height=\"466\" src=\"https:\/\/www.ufmg.br\/sustentabilidade\/wp-content\/uploads\/2025\/06\/image-7.png\" alt=\"\" class=\"wp-image-1944\" style=\"width:160px;height:auto\" srcset=\"https:\/\/www.ufmg.br\/sustentabilidade\/wp-content\/uploads\/2025\/06\/image-7.png 466w, https:\/\/www.ufmg.br\/sustentabilidade\/wp-content\/uploads\/2025\/06\/image-7-300x300.png 300w, https:\/\/www.ufmg.br\/sustentabilidade\/wp-content\/uploads\/2025\/06\/image-7-150x150.png 150w\" sizes=\"(max-width: 466px) 100vw, 466px\" \/><\/figure>\n\n\n\n<p><\/p>\n\n\n\n<p>Em rela\u00e7\u00e3o ao Oitavo ODS, o desempenho da UFMG a coloca entre as 10% melhores universidades do mundo. Mais de 9 mil alunos desenvolvem atividades profissionais na UFMG. Ademais, a Cl\u00ednica de Trabalho Escravo e Tr\u00e1fico de Pessoas da UFMG faz parte de uma experi\u00eancia pioneira na forma\u00e7\u00e3o de um sistema internacional de Cl\u00ednicas de Direito. Visando a cumprir o trip\u00e9 da educa\u00e7\u00e3o superior brasileira, a Cl\u00ednica se baseia em tr\u00eas eixos indissoci\u00e1veis: ensino, pesquisa e extens\u00e3o. O projeto atende v\u00edtimas de trabalho escravo e tr\u00e1fico de pessoas, prestando assist\u00eancia jur\u00eddica integral e gratuita.\u00a0<\/p>\n\n\n\n<p>A UFMG desenvolve os seguintes projetos alinhados ao Oitavo ODS:<\/p>\n\n\n\n<p><a href=\"https:\/\/www.ufmg.br\/sustentabilidade\/projetos\/quem-quer-pod\/\">\u201cQUEM QUER POD?\u201d<\/a><\/p>\n\n\n\n<p><strong>Objetivo 8. Promover o crescimento econ\u00f4mico sustentado, inclusivo e sustent\u00e1vel, emprego pleno e produtivo e trabalho decente para todas e todos<\/strong><\/p>\n\n\n\n<p><strong>8.1<\/strong>&nbsp;Sustentar o crescimento econ\u00f4mico per capita de acordo com as circunst\u00e2ncias nacionais e, em particular, um crescimento anual de pelo menos 7% do produto interno bruto [PIB] nos pa\u00edses menos desenvolvidos<\/p>\n\n\n\n<p><strong>8.2<\/strong>&nbsp;Atingir n\u00edveis mais elevados de produtividade das economias por meio da diversifica\u00e7\u00e3o, moderniza\u00e7\u00e3o tecnol\u00f3gica e inova\u00e7\u00e3o, inclusive por meio de um foco em setores de alto valor agregado e dos setores intensivos em m\u00e3o de obra<\/p>\n\n\n\n<p><strong>8.3<\/strong>&nbsp;Promover pol\u00edticas orientadas para o desenvolvimento que apoiem as atividades produtivas, gera\u00e7\u00e3o de emprego decente, empreendedorismo, criatividade e inova\u00e7\u00e3o, e incentivar a formaliza\u00e7\u00e3o e o crescimento das micro, pequenas e m\u00e9dias empresas, inclusive por meio do acesso a servi\u00e7os financeiros<\/p>\n\n\n\n<p><strong>8.4<\/strong>&nbsp;Melhorar progressivamente, at\u00e9 2030, a efici\u00eancia dos recursos globais no consumo e na produ\u00e7\u00e3o, e empenhar-se para dissociar o crescimento econ\u00f4mico da degrada\u00e7\u00e3o ambiental, de acordo com o Plano Decenal de Programas sobre Produ\u00e7\u00e3o e Consumo Sustent\u00e1veis, com os pa\u00edses desenvolvidos assumindo a lideran\u00e7a<\/p>\n\n\n\n<p><strong>8.5<\/strong>&nbsp;At\u00e9 2030, alcan\u00e7ar o emprego pleno e produtivo e trabalho decente para todas as mulheres e homens, inclusive para os jovens e as pessoas com defici\u00eancia, e remunera\u00e7\u00e3o igual para trabalho de igual valor<\/p>\n\n\n\n<p><strong>8.6<\/strong>&nbsp;At\u00e9 2020, reduzir substancialmente a propor\u00e7\u00e3o de jovens sem emprego, educa\u00e7\u00e3o ou forma\u00e7\u00e3o<\/p>\n\n\n\n<p><strong>8.7<\/strong>&nbsp;Tomar medidas imediatas e eficazes para erradicar o trabalho for\u00e7ado, acabar com a escravid\u00e3o moderna e o tr\u00e1fico de pessoas, e assegurar a proibi\u00e7\u00e3o e elimina\u00e7\u00e3o das piores formas de trabalho infantil, incluindo recrutamento e utiliza\u00e7\u00e3o de crian\u00e7as-soldado, e at\u00e9 2025 acabar com o trabalho infantil em todas as suas formas<\/p>\n\n\n\n<p><strong>8.8<\/strong>&nbsp;Proteger os direitos trabalhistas e promover ambientes de trabalho seguros e protegidos para todos os trabalhadores, incluindo os trabalhadores migrantes, em particular as mulheres migrantes, e pessoas em empregos prec\u00e1rios<\/p>\n\n\n\n<p><strong>8.9&nbsp;<\/strong>At\u00e9 2030, elaborar e implementar pol\u00edticas para promover o turismo sustent\u00e1vel, que gera empregos e promove a cultura e os produtos locais<\/p>\n\n\n\n<p><strong>8.10<\/strong>&nbsp;Fortalecer a capacidade das institui\u00e7\u00f5es financeiras nacionais para incentivar a expans\u00e3o do acesso aos servi\u00e7os banc\u00e1rios, de seguros e financeiros para todos<\/p>\n\n\n\n<p><strong>8.a<\/strong>&nbsp;Aumentar o apoio da Iniciativa de Ajuda para o Com\u00e9rcio [Aid for Trade] para os pa\u00edses em desenvolvimento, particularmente os pa\u00edses menos desenvolvidos, inclusive por meio do Quadro Integrado Refor\u00e7ado para a Assist\u00eancia T\u00e9cnica Relacionada com o Com\u00e9rcio para os pa\u00edses menos desenvolvidos<\/p>\n\n\n\n<p><strong>8.b<\/strong>&nbsp;At\u00e9 2020, desenvolver e operacionalizar uma estrat\u00e9gia global para o emprego dos jovens e implementar o Pacto Mundial para o Emprego da Organiza\u00e7\u00e3o Internacional do Trabalho [OIT]<\/p>\n","protected":false},"excerpt":{"rendered":"<p>Em rela\u00e7\u00e3o ao Oitavo ODS, o desempenho da UFMG a coloca entre as 10% melhores universidades do mundo. Mais de 9 mil alunos desenvolvem atividades profissionais na UFMG. Ademais, a Cl\u00ednica de Trabalho Escravo e Tr\u00e1fico de Pessoas da UFMG faz parte de uma experi\u00eancia pioneira na forma\u00e7\u00e3o de um sistema internacional de Cl\u00ednicas de [&hellip;]<\/p>\n","protected":false},"author":3,"featured_media":0,"parent":1845,"menu_order":0,"comment_status":"closed","ping_status":"closed","template":"","meta":{"_acf_changed":false,"footnotes":""},"class_list":["post-1867","page","type-page","status-publish","hentry"],"acf":[],"_links":{"self":[{"href":"https:\/\/www.ufmg.br\/sustentabilidade\/wp-json\/wp\/v2\/pages\/1867"}],"collection":[{"href":"https:\/\/www.ufmg.br\/sustentabilidade\/wp-json\/wp\/v2\/pages"}],"about":[{"href":"https:\/\/www.ufmg.br\/sustentabilidade\/wp-json\/wp\/v2\/types\/page"}],"author":[{"embeddable":true,"href":"https:\/\/www.ufmg.br\/sustentabilidade\/wp-json\/wp\/v2\/users\/3"}],"replies":[{"embeddable":true,"href":"https:\/\/www.ufmg.br\/sustentabilidade\/wp-json\/wp\/v2\/comments?post=1867"}],"version-history":[{"count":4,"href":"https:\/\/www.ufmg.br\/sustentabilidade\/wp-json\/wp\/v2\/pages\/1867\/revisions"}],"predecessor-version":[{"id":2007,"href":"https:\/\/www.ufmg.br\/sustentabilidade\/wp-json\/wp\/v2\/pages\/1867\/revisions\/2007"}],"up":[{"embeddable":true,"href":"https:\/\/www.ufmg.br\/sustentabilidade\/wp-json\/wp\/v2\/pages\/1845"}],"wp:attachment":[{"href":"https:\/\/www.ufmg.br\/sustentabilidade\/wp-json\/wp\/v2\/media?parent=1867"}],"curies":[{"name":"wp","href":"https:\/\/api.w.org\/{rel}","templated":true}]}}