{"id":1873,"date":"2025-06-12T13:43:17","date_gmt":"2025-06-12T16:43:17","guid":{"rendered":"https:\/\/www.ufmg.br\/sustentabilidade\/?page_id=1873"},"modified":"2025-07-17T11:23:29","modified_gmt":"2025-07-17T14:23:29","slug":"cidades-e-comunidades-sustentaveis","status":"publish","type":"page","link":"https:\/\/www.ufmg.br\/sustentabilidade\/ufmg-nos-ods\/cidades-e-comunidades-sustentaveis\/","title":{"rendered":"Cidades e Comunidades Sustent\u00e1veis"},"content":{"rendered":"\n<figure class=\"wp-block-image size-full is-resized\"><img loading=\"lazy\" decoding=\"async\" width=\"466\" height=\"466\" src=\"https:\/\/www.ufmg.br\/sustentabilidade\/wp-content\/uploads\/2025\/06\/image-10.png\" alt=\"\" class=\"wp-image-1954\" style=\"width:154px;height:auto\" srcset=\"https:\/\/www.ufmg.br\/sustentabilidade\/wp-content\/uploads\/2025\/06\/image-10.png 466w, https:\/\/www.ufmg.br\/sustentabilidade\/wp-content\/uploads\/2025\/06\/image-10-300x300.png 300w, https:\/\/www.ufmg.br\/sustentabilidade\/wp-content\/uploads\/2025\/06\/image-10-150x150.png 150w\" sizes=\"(max-width: 466px) 100vw, 466px\" \/><\/figure>\n\n\n\n<p><\/p>\n\n\n\n<p>A UFMG est\u00e1 comprometida com o ODS 11, que visa tornar as cidades e comunidades mais inclusivas, seguras, resilientes e sustent\u00e1veis. Diversas iniciativas e pesquisas t\u00eam sido realizadas para promover a sustentabilidade urbana, incluindo: Mobilidade Urbana Sustent\u00e1vel: A UFMG est\u00e1 envolvida em projetos de mobilidade urbana que visam reduzir a depend\u00eancia de ve\u00edculos individuais e promover o uso de transportes coletivos e alternativos. Um exemplo \u00e9 a pesquisa sobre a matriz de origem-destino de passageiros, que analisou a redu\u00e7\u00e3o do uso de \u00f4nibus em Belo Horizonte e os impactos ambientais resultantes. A universidade defende um modelo de mobilidade urbana sustent\u00e1vel que inclui transporte p\u00fablico de qualidade, ciclovias, e o uso de ve\u00edculos el\u00e9tricos e compartilhados.<\/p>\n\n\n\n<p>A UFMG operacionaliza um Programa de Moradias e uma Esta\u00e7\u00e3o Ecol\u00f3gica, al\u00e9m de promover um Sistema de Bibliotecas, uma Rede de Museus, Transporte Interno Gratuito, um Plano de Acessibilidade Espacial e uma P\u00f3s-Gradua\u00e7\u00e3o em Sustentabilidade.\u00a0Ademais, a UFMG tamb\u00e9m desenvolve um envolvimento entre a comunidade universit\u00e1ria, servidores das prefeituras, entidades do terceiro setor e comunidades vulner\u00e1veis aos efeitos das mudan\u00e7as clim\u00e1ticas locais no planejamento de processos participativos para melhoria da sustentabilidade urbana, educa\u00e7\u00e3o ambiental e a\u00e7\u00f5es para solu\u00e7\u00e3o de problemas locais atrav\u00e9s do programa COMpasso. <\/p>\n\n\n\n<p>A UFMG desenvolve os seguintes projetos alinhados ao 11\u00ba ODS:<\/p>\n\n\n\n<p><a href=\"https:\/\/www.ufmg.br\/sustentabilidade\/projetos\/cozinha-ambiental\/\">Cozinha Ambiental&nbsp;<\/a><\/p>\n\n\n\n<p><a href=\"https:\/\/www.ufmg.br\/sustentabilidade\/projetos\/impacto-liquido-positivo\/\">Impacto L\u00edquido Positivo<\/a><\/p>\n\n\n\n<p><a href=\"https:\/\/www.ufmg.br\/sustentabilidade\/projetos\/reciclagem-urbana-educando-para-transformar\/\">Reciclagem urbana \u2013 Educando para transformar<\/a><\/p>\n\n\n\n<p><a href=\"https:\/\/www.ufmg.br\/sustentabilidade\/projetos\/ciclo-aberto-aesap-avaliacao-de-ecoeficiencia-e-sustentabilidade-aplicada-a-projetos\/\">Ciclo Aberto AESAP \u2013 Avalia\u00e7\u00e3o de Ecoefici\u00eancia e Sustentabilidade Aplicada a Projetos<\/a><\/p>\n\n\n\n<p><a href=\"https:\/\/www.ufmg.br\/sustentabilidade\/projetos\/enactus-ufmg\/\">Enactus UFMG<\/a><\/p>\n\n\n\n<p><a href=\"https:\/\/www.ufmg.br\/sustentabilidade\/projetos\/mudancas-juridicas-na-litigancia-climatica-brasileira\/\">Mudan\u00e7as jur\u00eddicas na litig\u00e2ncia clim\u00e1tica brasileira<\/a><\/p>\n\n\n\n<p><strong>Objetivo 11. Tornar as cidades e os assentamentos humanos inclusivos, seguros, resilientes e sustent\u00e1veis<\/strong><\/p>\n\n\n\n<p><strong>11.1&nbsp;<\/strong>At\u00e9 2030, garantir o acesso de todos \u00e0 habita\u00e7\u00e3o segura, adequada e a pre\u00e7o acess\u00edvel, e aos servi\u00e7os b\u00e1sicos e urbanizar as favelas<\/p>\n\n\n\n<p><strong>11.2<\/strong>&nbsp;At\u00e9 2030, proporcionar o acesso a sistemas de transporte seguros, acess\u00edveis, sustent\u00e1veis e a pre\u00e7o acess\u00edvel para todos, melhorando a seguran\u00e7a rodovi\u00e1ria por meio da expans\u00e3o dos transportes p\u00fablicos, com especial aten\u00e7\u00e3o para as necessidades das pessoas em situa\u00e7\u00e3o de vulnerabilidade, mulheres, crian\u00e7as, pessoas com defici\u00eancia e idosos<\/p>\n\n\n\n<p><strong>11.3&nbsp;<\/strong>At\u00e9 2030, aumentar a urbaniza\u00e7\u00e3o inclusiva e sustent\u00e1vel, e as capacidades para o planejamento e gest\u00e3o de assentamentos humanos participativos, integrados e sustent\u00e1veis, em todos os pa\u00edses<\/p>\n\n\n\n<p><strong>11.4<\/strong>&nbsp;Fortalecer esfor\u00e7os para proteger e salvaguardar o patrim\u00f4nio cultural e natural do mundo<\/p>\n\n\n\n<p><strong>11.5<\/strong>&nbsp;At\u00e9 2030, reduzir significativamente o n\u00famero de mortes e o n\u00famero de pessoas afetadas por cat\u00e1strofes e substancialmente diminuir as perdas econ\u00f4micas diretas causadas por elas em rela\u00e7\u00e3o ao produto interno bruto global, incluindo os desastres relacionados \u00e0 \u00e1gua, com o foco em proteger os pobres e as pessoas em situa\u00e7\u00e3o de vulnerabilidade<\/p>\n\n\n\n<p><strong>11.6<\/strong>&nbsp;At\u00e9 2030, reduzir o impacto ambiental negativo per capita das cidades, inclusive prestando especial aten\u00e7\u00e3o \u00e0 qualidade do ar, gest\u00e3o de res\u00edduos municipais e outros<\/p>\n\n\n\n<p><strong>11.7<\/strong>&nbsp;At\u00e9 2030, proporcionar o acesso universal a espa\u00e7os p\u00fablicos seguros, inclusivos, acess\u00edveis e verdes, particularmente para as mulheres e crian\u00e7as, pessoas idosas e pessoas com defici\u00eancia<\/p>\n\n\n\n<p><strong>11.a&nbsp;<\/strong>Apoiar rela\u00e7\u00f5es econ\u00f4micas, sociais e ambientais positivas entre \u00e1reas urbanas, periurbanas e rurais, refor\u00e7ando o planejamento nacional e regional de desenvolvimento<\/p>\n\n\n\n<p><strong>11.b<\/strong>&nbsp;At\u00e9 2020, aumentar substancialmente o n\u00famero de cidades e assentamentos humanos adotando e implementando pol\u00edticas e planos integrados para a inclus\u00e3o, a efici\u00eancia dos recursos, mitiga\u00e7\u00e3o e adapta\u00e7\u00e3o \u00e0s mudan\u00e7as clim\u00e1ticas, a resili\u00eancia a desastres; e desenvolver e implementar, de acordo com o Marco de Sendai para a Redu\u00e7\u00e3o do Risco de Desastres 2015-2030, o gerenciamento hol\u00edstico do risco de desastres em todos os n\u00edveis<\/p>\n\n\n\n<p><strong>11.c&nbsp;<\/strong>Apoiar os pa\u00edses menos desenvolvidos, inclusive por meio de assist\u00eancia t\u00e9cnica e financeira, para constru\u00e7\u00f5es sustent\u00e1veis e resilientes, utilizando materiais locais<br><span id=\"docs-internal-guid-75446029-7fff-98c4-23dd-94eb4a03d421\"><div><span style=\"font-size: 12pt; font-family: Calibri, sans-serif; background-color: transparent; font-variant-numeric: normal; font-variant-east-asian: normal; font-variant-alternates: normal; font-variant-position: normal; font-variant-emoji: normal; vertical-align: baseline;\"><\/span><\/div><\/span><\/p>\n","protected":false},"excerpt":{"rendered":"<p>A UFMG est\u00e1 comprometida com o ODS 11, que visa tornar as cidades e comunidades mais inclusivas, seguras, resilientes e sustent\u00e1veis. Diversas iniciativas e pesquisas t\u00eam sido realizadas para promover a sustentabilidade urbana, incluindo: Mobilidade Urbana Sustent\u00e1vel: A UFMG est\u00e1 envolvida em projetos de mobilidade urbana que visam reduzir a depend\u00eancia de ve\u00edculos individuais e [&hellip;]<\/p>\n","protected":false},"author":3,"featured_media":0,"parent":1845,"menu_order":0,"comment_status":"closed","ping_status":"closed","template":"","meta":{"_acf_changed":false,"footnotes":""},"class_list":["post-1873","page","type-page","status-publish","hentry"],"acf":[],"_links":{"self":[{"href":"https:\/\/www.ufmg.br\/sustentabilidade\/wp-json\/wp\/v2\/pages\/1873"}],"collection":[{"href":"https:\/\/www.ufmg.br\/sustentabilidade\/wp-json\/wp\/v2\/pages"}],"about":[{"href":"https:\/\/www.ufmg.br\/sustentabilidade\/wp-json\/wp\/v2\/types\/page"}],"author":[{"embeddable":true,"href":"https:\/\/www.ufmg.br\/sustentabilidade\/wp-json\/wp\/v2\/users\/3"}],"replies":[{"embeddable":true,"href":"https:\/\/www.ufmg.br\/sustentabilidade\/wp-json\/wp\/v2\/comments?post=1873"}],"version-history":[{"count":4,"href":"https:\/\/www.ufmg.br\/sustentabilidade\/wp-json\/wp\/v2\/pages\/1873\/revisions"}],"predecessor-version":[{"id":2012,"href":"https:\/\/www.ufmg.br\/sustentabilidade\/wp-json\/wp\/v2\/pages\/1873\/revisions\/2012"}],"up":[{"embeddable":true,"href":"https:\/\/www.ufmg.br\/sustentabilidade\/wp-json\/wp\/v2\/pages\/1845"}],"wp:attachment":[{"href":"https:\/\/www.ufmg.br\/sustentabilidade\/wp-json\/wp\/v2\/media?parent=1873"}],"curies":[{"name":"wp","href":"https:\/\/api.w.org\/{rel}","templated":true}]}}