{"id":1877,"date":"2025-06-13T09:55:15","date_gmt":"2025-06-13T12:55:15","guid":{"rendered":"https:\/\/www.ufmg.br\/sustentabilidade\/?page_id=1877"},"modified":"2025-07-17T11:33:29","modified_gmt":"2025-07-17T14:33:29","slug":"acao-contra-a-mudanca-global-do-clima","status":"publish","type":"page","link":"https:\/\/www.ufmg.br\/sustentabilidade\/ufmg-nos-ods\/acao-contra-a-mudanca-global-do-clima\/","title":{"rendered":"A\u00e7\u00e3o contra a mudan\u00e7a global do clima"},"content":{"rendered":"\n<figure class=\"wp-block-image size-full is-resized\"><img loading=\"lazy\" decoding=\"async\" width=\"466\" height=\"466\" src=\"https:\/\/www.ufmg.br\/sustentabilidade\/wp-content\/uploads\/2025\/06\/image-12.png\" alt=\"\" class=\"wp-image-1960\" style=\"width:166px;height:auto\" srcset=\"https:\/\/www.ufmg.br\/sustentabilidade\/wp-content\/uploads\/2025\/06\/image-12.png 466w, https:\/\/www.ufmg.br\/sustentabilidade\/wp-content\/uploads\/2025\/06\/image-12-300x300.png 300w, https:\/\/www.ufmg.br\/sustentabilidade\/wp-content\/uploads\/2025\/06\/image-12-150x150.png 150w\" sizes=\"(max-width: 466px) 100vw, 466px\" \/><\/figure>\n\n\n\n<p><\/p>\n\n\n\n<p>No \u00e2mbito do ODS 13, a UFMG tem implementado diversas a\u00e7\u00f5es para mitigar efeitos da mudan\u00e7a clim\u00e1tica. A universidade participa ativamente de pesquisas sobre mudan\u00e7as clim\u00e1ticas e desenvolve projetos voltados para a mitiga\u00e7\u00e3o e adapta\u00e7\u00e3o aos impactos clim\u00e1ticos. Um exemplo \u00e9 o Projeto O\u00e1sis, que busca aprimorar a gest\u00e3o energ\u00e9tica do campus Pampulha por meio da implementa\u00e7\u00e3o de tecnologias de efici\u00eancia energ\u00e9tica e energias renov\u00e1veis. Este projeto n\u00e3o s\u00f3 visa reduzir o consumo de energia e as emiss\u00f5es de carbono, mas tamb\u00e9m educar a comunidade acad\u00eamica sobre pr\u00e1ticas sustent\u00e1veis. Al\u00e9m disso, a UFMG promove semin\u00e1rios, palestras e cursos sobre sustentabilidade e mudan\u00e7as clim\u00e1ticas, engajando estudantes, professores e a comunidade em discuss\u00f5es e a\u00e7\u00f5es pr\u00e1ticas para enfrentar os desafios clim\u00e1ticos. Outro exemplo \u00e9 O Projeto Brumadinho UFMG que tem como objetivo geral auxiliar o Ju\u00edzo da 2\u00aa Vara da Fazenda P\u00fablica da Comarca de Belo Horizonte por meio de estudos e pesquisas que permitam identificar e avaliar os impactos decorrentes do rompimento da Barragem I da Mina C\u00f3rrego do Feij\u00e3o.<\/p>\n\n\n\n<p>Ademais, o Laborat\u00f3rio de Ecologia Evolutiva e Biodiversidade desenvolve projetos de pesquisa em uma ampla variedade de temas dentro da ecologia, conserva\u00e7\u00e3o e restaura\u00e7\u00e3o ambiental. Projetos de longa dura\u00e7\u00e3o est\u00e3o centrados na investiga\u00e7\u00e3o de processos envolvidos na distribui\u00e7\u00e3o e manuten\u00e7\u00e3o da biodiversidade tropical. Com estudos observacionais e experimentais, em uma variedade de ambientes e sistemas de estudo, buscamos incorporar uma abordagem fortemente multidisciplinar, com intensa colabora\u00e7\u00e3o com pesquisadores e centros de pesquisa reconhecidamente competentes do Brasil e do mundo.<\/p>\n\n\n\n<p>Em 2023, a UFMG sediou o Congresso Internacional de Ci\u00eancia, Biodiversidade e Sustentabilidade (SciBioSus), que abordou temas como a prote\u00e7\u00e3o dos biomas, manuten\u00e7\u00e3o dos servi\u00e7os ecossist\u00eamicos e tecnologias verdes, refor\u00e7ando o compromisso da universidade com a sustentabilidade e a luta contra as mudan\u00e7as clim\u00e1ticas.&nbsp;<\/p>\n\n\n\n<p>A UFMG desenvolve os seguintes projetos alinhados ao 13\u00ba ODS:<\/p>\n\n\n\n<p><a href=\"https:\/\/www.ufmg.br\/sustentabilidade\/projetos\/impacto-liquido-positivo\/\">Impacto L\u00edquido Positivo<\/a><\/p>\n\n\n\n<p><a href=\"https:\/\/www.ufmg.br\/sustentabilidade\/projetos\/ciclo-aberto-aesap-avaliacao-de-ecoeficiencia-e-sustentabilidade-aplicada-a-projetos\/\">Ciclo Aberto AESAP \u2013 Avalia\u00e7\u00e3o de Ecoefici\u00eancia e Sustentabilidade Aplicada a Projetos<\/a><\/p>\n\n\n\n<p><a href=\"https:\/\/www.ufmg.br\/sustentabilidade\/projetos\/mudancas-juridicas-na-litigancia-climatica-brasileira\/\">Mudan\u00e7as jur\u00eddicas na litig\u00e2ncia clim\u00e1tica brasileira<\/a><\/p>\n\n\n\n<p><a href=\"https:\/\/www.ufmg.br\/sustentabilidade\/projetos\/descarte-consciente-de-medicamentos-dia-d\/\">Descarte Consciente de Medicamentos \u2013 Dia D<\/a><\/p>\n\n\n\n<p><a href=\"https:\/\/www.ufmg.br\/sustentabilidade\/projetos\/horto-do-igc\/\">Horto do IGC<\/a><\/p>\n\n\n\n<p><strong>Objetivo 13. Tomar medidas urgentes para combater a mudan\u00e7a clim\u00e1tica e seus impactos (*)<\/strong><\/p>\n\n\n\n<p><strong>13.1&nbsp;<\/strong>Refor\u00e7ar a resili\u00eancia e a capacidade de adapta\u00e7\u00e3o a riscos relacionados ao clima e \u00e0s cat\u00e1strofes naturais em todos os pa\u00edses<\/p>\n\n\n\n<p><strong>13.2<\/strong>&nbsp;Integrar medidas da mudan\u00e7a do clima nas pol\u00edticas, estrat\u00e9gias e planejamentos nacionais<\/p>\n\n\n\n<p><strong>13.3&nbsp;<\/strong>Melhorar a educa\u00e7\u00e3o, aumentar a conscientiza\u00e7\u00e3o e a capacidade humana e institucional sobre mitiga\u00e7\u00e3o, adapta\u00e7\u00e3o, redu\u00e7\u00e3o de impacto e alerta precoce da mudan\u00e7a do clima<\/p>\n\n\n\n<p><strong>13.a<\/strong>&nbsp;Implementar o compromisso assumido pelos pa\u00edses desenvolvidos partes da Conven\u00e7\u00e3o Quadro das Na\u00e7\u00f5es Unidas sobre Mudan\u00e7a do Clima [UNFCCC] para a meta de mobilizar conjuntamente US$ 100 bilh\u00f5es por ano a partir de 2020, de todas as fontes, para atender \u00e0s necessidades dos pa\u00edses em desenvolvimento, no contexto das a\u00e7\u00f5es de mitiga\u00e7\u00e3o significativas e transpar\u00eancia na implementa\u00e7\u00e3o; e operacionalizar plenamente o Fundo Verde para o Clima por meio de sua capitaliza\u00e7\u00e3o o mais cedo poss\u00edvel<\/p>\n\n\n\n<p><strong>13.b<\/strong>&nbsp;Promover mecanismos para a cria\u00e7\u00e3o de capacidades para o planejamento relacionado \u00e0 mudan\u00e7a do clima e \u00e0 gest\u00e3o eficaz, nos pa\u00edses menos desenvolvidos, inclusive com foco em mulheres, jovens, comunidades locais e marginalizadas<\/p>\n\n\n\n<p><em>(*) Reconhecendo que a Conven\u00e7\u00e3o Quadro das Na\u00e7\u00f5es Unidas sobre Mudan\u00e7a do Clima [UNFCCC] \u00e9 o f\u00f3rum internacional intergovernamental prim\u00e1rio para negociar a resposta global \u00e0 mudan\u00e7a do clima.<\/em><\/p>\n","protected":false},"excerpt":{"rendered":"<p>No \u00e2mbito do ODS 13, a UFMG tem implementado diversas a\u00e7\u00f5es para mitigar efeitos da mudan\u00e7a clim\u00e1tica. A universidade participa ativamente de pesquisas sobre mudan\u00e7as clim\u00e1ticas e desenvolve projetos voltados para a mitiga\u00e7\u00e3o e adapta\u00e7\u00e3o aos impactos clim\u00e1ticos. Um exemplo \u00e9 o Projeto O\u00e1sis, que busca aprimorar a gest\u00e3o energ\u00e9tica do campus Pampulha por meio [&hellip;]<\/p>\n","protected":false},"author":3,"featured_media":0,"parent":1845,"menu_order":0,"comment_status":"closed","ping_status":"closed","template":"","meta":{"_acf_changed":false,"footnotes":""},"class_list":["post-1877","page","type-page","status-publish","hentry"],"acf":[],"_links":{"self":[{"href":"https:\/\/www.ufmg.br\/sustentabilidade\/wp-json\/wp\/v2\/pages\/1877"}],"collection":[{"href":"https:\/\/www.ufmg.br\/sustentabilidade\/wp-json\/wp\/v2\/pages"}],"about":[{"href":"https:\/\/www.ufmg.br\/sustentabilidade\/wp-json\/wp\/v2\/types\/page"}],"author":[{"embeddable":true,"href":"https:\/\/www.ufmg.br\/sustentabilidade\/wp-json\/wp\/v2\/users\/3"}],"replies":[{"embeddable":true,"href":"https:\/\/www.ufmg.br\/sustentabilidade\/wp-json\/wp\/v2\/comments?post=1877"}],"version-history":[{"count":4,"href":"https:\/\/www.ufmg.br\/sustentabilidade\/wp-json\/wp\/v2\/pages\/1877\/revisions"}],"predecessor-version":[{"id":2016,"href":"https:\/\/www.ufmg.br\/sustentabilidade\/wp-json\/wp\/v2\/pages\/1877\/revisions\/2016"}],"up":[{"embeddable":true,"href":"https:\/\/www.ufmg.br\/sustentabilidade\/wp-json\/wp\/v2\/pages\/1845"}],"wp:attachment":[{"href":"https:\/\/www.ufmg.br\/sustentabilidade\/wp-json\/wp\/v2\/media?parent=1877"}],"curies":[{"name":"wp","href":"https:\/\/api.w.org\/{rel}","templated":true}]}}