{"id":1879,"date":"2025-06-13T09:55:52","date_gmt":"2025-06-13T12:55:52","guid":{"rendered":"https:\/\/www.ufmg.br\/sustentabilidade\/?page_id=1879"},"modified":"2025-06-16T09:31:03","modified_gmt":"2025-06-16T12:31:03","slug":"vida-na-agua","status":"publish","type":"page","link":"https:\/\/www.ufmg.br\/sustentabilidade\/ufmg-nos-ods\/vida-na-agua\/","title":{"rendered":"Vida na \u00e1gua"},"content":{"rendered":"\n<figure class=\"wp-block-image size-full is-resized\"><img loading=\"lazy\" decoding=\"async\" width=\"466\" height=\"466\" src=\"https:\/\/www.ufmg.br\/sustentabilidade\/wp-content\/uploads\/2025\/06\/image-13.png\" alt=\"\" class=\"wp-image-1963\" style=\"width:169px;height:auto\" srcset=\"https:\/\/www.ufmg.br\/sustentabilidade\/wp-content\/uploads\/2025\/06\/image-13.png 466w, https:\/\/www.ufmg.br\/sustentabilidade\/wp-content\/uploads\/2025\/06\/image-13-300x300.png 300w, https:\/\/www.ufmg.br\/sustentabilidade\/wp-content\/uploads\/2025\/06\/image-13-150x150.png 150w\" sizes=\"(max-width: 466px) 100vw, 466px\" \/><\/figure>\n\n\n\n<p><\/p>\n\n\n\n<p>A UFMG desenvolve os seguintes projetos alinhados ao 14\u00ba ODS:<\/p>\n\n\n\n<p><a href=\"https:\/\/www.ufmg.br\/sustentabilidade\/projetos\/edumite-educacao-mineracao-e-territorio\/\">EduMiTe (Educa\u00e7\u00e3o, Minera\u00e7\u00e3o e Territ\u00f3rio)<\/a><\/p>\n\n\n\n<p><a href=\"https:\/\/www.ufmg.br\/sustentabilidade\/projetos\/mudancas-juridicas-na-litigancia-climatica-brasileira\/\">Mudan\u00e7as jur\u00eddicas na litig\u00e2ncia clim\u00e1tica brasileira<\/a><\/p>\n\n\n\n<p><strong>Objetivo 14. Conserva\u00e7\u00e3o e uso sustent\u00e1vel dos oceanos, dos mares e dos recursos marinhos para o desenvolvimento sustent\u00e1vel<\/strong><\/p>\n\n\n\n<p><strong>14.1&nbsp;<\/strong>At\u00e9 2025, prevenir e reduzir significativamente a polui\u00e7\u00e3o marinha de todos os tipos, especialmente a advinda de atividades terrestres, incluindo detritos marinhos e a polui\u00e7\u00e3o por nutrientes<\/p>\n\n\n\n<p><strong>14.2<\/strong>&nbsp;At\u00e9 2020, gerir de forma sustent\u00e1vel e proteger os ecossistemas marinhos e costeiros para evitar impactos adversos significativos, inclusive por meio do refor\u00e7o da sua capacidade de resili\u00eancia, e tomar medidas para a sua restaura\u00e7\u00e3o, a fim de assegurar oceanos saud\u00e1veis e produtivos<\/p>\n\n\n\n<p><strong>14.3<\/strong>&nbsp;Minimizar e enfrentar os impactos da acidifica\u00e7\u00e3o dos oceanos, inclusive por meio do refor\u00e7o da coopera\u00e7\u00e3o cient\u00edfica em todos os n\u00edveis<\/p>\n\n\n\n<p><strong>14.4<\/strong>&nbsp;At\u00e9 2020, efetivamente regular a coleta, e acabar com a sobrepesca, ilegal, n\u00e3o reportada e n\u00e3o regulamentada e as pr\u00e1ticas de pesca destrutivas, e implementar planos de gest\u00e3o com base cient\u00edfica, para restaurar popula\u00e7\u00f5es de peixes no menor tempo poss\u00edvel, pelo menos a n\u00edveis que possam produzir rendimento m\u00e1ximo sustent\u00e1vel, como determinado por suas caracter\u00edsticas biol\u00f3gicas<\/p>\n\n\n\n<p><strong>14.5&nbsp;<\/strong>At\u00e9 2020, conservar pelo menos 10% das zonas costeiras e marinhas, de acordo com a legisla\u00e7\u00e3o nacional e internacional, e com base na melhor informa\u00e7\u00e3o cient\u00edfica dispon\u00edvel<\/p>\n\n\n\n<p><strong>14.6&nbsp;<\/strong>At\u00e9 2020, proibir certas formas de subs\u00eddios \u00e0 pesca, que contribuem para a sobrecapacidade e a sobrepesca, e eliminar os subs\u00eddios que contribuam para a pesca ilegal, n\u00e3o reportada e n\u00e3o regulamentada, e abster-se de introduzir novos subs\u00eddios como estes, reconhecendo que o tratamento especial e diferenciado adequado e eficaz para os pa\u00edses em desenvolvimento e os pa\u00edses menos desenvolvidos deve ser parte integrante da negocia\u00e7\u00e3o sobre subs\u00eddios \u00e0 pesca da Organiza\u00e7\u00e3o Mundial do Com\u00e9rcio<\/p>\n\n\n\n<p><strong>14.7<\/strong>&nbsp;At\u00e9 2030, aumentar os benef\u00edcios econ\u00f4micos para os pequenos Estados insulares em desenvolvimento e os pa\u00edses menos desenvolvidos, a partir do uso sustent\u00e1vel dos recursos marinhos, inclusive por meio de uma gest\u00e3o sustent\u00e1vel da pesca, aquicultura e turismo<\/p>\n\n\n\n<p><strong>14.a<\/strong>&nbsp;Aumentar o conhecimento cient\u00edfico, desenvolver capacidades de pesquisa e transferir tecnologia marinha, tendo em conta os crit\u00e9rios e orienta\u00e7\u00f5es sobre a Transfer\u00eancia de Tecnologia Marinha da Comiss\u00e3o Oceanogr\u00e1fica Intergovernamental, a fim de melhorar a sa\u00fade dos oceanos e aumentar a contribui\u00e7\u00e3o da biodiversidade marinha para o desenvolvimento dos pa\u00edses em desenvolvimento, em particular os pequenos Estados insulares em desenvolvimento e os pa\u00edses menos desenvolvidos<\/p>\n\n\n\n<p><strong>14.b&nbsp;<\/strong>Proporcionar o acesso dos pescadores artesanais de pequena escala aos recursos marinhos e mercados<\/p>\n\n\n\n<p><strong>14.c<\/strong>&nbsp;Assegurar a conserva\u00e7\u00e3o e o uso sustent\u00e1vel dos oceanos e seus recursos pela implementa\u00e7\u00e3o do direito internacional, como refletido na UNCLOS [Conven\u00e7\u00e3o das Na\u00e7\u00f5es Unidas sobre o Direito do Mar], que prov\u00ea o arcabou\u00e7o legal para a conserva\u00e7\u00e3o e utiliza\u00e7\u00e3o sustent\u00e1vel dos oceanos e dos seus recursos, conforme registrado no par\u00e1grafo 158 do \u201cFuturo Que Queremos\u201d<br><\/p>\n","protected":false},"excerpt":{"rendered":"<p>A UFMG desenvolve os seguintes projetos alinhados ao 14\u00ba ODS: EduMiTe (Educa\u00e7\u00e3o, Minera\u00e7\u00e3o e Territ\u00f3rio) Mudan\u00e7as jur\u00eddicas na litig\u00e2ncia clim\u00e1tica brasileira Objetivo 14. Conserva\u00e7\u00e3o e uso sustent\u00e1vel dos oceanos, dos mares e dos recursos marinhos para o desenvolvimento sustent\u00e1vel 14.1&nbsp;At\u00e9 2025, prevenir e reduzir significativamente a polui\u00e7\u00e3o marinha de todos os tipos, especialmente a advinda [&hellip;]<\/p>\n","protected":false},"author":3,"featured_media":0,"parent":1845,"menu_order":0,"comment_status":"closed","ping_status":"closed","template":"","meta":{"_acf_changed":false,"footnotes":""},"class_list":["post-1879","page","type-page","status-publish","hentry"],"acf":[],"_links":{"self":[{"href":"https:\/\/www.ufmg.br\/sustentabilidade\/wp-json\/wp\/v2\/pages\/1879"}],"collection":[{"href":"https:\/\/www.ufmg.br\/sustentabilidade\/wp-json\/wp\/v2\/pages"}],"about":[{"href":"https:\/\/www.ufmg.br\/sustentabilidade\/wp-json\/wp\/v2\/types\/page"}],"author":[{"embeddable":true,"href":"https:\/\/www.ufmg.br\/sustentabilidade\/wp-json\/wp\/v2\/users\/3"}],"replies":[{"embeddable":true,"href":"https:\/\/www.ufmg.br\/sustentabilidade\/wp-json\/wp\/v2\/comments?post=1879"}],"version-history":[{"count":3,"href":"https:\/\/www.ufmg.br\/sustentabilidade\/wp-json\/wp\/v2\/pages\/1879\/revisions"}],"predecessor-version":[{"id":1965,"href":"https:\/\/www.ufmg.br\/sustentabilidade\/wp-json\/wp\/v2\/pages\/1879\/revisions\/1965"}],"up":[{"embeddable":true,"href":"https:\/\/www.ufmg.br\/sustentabilidade\/wp-json\/wp\/v2\/pages\/1845"}],"wp:attachment":[{"href":"https:\/\/www.ufmg.br\/sustentabilidade\/wp-json\/wp\/v2\/media?parent=1879"}],"curies":[{"name":"wp","href":"https:\/\/api.w.org\/{rel}","templated":true}]}}