{"id":1881,"date":"2025-06-13T09:56:39","date_gmt":"2025-06-13T12:56:39","guid":{"rendered":"https:\/\/www.ufmg.br\/sustentabilidade\/?page_id=1881"},"modified":"2025-07-18T10:45:47","modified_gmt":"2025-07-18T13:45:47","slug":"vida-terrestre","status":"publish","type":"page","link":"https:\/\/www.ufmg.br\/sustentabilidade\/ufmg-nos-ods\/vida-terrestre\/","title":{"rendered":"Vida Terrestre"},"content":{"rendered":"\n<figure class=\"wp-block-image size-full is-resized\"><img loading=\"lazy\" decoding=\"async\" width=\"466\" height=\"466\" src=\"https:\/\/www.ufmg.br\/sustentabilidade\/wp-content\/uploads\/2025\/06\/image-14.png\" alt=\"\" class=\"wp-image-1966\" style=\"width:163px;height:auto\" srcset=\"https:\/\/www.ufmg.br\/sustentabilidade\/wp-content\/uploads\/2025\/06\/image-14.png 466w, https:\/\/www.ufmg.br\/sustentabilidade\/wp-content\/uploads\/2025\/06\/image-14-300x300.png 300w, https:\/\/www.ufmg.br\/sustentabilidade\/wp-content\/uploads\/2025\/06\/image-14-150x150.png 150w\" sizes=\"(max-width: 466px) 100vw, 466px\" \/><\/figure>\n\n\n\n<p><\/p>\n\n\n\n<p>A UFMG destaca-se no cumprimento do ODS 15 (Vida Terrestre) atrav\u00e9s de sua forte produ\u00e7\u00e3o acad\u00eamica e pesquisa voltada para a preserva\u00e7\u00e3o dos ecossistemas terrestres. De acordo com o SciVal, a UFMG tem uma produ\u00e7\u00e3o cient\u00edfica robusta em \u00e1reas relacionadas ao ODS 15, demonstrando seu compromisso com a sustentabilidade e a prote\u00e7\u00e3o da biodiversidade.<\/p>\n\n\n\n<p>Diversas iniciativas na \u00e1rea incluem o Projeto Monitoramento Cerrado, o Programa Esta\u00e7\u00e3o Ecol\u00f3gica, o Programa de Desenvolvimento Rural\/Urbano e Apoio a Agricultura Familiar, o Observat\u00f3rio de Turismo UFMG, o Projeto Mais verde, mais vida, a Comiss\u00e3o Permanente de Pol\u00edticas de Animais da UFMG e o Projeto \u00c1rvores do Campus Sa\u00fade UFMG.<\/p>\n\n\n\n<p>Desde 2016, a Fump compra alimentos diretamente da agricultura familiar. Essa forma de produ\u00e7\u00e3o agr\u00edcola se estende para al\u00e9m do campo trabalhista e representa a identidade de um grupo social, com suas formas de resist\u00eancia e suas tradi\u00e7\u00f5es familiares. Por isso, o esfor\u00e7o da Fump para apoiar essa comunidade marca um posicionamento institucional da pr\u00f3pria Funda\u00e7\u00e3o e da UFMG.<\/p>\n\n\n\n<p>A compra do(a) pequeno(a) agricultor(a) poupa etapas das cadeias de produ\u00e7\u00e3o como o armazenamento, a comercializa\u00e7\u00e3o com atravessadores e algumas fases do transporte, o que faz com que o alimento chegue mais r\u00e1pido e fresco aos restaurantes, al\u00e9m de possibilitar a melhoria geral da qualidade das refei\u00e7\u00f5es servidas. Com essa iniciativa, alimentos como frutas, legumes, folhosos e ovos s\u00e3o entregues diariamente nos RUs.<\/p>\n\n\n\n<p>Em 2023, a Fump tamb\u00e9m iniciou um processo de amplia\u00e7\u00e3o da compra desses alimentos por meio da articula\u00e7\u00e3o de entidades associativas, permitindo que um n\u00famero maior de produtores rurais seja alcan\u00e7ado e beneficiado. Ademais, esse novo procedimento torna poss\u00edvel assegurar que o volume de alimentos requeridos pelos RUs seja adequadamente entregue para as equipes de Belo Horizonte e Montes Claros.&nbsp;<\/p>\n\n\n\n<p>A UFMG desenvolve os seguintes projetos alinhados ao 15\u00ba ODS:<\/p>\n\n\n\n<p><a href=\"https:\/\/www.ufmg.br\/sustentabilidade\/projetos\/mudancas-juridicas-na-litigancia-climatica-brasileira\/\">Mudan\u00e7as jur\u00eddicas na litig\u00e2ncia clim\u00e1tica brasileira<\/a><\/p>\n\n\n\n<p><strong>Objetivo 15. Proteger, recuperar e promover o uso sustent\u00e1vel dos ecossistemas terrestres, gerir de forma sustent\u00e1vel as florestas, combater a desertifica\u00e7\u00e3o, deter e reverter a degrada\u00e7\u00e3o da terra e deter a perda de biodiversidade<\/strong><\/p>\n\n\n\n<p><strong>15.1<\/strong>&nbsp;At\u00e9 2020, assegurar a conserva\u00e7\u00e3o, recupera\u00e7\u00e3o e uso sustent\u00e1vel de ecossistemas terrestres e de \u00e1gua doce interiores e seus servi\u00e7os, em especial florestas, zonas \u00famidas, montanhas e terras \u00e1ridas, em conformidade com as obriga\u00e7\u00f5es decorrentes dos acordos internacionais<\/p>\n\n\n\n<p><strong>15.2&nbsp;<\/strong>At\u00e9 2020, promover a implementa\u00e7\u00e3o da gest\u00e3o sustent\u00e1vel de todos os tipos de florestas, deter o desmatamento, restaurar florestas degradadas e aumentar substancialmente o florestamento e o reflorestamento globalmente<\/p>\n\n\n\n<p><strong>15.3<\/strong>&nbsp;At\u00e9 2030, combater a desertifica\u00e7\u00e3o, restaurar a terra e o solo degradado, incluindo terrenos afetados pela desertifica\u00e7\u00e3o, secas e inunda\u00e7\u00f5es, e lutar para alcan\u00e7ar um mundo neutro em termos de degrada\u00e7\u00e3o do solo<\/p>\n\n\n\n<p><strong>15.4<\/strong>&nbsp;At\u00e9 2030, assegurar a conserva\u00e7\u00e3o dos ecossistemas de montanha, incluindo a sua biodiversidade, para melhorar a sua capacidade de proporcionar benef\u00edcios que s\u00e3o essenciais para o desenvolvimento sustent\u00e1vel<\/p>\n\n\n\n<p><strong>15.5<\/strong>&nbsp;Tomar medidas urgentes e significativas para reduzir a degrada\u00e7\u00e3o de habitat naturais, deter a perda de biodiversidade e, at\u00e9 2020, proteger e evitar a extin\u00e7\u00e3o de esp\u00e9cies amea\u00e7adas<\/p>\n\n\n\n<p><strong>15.6<\/strong>&nbsp;Garantir uma reparti\u00e7\u00e3o justa e equitativa dos benef\u00edcios derivados da utiliza\u00e7\u00e3o dos recursos gen\u00e9ticos e promover o acesso adequado aos recursos gen\u00e9ticos<\/p>\n\n\n\n<p><strong>15.7<\/strong>&nbsp;Tomar medidas urgentes para acabar com a ca\u00e7a ilegal e o tr\u00e1fico de esp\u00e9cies da flora e fauna protegidas e abordar tanto a demanda quanto a oferta de produtos ilegais da vida selvagem<\/p>\n\n\n\n<p><strong>15.8&nbsp;<\/strong>At\u00e9 2020, implementar medidas para evitar a introdu\u00e7\u00e3o e reduzir significativamente o impacto de esp\u00e9cies ex\u00f3ticas invasoras em ecossistemas terrestres e aqu\u00e1ticos, e controlar ou erradicar as esp\u00e9cies priorit\u00e1rias<\/p>\n\n\n\n<p><strong>15.9<\/strong>&nbsp;At\u00e9 2020, integrar os valores dos ecossistemas e da biodiversidade ao planejamento nacional e local, nos processos de desenvolvimento, nas estrat\u00e9gias de redu\u00e7\u00e3o da pobreza e nos sistemas de contas<\/p>\n\n\n\n<p><strong>15.a<\/strong>&nbsp;Mobilizar e aumentar significativamente, a partir de todas as fontes, os recursos financeiros para a conserva\u00e7\u00e3o e o uso sustent\u00e1vel da biodiversidade e dos ecossistemas<\/p>\n\n\n\n<p><strong>15.b<\/strong>&nbsp;Mobilizar recursos significativos de todas as fontes e em todos os n\u00edveis para financiar o manejo florestal sustent\u00e1vel e proporcionar incentivos adequados aos pa\u00edses em desenvolvimento para promover o manejo florestal sustent\u00e1vel, inclusive para a conserva\u00e7\u00e3o e o reflorestamento<\/p>\n\n\n\n<p><strong>15.c<\/strong>&nbsp;Refor\u00e7ar o apoio global para os esfor\u00e7os de combate \u00e0 ca\u00e7a ilegal e ao tr\u00e1fico de esp\u00e9cies protegidas, inclusive por meio do aumento da capacidade das comunidades locais para buscar oportunidades de subsist\u00eancia sustent\u00e1vel<\/p>\n","protected":false},"excerpt":{"rendered":"<p>A UFMG destaca-se no cumprimento do ODS 15 (Vida Terrestre) atrav\u00e9s de sua forte produ\u00e7\u00e3o acad\u00eamica e pesquisa voltada para a preserva\u00e7\u00e3o dos ecossistemas terrestres. De acordo com o SciVal, a UFMG tem uma produ\u00e7\u00e3o cient\u00edfica robusta em \u00e1reas relacionadas ao ODS 15, demonstrando seu compromisso com a sustentabilidade e a prote\u00e7\u00e3o da biodiversidade. Diversas [&hellip;]<\/p>\n","protected":false},"author":3,"featured_media":0,"parent":1845,"menu_order":0,"comment_status":"closed","ping_status":"closed","template":"","meta":{"_acf_changed":false,"footnotes":""},"class_list":["post-1881","page","type-page","status-publish","hentry"],"acf":[],"_links":{"self":[{"href":"https:\/\/www.ufmg.br\/sustentabilidade\/wp-json\/wp\/v2\/pages\/1881"}],"collection":[{"href":"https:\/\/www.ufmg.br\/sustentabilidade\/wp-json\/wp\/v2\/pages"}],"about":[{"href":"https:\/\/www.ufmg.br\/sustentabilidade\/wp-json\/wp\/v2\/types\/page"}],"author":[{"embeddable":true,"href":"https:\/\/www.ufmg.br\/sustentabilidade\/wp-json\/wp\/v2\/users\/3"}],"replies":[{"embeddable":true,"href":"https:\/\/www.ufmg.br\/sustentabilidade\/wp-json\/wp\/v2\/comments?post=1881"}],"version-history":[{"count":3,"href":"https:\/\/www.ufmg.br\/sustentabilidade\/wp-json\/wp\/v2\/pages\/1881\/revisions"}],"predecessor-version":[{"id":2017,"href":"https:\/\/www.ufmg.br\/sustentabilidade\/wp-json\/wp\/v2\/pages\/1881\/revisions\/2017"}],"up":[{"embeddable":true,"href":"https:\/\/www.ufmg.br\/sustentabilidade\/wp-json\/wp\/v2\/pages\/1845"}],"wp:attachment":[{"href":"https:\/\/www.ufmg.br\/sustentabilidade\/wp-json\/wp\/v2\/media?parent=1881"}],"curies":[{"name":"wp","href":"https:\/\/api.w.org\/{rel}","templated":true}]}}