{"id":2090,"date":"2025-10-02T09:19:22","date_gmt":"2025-10-02T12:19:22","guid":{"rendered":"https:\/\/www.ufmg.br\/sustentabilidade\/?page_id=2090"},"modified":"2025-10-02T09:19:22","modified_gmt":"2025-10-02T12:19:22","slug":"producoes-cedecom","status":"publish","type":"page","link":"https:\/\/www.ufmg.br\/sustentabilidade\/politica-animal\/producoes-cedecom\/","title":{"rendered":"Produ\u00e7\u00f5es Cedecom"},"content":{"rendered":"\n<p class=\"has-medium-font-size\"><strong>Produ\u00e7\u00f5es da R\u00e1dio UFMG<\/strong><\/p>\n\n\n\n<figure class=\"wp-block-audio\"><audio controls src=\"https:\/\/www.ufmg.br\/sustentabilidade\/wp-content\/uploads\/2025\/10\/SPOT-Abandono-Comissao-dos-Animais-UFMG-Sustentavel.mp3\"><\/audio><\/figure>\n\n\n\n<figure class=\"wp-block-audio\"><audio controls src=\"https:\/\/www.ufmg.br\/sustentabilidade\/wp-content\/uploads\/2025\/10\/Spot-Maus-Tratos-Comissao-dos-Animais-UFMG-Sustentavel.mp3\"><\/audio><\/figure>\n\n\n\n<figure class=\"wp-block-audio\"><audio controls src=\"https:\/\/www.ufmg.br\/sustentabilidade\/wp-content\/uploads\/2025\/10\/Spot-Nao-Alimente-Comissao-dos-Animais-UFMG-Sustentavel.mp3\"><\/audio><\/figure>\n\n\n\n<p><\/p>\n\n\n\n<p class=\"has-medium-font-size\"><strong>Produ\u00e7\u00f5es das Redes UFMG<\/strong><\/p>\n\n\n\n<figure class=\"wp-block-embed is-type-video is-provider-youtube wp-block-embed-youtube wp-embed-aspect-9-16 wp-has-aspect-ratio\"><div class=\"wp-block-embed__wrapper\">\n<iframe loading=\"lazy\" title=\"Abandono | Animais nos Campi | UFMG Sustent\u00e1vel\" width=\"422\" height=\"750\" src=\"https:\/\/www.youtube.com\/embed\/_fvRnJ9QWNM?feature=oembed\" frameborder=\"0\" allow=\"accelerometer; autoplay; clipboard-write; encrypted-media; gyroscope; picture-in-picture; web-share\" referrerpolicy=\"strict-origin-when-cross-origin\" allowfullscreen><\/iframe>\n<\/div><\/figure>\n\n\n\n<figure class=\"wp-block-embed is-type-video is-provider-youtube wp-block-embed-youtube wp-embed-aspect-9-16 wp-has-aspect-ratio\"><div class=\"wp-block-embed__wrapper\">\n<iframe loading=\"lazy\" title=\"Maus Tratos | Animais nos Campi | UFMG Sustent\u00e1vel\" width=\"422\" height=\"750\" src=\"https:\/\/www.youtube.com\/embed\/iRmR8SJhsDU?feature=oembed\" frameborder=\"0\" allow=\"accelerometer; autoplay; clipboard-write; encrypted-media; gyroscope; picture-in-picture; web-share\" referrerpolicy=\"strict-origin-when-cross-origin\" allowfullscreen><\/iframe>\n<\/div><\/figure>\n\n\n\n<figure class=\"wp-block-embed is-type-video is-provider-youtube wp-block-embed-youtube wp-embed-aspect-9-16 wp-has-aspect-ratio\"><div class=\"wp-block-embed__wrapper\">\n<iframe loading=\"lazy\" title=\"N\u00e3o Alimente | Animais nos Campi | UFMG Sustent\u00e1vel\" width=\"422\" height=\"750\" src=\"https:\/\/www.youtube.com\/embed\/XH6zPaCwbMo?feature=oembed\" frameborder=\"0\" allow=\"accelerometer; autoplay; clipboard-write; encrypted-media; gyroscope; picture-in-picture; web-share\" referrerpolicy=\"strict-origin-when-cross-origin\" allowfullscreen><\/iframe>\n<\/div><\/figure>\n","protected":false},"excerpt":{"rendered":"<p>Produ\u00e7\u00f5es da R\u00e1dio UFMG Produ\u00e7\u00f5es das Redes UFMG<\/p>\n","protected":false},"author":3,"featured_media":0,"parent":2077,"menu_order":0,"comment_status":"closed","ping_status":"closed","template":"","meta":{"_acf_changed":false,"footnotes":""},"class_list":["post-2090","page","type-page","status-publish","hentry"],"acf":[],"_links":{"self":[{"href":"https:\/\/www.ufmg.br\/sustentabilidade\/wp-json\/wp\/v2\/pages\/2090"}],"collection":[{"href":"https:\/\/www.ufmg.br\/sustentabilidade\/wp-json\/wp\/v2\/pages"}],"about":[{"href":"https:\/\/www.ufmg.br\/sustentabilidade\/wp-json\/wp\/v2\/types\/page"}],"author":[{"embeddable":true,"href":"https:\/\/www.ufmg.br\/sustentabilidade\/wp-json\/wp\/v2\/users\/3"}],"replies":[{"embeddable":true,"href":"https:\/\/www.ufmg.br\/sustentabilidade\/wp-json\/wp\/v2\/comments?post=2090"}],"version-history":[{"count":5,"href":"https:\/\/www.ufmg.br\/sustentabilidade\/wp-json\/wp\/v2\/pages\/2090\/revisions"}],"predecessor-version":[{"id":2098,"href":"https:\/\/www.ufmg.br\/sustentabilidade\/wp-json\/wp\/v2\/pages\/2090\/revisions\/2098"}],"up":[{"embeddable":true,"href":"https:\/\/www.ufmg.br\/sustentabilidade\/wp-json\/wp\/v2\/pages\/2077"}],"wp:attachment":[{"href":"https:\/\/www.ufmg.br\/sustentabilidade\/wp-json\/wp\/v2\/media?parent=2090"}],"curies":[{"name":"wp","href":"https:\/\/api.w.org\/{rel}","templated":true}]}}